{"id":1208,"date":"2025-11-18T00:01:48","date_gmt":"2025-11-17T23:01:48","guid":{"rendered":"https:\/\/www.elflirt.de\/magazin\/?page_id=1208"},"modified":"2025-11-21T09:23:22","modified_gmt":"2025-11-21T08:23:22","slug":"datingcoach-philipp-stieler","status":"publish","type":"page","link":"https:\/\/www.elflirt.de\/magazin\/datingcoach-philipp-stieler\/","title":{"rendered":"Datingcoach Philipp Stieler &#8211; der f\u00fchrende Experte f\u00fcr Online Dating in Deutschland"},"content":{"rendered":"<p><img loading=\"lazy\" decoding=\"async\" class=\"alignnone\" src=\"https:\/\/philippstieler.de\/wp-content\/uploads\/2024\/04\/IMG_5971-3.jpg\" alt=\"Philipp Stieler\" width=\"311\" height=\"467\" \/><\/p>\n<h2>\u00dcber Philipp Stieler<\/h2>\n<p data-start=\"99\" data-end=\"405\">Seit \u00fcber zehn Jahren unterst\u00fctzt Philipp Stieler M\u00e4nner dabei, online Frauen kennenzulernen. \u00dcber 2.000 M\u00e4nner haben mit seiner Hilfe gelernt, wie sie online erfolgreiche Kontakte aufbauen, Dates vereinbaren und langfristige Beziehungen entwickeln. Auch die S\u00fcddeutsche Zeitung hat bereits \u00fcber seine Arbeit berichtet.<\/p>\n<p data-start=\"407\" data-end=\"695\">Sein Weg begann nach einer pr\u00e4genden Trennung vor rund zehn Jahren, die ihn dazu motivierte, sich intensiv mit effektivem Online-Dating zu besch\u00e4ftigen. Dabei entwickelte er Strategien, wie man bequem von zu Hause aus passende Frauen trifft \u2013 ohne den Stress klassischer Flirtsituationen.<\/p>\n<p data-start=\"697\" data-end=\"944\">Heute zeigt er M\u00e4nnern, wie sie auf Plattformen wie Tinder, elFlirt.de, Bumble oder Hinge authentisch auftreten und Frauen kennenlernen, die wirklich zu ihnen passen \u2013 unabh\u00e4ngig davon, ob sie eine feste Beziehung oder mehr Abwechslung im Dating-Leben suchen.<\/p>\n<h2 data-start=\"697\" data-end=\"944\">Am Anfang &#8230;..<\/h2>\n<div data-subtree=\"aimfl,mfl\">&#8222;Am Anfang war die Liebe&#8220; kann sich auf ein Buch, ein Lied oder einen Film beziehen. Leider ist es nicht so einfach im Leben.<\/div>\n<div data-subtree=\"aimfl,mfl\">\n<p data-start=\"180\" data-end=\"299\">Philipp Stieler bringt das wieder zur\u00fcck. Der zeigt M\u00e4nnern, wie sie Matches in echte, erfolgreiche Dates verwandeln und dabei eine nat\u00fcrliche Anziehung aufbauen. Manche kennen die Situation: Das Date findet statt, doch die Verbindung bleibt oberfl\u00e4chlich, der Funke springt nicht \u00fcber und am Ende geht man alleine nach Hause. Ohne die richtige Mischung aus Leichtigkeit, Humor und Tiefe entsteht keine Atmosph\u00e4re, die N\u00e4he und Anziehung f\u00f6rdert.<\/p>\n<p data-start=\"180\" data-end=\"299\">Viele M\u00e4nner wissen auch nicht, wie sie Dating-Apps wirklich effektiv nutzen und mit einem Top-1%-Profil regelm\u00e4\u00dfig hochwertige Matches erzielen. Sie wissen nicht, wie Algorithmen arbeiten und wie sie ihr Profil so optimieren, dass sie deutlich mehr Sichtbarkeit und Matches mit attraktiven Frauen erhalten. H\u00e4ufig beginnen Chats mit austauschbaren oder langweiligen Openern, die kein echtes Interesse wecken. Dadurch endet das Gespr\u00e4ch oft, bevor es \u00fcberhaupt begonnen hat. Viele M\u00e4nner schreiben belanglosen Smalltalk, ohne Emotionen, Pers\u00f6nlichkeit oder klare F\u00fchrung ins Gespr\u00e4ch zu bringen. Dadurch entsteht keine Verbindung, das Interesse der Frau sinkt \u2013 und der Chat verl\u00e4uft im Sande.<\/p>\n<p data-start=\"180\" data-end=\"299\">Online-Dating ist erlernbar. Das Online-Dating Blueprint ist die beste L\u00f6sung f\u00fcr Dating, weil es alle Bereiche abdeckt. Man lernt ein System, das ihm jederzeit auf Knopfdruck neue Dates garantiert und das schon bei tausenden M\u00e4nnern Ergebnisse geliefert hat. Es wurde speziell f\u00fcr M\u00e4nner entwickelt, die selbstbewusst, authentisch und effizient Frauen online f\u00fcr Dates und Beziehungen finden wollen.<\/p>\n<div class=\"elementor-element elementor-element-4e8c9a2 elementor-widget elementor-widget-text-editor\" data-id=\"4e8c9a2\" data-element_type=\"widget\" data-widget_type=\"text-editor.default\">\n<div class=\"elementor-widget-container\">\n<p>In diesem Kurs lernt man die Strategie der Top-10%-M\u00e4nner kennen, die auf Dating-Apps erfolgreich sind. Dazu kommt auch:<\/p>\n<p><strong>Wie Dating-Apps wirklich funktionieren<\/strong> und man den Algorithmus dazu bringt, sein Profil <strong>Top-Frauen zu pr\u00e4sentieren und seine Match-Qualit\u00e4t zu explodieren.<\/strong><\/p>\n<p><strong>Wie man ein attraktives Profil erstellt<\/strong> (Fotos &amp; Texte), das ihm auf Knopfdruck neue Matches mit Frauen liefert, die ihm interessieren.<\/p>\n<p><strong>Wie man jeden Chat spielend leicht in ein echtes Date verwandelt<\/strong> \u2013 mit dem praxiserprobten System, das in nur wenigen Nachrichten zum Date f\u00fchrt.<\/p>\n<p>Damit man maximalen Nutzen aus dem Kurs zieht, gibt es obendrauf noch wertvolle Boni \u2013 komplett gratis als Teil des Pakets:<\/p>\n<p>&#8211; <span class=\"elementor-icon-list-text\">Bonus 1: Die perfekten Fotos f\u00fcr maximale Matches als Video (Wert: 150\u20ac) <\/span><\/p>\n<p>&#8211; <span class=\"elementor-icon-list-text\">Bonus 2: Dating-App Mastery als Video (Wert: 100\u20ac) <\/span><\/p>\n<p>&#8211; <span class=\"elementor-icon-list-text\">Bonus 3: Zwei ausf\u00fchrliche Chat-Analysen als Video (Wert: 300\u20ac)<\/span><\/p>\n<p>&#8211; <span class=\"elementor-icon-list-text\">Bonus 4: Textgame-Chat-Blueprint (Wert: 150\u20ac)<\/span><\/p>\n<p>&#8211; <span class=\"elementor-icon-list-text\">Bonus 5: Zugang zum KI-Profiltext Maker Beta ( (Wert: 100\u20ac) <\/span><\/p>\n<p>&#8211; <span class=\"elementor-icon-list-text\">Bonus 6: Zugang zur geheimen Mitglieder-WhatsApp-Gruppe (Wert: 200\u20ac)<\/span><\/p>\n<p><a href=\"https:\/\/www.elflirt.de\/magazin\/wp-content\/uploads\/Cream-Bold-Free-Download-Tablet-Mockup-Instagram-Post-Instagram-Reel-Cover-2-e1749478594281.compr_.png\"><img loading=\"lazy\" decoding=\"async\" class=\"aligncenter size-full wp-image-1212\" src=\"https:\/\/www.elflirt.de\/magazin\/wp-content\/uploads\/Cream-Bold-Free-Download-Tablet-Mockup-Instagram-Post-Instagram-Reel-Cover-2-e1749478594281.compr_.png\" alt=\"\" width=\"1080\" height=\"784\" srcset=\"https:\/\/www.elflirt.de\/magazin\/wp-content\/uploads\/Cream-Bold-Free-Download-Tablet-Mockup-Instagram-Post-Instagram-Reel-Cover-2-e1749478594281.compr_.png 1080w, https:\/\/www.elflirt.de\/magazin\/wp-content\/uploads\/Cream-Bold-Free-Download-Tablet-Mockup-Instagram-Post-Instagram-Reel-Cover-2-e1749478594281.compr_-300x218.png 300w, https:\/\/www.elflirt.de\/magazin\/wp-content\/uploads\/Cream-Bold-Free-Download-Tablet-Mockup-Instagram-Post-Instagram-Reel-Cover-2-e1749478594281.compr_-1024x743.png 1024w, https:\/\/www.elflirt.de\/magazin\/wp-content\/uploads\/Cream-Bold-Free-Download-Tablet-Mockup-Instagram-Post-Instagram-Reel-Cover-2-e1749478594281.compr_-768x558.png 768w\" sizes=\"auto, (max-width: 1080px) 100vw, 1080px\" \/><\/a><\/p>\n<h3>Online-Dating-Coach aus der <a href=\"https:\/\/www.sueddeutsche.de\/projekte\/artikel\/jetzt\/online-dating-tinder-ghostwriting-industrie-e526877\/?reduced=true\" target=\"_blank\" rel=\"noopener\">Presse<\/a> und als Autor bekannt<\/h3>\n<p data-start=\"183\" data-end=\"427\">Philipp ist als Online-Dating-Coach bekannt und wurde bereits in der <a href=\"https:\/\/www.sueddeutsche.de\/projekte\/artikel\/jetzt\/online-dating-tinder-ghostwriting-industrie-e526877\/?reduced=true\">S\u00fcddeutschen Zeitung<\/a> sowie in weiteren Medien zitiert. Zudem verfasst er Beitr\u00e4ge und Expertenratgeber zu Themen wie Tinder, Profiloptimierung und erfolgreichem Online-Dating.<\/p>\n<p data-start=\"429\" data-end=\"520\">Mehr Informationen \u00fcber seine Arbeit finden sich auf seiner Website: <a href=\"https:\/\/philippstieler.de\"><strong data-start=\"498\" data-end=\"519\">philippstieler.de<\/strong><\/a>.<\/p>\n<h3>Profile und Kontakte:<\/h3>\n<\/div>\n<\/div>\n<\/div>\n<ul>\n<li>Instagram: <a href=\"https:\/\/www.instagram.com\/philipp.stieler\/\">https:\/\/www.instagram.com\/philipp.stieler\/<\/a><\/li>\n<li>YouTube: <a href=\"https:\/\/www.youtube.com\/@philippstieler\">https:\/\/www.youtube.com\/@philippstieler<\/a><\/li>\n<\/ul>\n<p>&nbsp;<\/p>\n<p data-start=\"697\" data-end=\"944\">\n","protected":false},"excerpt":{"rendered":"<p>\u00dcber Philipp Stieler Seit \u00fcber zehn Jahren unterst\u00fctzt Philipp Stieler M\u00e4nner dabei, online Frauen kennenzulernen. \u00dcber 2.000 M\u00e4nner haben mit<\/p>\n","protected":false},"author":1,"featured_media":0,"parent":0,"menu_order":0,"comment_status":"closed","ping_status":"closed","template":"","meta":{"footnotes":""},"class_list":["post-1208","page","type-page","status-publish","hentry","comments-off"],"aioseo_notices":[],"_links":{"self":[{"href":"https:\/\/www.elflirt.de\/magazin\/wp-json\/wp\/v2\/pages\/1208","targetHints":{"allow":["GET"]}}],"collection":[{"href":"https:\/\/www.elflirt.de\/magazin\/wp-json\/wp\/v2\/pages"}],"about":[{"href":"https:\/\/www.elflirt.de\/magazin\/wp-json\/wp\/v2\/types\/page"}],"author":[{"embeddable":true,"href":"https:\/\/www.elflirt.de\/magazin\/wp-json\/wp\/v2\/users\/1"}],"replies":[{"embeddable":true,"href":"https:\/\/www.elflirt.de\/magazin\/wp-json\/wp\/v2\/comments?post=1208"}],"version-history":[{"count":7,"href":"https:\/\/www.elflirt.de\/magazin\/wp-json\/wp\/v2\/pages\/1208\/revisions"}],"predecessor-version":[{"id":1221,"href":"https:\/\/www.elflirt.de\/magazin\/wp-json\/wp\/v2\/pages\/1208\/revisions\/1221"}],"wp:attachment":[{"href":"https:\/\/www.elflirt.de\/magazin\/wp-json\/wp\/v2\/media?parent=1208"}],"curies":[{"name":"wp","href":"https:\/\/api.w.org\/{rel}","templated":true}]}}