{"id":302,"date":"2019-05-01T00:42:07","date_gmt":"2019-04-30T22:42:07","guid":{"rendered":"https:\/\/www.elflirt.de\/magazin\/?page_id=302"},"modified":"2019-05-05T08:52:00","modified_gmt":"2019-05-05T06:52:00","slug":"sterilisation-mann-vasektomie","status":"publish","type":"page","link":"https:\/\/www.elflirt.de\/magazin\/sterilisation-mann-vasektomie\/","title":{"rendered":"Die Sterilisation bei einem Mann (Vasektomie)"},"content":{"rendered":"<p>Damit Dating, Seitenspr\u00fcnge und eine sp\u00e4te Liebe keine unerw\u00fcnschten Folgen haben, wenn die Familienplanung bereits abgeschlossen ist, k\u00f6nnen M\u00e4nner sich einer Vasektomie unterziehen. Der operationstechnisch an sich nicht schwerwiegende Eingriff sollte aber wohl\u00fcberlegt vorgenommen werden. <!--more--><\/p>\n<h3>Der operative Eingriff<\/h3>\n<figure id=\"attachment_315\" aria-describedby=\"caption-attachment-315\" style=\"width: 300px\" class=\"wp-caption alignnone\"><a href=\"https:\/\/www.elflirt.de\/magazin\/wp-content\/uploads\/Vasketomie.jpg\"><img loading=\"lazy\" decoding=\"async\" class=\"size-medium wp-image-315\" src=\"https:\/\/www.elflirt.de\/magazin\/wp-content\/uploads\/Vasketomie-300x300.jpg\" alt=\"Verh\u00fctung durch Vasektomie\" width=\"300\" height=\"300\" \/><\/a><figcaption id=\"caption-attachment-315\" class=\"wp-caption-text\">Operativer Eingriff durch Vasektomie<\/figcaption><\/figure>\n<p>Dieser Eingriff beinhaltet n\u00e4mlich die operative Durchtrennung beider Samenleiter, und das anschlie\u00dfende Abklemmen oder Verschwei\u00dfen der durchtrennten Stellen. Das unterbindet den Samenaussto\u00df bei der Ejakulation.<\/p>\n<p>Wahlweise kann die <em><strong>Vasektomie<\/strong> <\/em>des Mannes ambulant oder unter Vollnarkose erfolgen. Um das gew\u00fcnschte Ergebnis zu erzielen, k\u00f6nnen Methoden mit oder ohne Skalpell angewendet werden. Die Methode ohne Skalpell ist wegen einer geringeren postoperativen Komplikationsrate die empfehlenswertere. Die Dauer des Eingriffs ist etwa eine halbe Stunde. Bei der Skalpell-gest\u00fctzten OP-Methode ist sicherer gestellt, dass es nicht zu einem erneuten Zusammenwachsen der durchtrennten Samenleiter kommen kann.<\/p>\n<p>Die sogenannte Rekanalisierung passiert bei der minimal-invasiven OP-Methode ohne Skalpell, sowie bei der Skalpell-gest\u00fctzten Methode zwar vergleichsweise selten \u2013 aber sie kann trotz erfolgreicher Trennung der Samenleiter, und trotz der Entfernung eines St\u00fcckes daraus bei der Skalpell-gest\u00fctzten OP-Methode, eine unerw\u00fcnschte Schwangerschaft nach sich ziehen. Zu hundert Prozent auszuschlie\u00dfen ist die Rekanalisiertung bei beiden Methoden also nicht. Die Chance auf ein erneutes Zusammenwachsen der durchtrennten Samenleiter ist jedoch sehr klein.<\/p>\n<h3>Vasektomie \u2013 die Verh\u00fctung auf die sicherste Art<\/h3>\n<p>Was die Sicherheit anbelangt, stellt die Vasektomie bisher die sicherste Verh\u00fctungsmethode f\u00fcr den Mann dar. Nach einigen Tagen der Schonung und des Verzichts auf sexuelle Aktivit\u00e4ten kann es wieder zur Sache gehen. Sportliche Bet\u00e4tigungen sollten f\u00fcr mindestens 14 Tage unterbleiben. Die meist gestellte Frage nach der Ejakulat-Qualit\u00e4t, der Ejakulat-Menge oder der postoperativen Hormonproduktion kann positiv beantwortet werden: Diese Dinge \u00e4ndern sich nicht sp\u00fcrbar. Es kann aber &#8211; und das ist der Knackpunkt &#8211; noch mehrere Monate dauern, bis das Ejakulat hundertprozentig spermienfrei ist.<\/p>\n<p>Auch nach dem Eingriff finden sich noch zahlreiche Spermien in den oberen Samenleitern. Erst nach etwa 20 postoperativen Samenerg\u00fcssen sind alle Spermien ausgeschieden, und eine Verh\u00fctung kann dauerhaft unterbleiben. Es empfiehlt sich, die Samenfl\u00fcssigkeit postoperativ mehrfach untersuchen zu lassen, um ganz sicher zu gehen. Manchmal wachsen ohne Skalpell durchtrennte Samenleiter wieder zusammen. Das nennt man Rekanalisierung. Daher werden bei der Skalpell-gest\u00fctzten OP einige Zentimeter der Samenleiter entfernt. In diesem Fall w\u00e4re eine Rekanalisierung prinzipiell nicht mehr m\u00f6glich. Dass sie hin und wieder, und entgegen aller Wahrscheinlichkeit doch passiert, soll nicht unerw\u00e4hnt bleiben.<\/p>\n<h3>Welche Vorteile bietet die Vasektomie?<\/h3>\n<p>Fachgerecht durchgef\u00fchrt, ist eine Sterilisation die <a href=\"https:\/\/www.elflirt.de\/magazin\/sichere-verhuetungsmethoden\/\">sicherste Verh\u00fctungsmethode<\/a> \u00fcberhaupt. Nur in seltenen F\u00e4llen kommt es postoperativ durch eine Rekanalisierung zu einer unerw\u00fcnschten Schwangerschaft. Die fehlende Spermienmenge beeintr\u00e4chtigt die Menge des Ejakulats kaum. Alle gewohnten Funktionen des Penis bleiben erhalten. Beim Mann ist dieser Eingriff zudem relativ leicht zu bewerkstelligen. Zu Komplikationen kommt es nur selten. Wichtig ist ein erfahrener Operateur, der mindesten 50 Vasektomien pro Jahr durchf\u00fchrt. Die OP-Risiken f\u00fcr eine Sterilisierung der Frau sind wesentlich gr\u00f6\u00dfer. Zu rechnen ist bei einer Vasektomie in seltenen F\u00e4llen mit Bluterg\u00fcssen, Druckschmerzen, Wundentz\u00fcndungen oder Entz\u00fcndungen an den Nebenhoden. Solche Probleme treten allerdings nur bei etwa einem Prozent der operierten M\u00e4nner auf.<\/p>\n<h3>Welche Nachteile entstehen m\u00f6glicherweise?<\/h3>\n<p>Knotenartige Gewebeeinschl\u00fcsse, sogenannte Sperma-Granulome, k\u00f6nnen sich Monate oder Jahre nach diesem Eingriff zeigen. Sie weisen darauf hin, dass weiterhin Spermien produziert, aber nicht mehr ausgesto\u00dfen werden k\u00f6nnen. Normalerweise werden sie abgebaut. In manchen F\u00e4llen beg\u00fcnstigen sie aber das erneute Zusammenwachsen der durchtrennten Samenleiter. Die Vasektomie f\u00fchrt bei einigen M\u00e4nnern zu seelischen Problemen, weil sie keine Kinder mehr zeugen k\u00f6nnen. Zu den Sp\u00e4tfolgen des Eingriffs k\u00f6nnen aber auch chronische Hodenschmerzen z\u00e4hlen. Warum manchmal das sogenannte &#8222;Post-Vasektomie-Schmerzsyndrom&#8220; auftritt, ist noch nicht hinreichend gekl\u00e4rt. M\u00f6glicherweise fehlt es in den Hoden an Druckausgleich, oder es wurden Nerven besch\u00e4digt.<\/p>\n<p>Wichtig ist, dass sterilisationswillige M\u00e4nner ihrem Arzt vor der OP mitteilen, ob sie bereits fr\u00fcher eine Leisten-OP hatten, ob sie Probleme an der Lendenwirbels\u00e4ule hatten, oder ob sie manchmal ein Ziehen im Hodenbereich sp\u00fcren. Der Operateur sollte auch erfahren, ob jemand an chronischen Schmerzen leidet. Die Vasektomie sollte wohl\u00fcberlegt durchgef\u00fchrt werden. Zwar ist es technisch machbar, die OP-Ergebnisse zu revidieren, aber der Eingriff zur Refertilisierung ist kompliziert. Er dauert zwei Stunden, erfordert eine Vollnarkose, und muss selbst finanziert werden. Ob anschlie\u00dfend tats\u00e4chlich eine erneute Fruchtbarkeit gegeben ist, ist nicht sicher. Einen Kinderwunsch sollten M\u00e4nner also schon vor der <strong>Vasektomie<\/strong> bedenken.<\/p>\n<h3>Wann ist eine Vasektomie eine gute Wahl?<\/h3>\n<p>Allzu fr\u00fch im Leben sollte die Vasektomie nicht erwogen werden. Unmittelbar nach Scheidungen, ungewollten Vaterschaften oder Schwangerschaftsabbr\u00fcchen sollte diese Entscheidung nicht getroffen werden. \u00dcbereilte OP-Entscheidungen werden sp\u00e4ter oft bereut. Wer sichergehen m\u00f6chte, dass er trotz einer Vasektomie gegebenenfalls doch noch Kinder zeugen k\u00f6nnte, l\u00e4sst mehrere Spermienproben per Kryo-Konservierung einfrieren. Das kostet Geld. Es ist an sich nur f\u00fcr M\u00e4nner gedacht, die als m\u00e4nnliche Krebspatienten vor Chemotherapien oder Strahlenbehandlungen stehen. Wenn gesunde M\u00e4nner eine Kryo-Konservierung w\u00e4hlen, scheint ihre Entscheidung zur Vasektomie nicht gut genug begr\u00fcndet und durchdacht zu sein.<\/p>\n<p>Die &#8222;Deutsche Gesellschaft f\u00fcr Urologie&#8220; (DGU) r\u00e4t von einer Vasektomie ab, wenn ein Mann nicht fest gebunden ist, wenn er unter drei\u00dfig Jahre alt ist, wenn er noch keine Nachkommen gezeugt hat, wenn er eine schwere Allgemeinerkrankung hat, oder wenn er wegen chronischer Schmerzen im Hodenbereich in Behandlung ist. Seelenkrisen sind ebenfalls der falsche Zeitpunkt, eine Vasektomie vornehmen zu lassen.<\/p>\n<h3>Kosten einer Sterilisation \/ Vasektomie<\/h3>\n<p>Neben privaten Gr\u00fcnden k\u00f6nnen auch medizinische Notwendigkeiten vorliegen. Nur in diesem Fall \u00fcbernimmt die Krankenkasse die <strong>OP-Kosten von ca. 500 Euro<\/strong>. Die Kontrolluntersuchungen sind in diesem Preis nicht immer enthalten. Da mehrere solcher Nachkontrollen unbedingt erforderlich sind, sollte vorab erfragt werden, wie hoch die Gesamtkosten des Eingriffs samt aller Nachkontrollen sind.<\/p>\n","protected":false},"excerpt":{"rendered":"<p>Damit Dating, Seitenspr\u00fcnge und eine sp\u00e4te Liebe keine unerw\u00fcnschten Folgen haben, wenn die Familienplanung bereits abgeschlossen ist, k\u00f6nnen M\u00e4nner sich<\/p>\n","protected":false},"author":1,"featured_media":314,"parent":0,"menu_order":0,"comment_status":"closed","ping_status":"closed","template":"","meta":{"footnotes":""},"class_list":["post-302","page","type-page","status-publish","has-post-thumbnail","hentry","comments-off"],"aioseo_notices":[],"_links":{"self":[{"href":"https:\/\/www.elflirt.de\/magazin\/wp-json\/wp\/v2\/pages\/302","targetHints":{"allow":["GET"]}}],"collection":[{"href":"https:\/\/www.elflirt.de\/magazin\/wp-json\/wp\/v2\/pages"}],"about":[{"href":"https:\/\/www.elflirt.de\/magazin\/wp-json\/wp\/v2\/types\/page"}],"author":[{"embeddable":true,"href":"https:\/\/www.elflirt.de\/magazin\/wp-json\/wp\/v2\/users\/1"}],"replies":[{"embeddable":true,"href":"https:\/\/www.elflirt.de\/magazin\/wp-json\/wp\/v2\/comments?post=302"}],"version-history":[{"count":5,"href":"https:\/\/www.elflirt.de\/magazin\/wp-json\/wp\/v2\/pages\/302\/revisions"}],"predecessor-version":[{"id":317,"href":"https:\/\/www.elflirt.de\/magazin\/wp-json\/wp\/v2\/pages\/302\/revisions\/317"}],"wp:featuredmedia":[{"embeddable":true,"href":"https:\/\/www.elflirt.de\/magazin\/wp-json\/wp\/v2\/media\/314"}],"wp:attachment":[{"href":"https:\/\/www.elflirt.de\/magazin\/wp-json\/wp\/v2\/media?parent=302"}],"curies":[{"name":"wp","href":"https:\/\/api.w.org\/{rel}","templated":true}]}}