{"id":308,"date":"2019-05-02T09:40:50","date_gmt":"2019-05-02T07:40:50","guid":{"rendered":"https:\/\/www.elflirt.de\/magazin\/?page_id=308"},"modified":"2020-05-13T21:22:54","modified_gmt":"2020-05-13T19:22:54","slug":"sterilisation-frau","status":"publish","type":"page","link":"https:\/\/www.elflirt.de\/magazin\/sterilisation-frau\/","title":{"rendered":"Sterilisation bei einer Frau"},"content":{"rendered":"<p>Bei der <strong>Sterilisation einer Frau<\/strong> werden beide Eileiter entweder auf eine bestimmte Art verschlossen oder durchtrennt. Im Anschluss k\u00f6nnen die Eizellen nicht mehr mit den Spermien zusammen kommen und eine Befruchtung wird unterbunden.<br \/>\n<!--more--><\/p>\n<h3>Wie l\u00e4uft der Eingriff ab?<\/h3>\n<p>Eine Sterilisation wird zumeist in der ersten H\u00e4lfte und h\u00e4ufig auch direkt am Anfang des Menstruationszyklus, also noch vor dem Eisprung, durchgef\u00fchrt. Denn dadurch kann eine Schwangerschaft fast sicher ausgeschlossen werden. Die Operation erfolgt entweder <u>ambulant<\/u> oder <u>station\u00e4r in einem Krankenhaus<\/u> und dauert in den meisten F\u00e4llen rund eine halbe Stunde. In beiden F\u00e4llen wird die Patientin aber in einer <strong>Vollnarkose<\/strong> gelegt.<\/p>\n<p>Es wird ein kleiner Schnitt am Bauchnabel vorgenommen, um eine Bauchspiegelung oder ein sogenanntes <i>laparoskopisches Verfahren<\/i> durchzuf\u00fchren. Hierbei ver\u00f6det der Operateur die Eileiter in einer L\u00e4nge von einem Zentimeter, durchtrennt sie oder verschlie\u00dft sie mit einem Clip. Nach dem Eingriff sollte sich die Patientin einige Zeit schonen. Wenn Sie im Anschluss wieder Geschlechtsverkehr haben kann, h\u00e4ngt in erster Linie von ihrem pers\u00f6nlichen Zustand ab.<\/p>\n<h3>Wie sicher ist die Sterilisation?<\/h3>\n<p>Bei typischer Anwendung betr\u00e4gt die sogenannte <i>Versagerrate<\/i> lediglich 0 bis 0,5 Prozent. Hierbei spielen die jeweilige <strong>Sterilisationsmethode<\/strong> und auch die F\u00e4higkeiten des Arztes eine Rolle. Das Ver\u00f6den und Durchtrennen der einzelnen Eileiter ist grunds\u00e4tzlich das zuverl\u00e4ssigere Verfahren als das Verschlie\u00dfen mit einem Clip. J\u00fcngere Frauen werden zudem h\u00e4ufiger schwanger trotz Sterilisation als \u00e4ltere Frauen.<\/p>\n<h3>Welche Vorteile hat eine Sterilisation einer Frau?<\/h3>\n<p>Eine Sterilisation kann <strong>dauerhaft vor einer m\u00f6glichen Empf\u00e4ngnis sch\u00fctzen<\/strong> und der Eingriff gilt ganz allgemein auch als <strong>recht risikoarm<\/strong>. Die Patientinnen brauchen nach der Operation nicht mehr verh\u00fcten, um nicht schwanger zu werden. Des Weiteren beeinflusst die Sterilisation auch nicht die <strong>Hormonproduktion<\/strong> oder das <strong>Lustempfinden<\/strong>. In den meisten F\u00e4llen bleibt der Menstruationszyklus unver\u00e4ndert und das sogenannte <i>Klimakterium<\/i>, also <u>der Beginn der Wechseljahre verschiebt sich nicht<\/u>.<\/p>\n<h3>Kann es zu Komplikationen kommen?<\/h3>\n<p>Da ein Eingriff im Bauchraum vorgenommen wird, kann es unter Umst\u00e4nden zu unterschiedlichen Komplikationen kommen, wie zum Beispiel zu <strong>Blutungen<\/strong>, <strong>verletzten Blutgef\u00e4\u00dfen<\/strong> und <strong>inneren Organen<\/strong>, <strong>Entz\u00fcndungen<\/strong> oder auch zu einer <strong>St\u00f6rung der Wundheilung<\/strong>. Zudem gibt es <strong>einige Narkoserisiken<\/strong> wie etwa <strong>verschiedene Herz-Kreislauf-St\u00f6rungen<\/strong> oder ein <strong>gesteigertes Thromboserisiko<\/strong>. Dar\u00fcber hinaus ist nach dem Eingriff auch das Risiko f\u00fcr eine sogenannte <i>Eileiterschwangerschaft<\/i> und auch einer <i>Bauchh\u00f6hlenschwangerschaft<\/i> deutlich erh\u00f6ht. Wie bereits erw\u00e4hnt, hat eine Sterilisation in den meisten F\u00e4llen dagegen <u>keine hormonellen Auswirkungen<\/u>.<\/p>\n<p>Allerdings kann sich die Durchblutung der Eierst\u00f6cke verschlechtern, was unter Umst\u00e4nden die Hormonproduktion beeintr\u00e4chtigen kann. M\u00f6gliche Folgen sind dann <strong>Stimmungsschwankungen<\/strong>, <strong><a href=\"https:\/\/www.elflirt.de\/magazin\/kein-sex-mehr\/\" title=\"Kein Sex mehr in der Ehe \/ Beziehung | Das sind die Ursachen und L\u00f6sungen\">sexuelle Lustlosigkeit<\/a><\/strong>, <strong>Schlafprobleme<\/strong> oder auch <strong>starke Hitzewallungen<\/strong>. Auch wenn der Eingriff von vielen Frauen als unproblematisch ansehen, kann das Wissen, nie mehr schwanger werden zu k\u00f6nnen, durchaus einen negativen Einfluss auf das sexuelle Verlangen haben.<\/p>\n<h3>Vor dem Eingriff gut \u00fcberlegen<\/h3>\n<p>Wenn sich eine Frau sterilisieren lassen will, sollte sie diesen Schritt gut \u00fcberlegen. Denn schlie\u00dflich wird sie im Anschluss sehr wahrscheinlich nicht mehr schwanger werden k\u00f6nnen. Sie muss sich also absolut sicher sein, dass sie keine Kinder (mehr) bekommen will. Was sie aktuell denkt, kann sich bei anderen Lebensumst\u00e4nden sehr schnell komplett \u00e4ndern. So kann es sein, dass sie irgendwann in einer neuen Beziehung doch noch einmal einen Kinderwunsch hat. Hat sie sich aber bereits sterilisieren lassen, ist das zun\u00e4chst nicht mehr ohne Weiteres m\u00f6glich. Zwar kann der Eingriff durch eine sogenannte <i>Refertilisierung<\/i> in vielen F\u00e4llen r\u00fcckg\u00e4ngig gemacht werden, daf\u00fcr ist die erneute Operation aber deutlich aufwendiger und auch sehr teuer. Zudem gibt es auch keine Garantie, dass die Fruchtbarkeit dadurch auch wirklich wieder hergestellt wird.<\/p>\n<p>Gerade noch sehr junge und kinderlose Frauen sollten daher gut \u00fcberlegen, bevor sie sich sterilisieren lassen. Nicht selten kommt es in recht schwierigen Lebenssituationen zu Fehlentscheidungen, wie zum Beispiel nach einer Trennung, einer Scheidung oder auch nach einem Schwangerschaftsabbruch. Gerade in solchen schweren Zeiten sollten sich alle Frauen viel Zeit nehmen, sich mit vertrauten Personen \u00fcber ihr Vorhaben unterhalten und keineswegs \u00fcberst\u00fcrzt handeln.<\/p>\n<p>Befinden sie sich zu dieser Zeit gerade in einer Partnerschaft, sollten sie sich mit ihrem Partner komplett einig sein, dass beide keine Kinder mehr haben wollen. Sie sollten gemeinsam \u00fcberlegen, wie sich der Schritt eventuell auf die Beziehung auswirken k\u00f6nnte, vor allem auch in sexueller Hinsicht. Wichtig ist auch, dass sich keine Frau zu einer Sterilisation dr\u00e4ngen l\u00e4sst und komplett frei entscheidet. Denn schlie\u00dflich ist dies ihr K\u00f6rper, \u00fcber den nur sie selber bestimmen kann.<\/p>\n<h3>Kosten &#8211; Wie teuer ist eine Sterilisation bei einer Frau?<\/h3>\n<p>Die Kosten einer Sterilisation samt Narkose betragen, je nachdem welche Methode gew\u00e4hlt wird, <strong>600 Euro bis 1.000 Euro<\/strong>. In seltenen F\u00e4llen werden diese von der Krankenkasse \u00fcbernommen, meistens m\u00fcssen sie aber von den Frauen selber getragen werden. Nur wenn bestimmte medizinische oder psychologische Probleme vorliegen und best\u00e4tigt wurden, m\u00fcssen die Patientinnen die Kosten nicht komplett selber bezahlen. Das kann zum Beispiel der Fall sein, wenn ein Arzt dringend von Schwangerschaft abr\u00e4t oder <u>eine Frau sowohl die Pille<\/u> wie auch <u>die Spirale nicht richtig vertr\u00e4gt<\/u>.<\/p>\n","protected":false},"excerpt":{"rendered":"<p>Bei der Sterilisation einer Frau werden beide Eileiter entweder auf eine bestimmte Art verschlossen oder durchtrennt. Im Anschluss k\u00f6nnen die<\/p>\n","protected":false},"author":1,"featured_media":0,"parent":0,"menu_order":0,"comment_status":"closed","ping_status":"closed","template":"","meta":{"footnotes":""},"class_list":["post-308","page","type-page","status-publish","hentry","comments-off"],"aioseo_notices":[],"_links":{"self":[{"href":"https:\/\/www.elflirt.de\/magazin\/wp-json\/wp\/v2\/pages\/308","targetHints":{"allow":["GET"]}}],"collection":[{"href":"https:\/\/www.elflirt.de\/magazin\/wp-json\/wp\/v2\/pages"}],"about":[{"href":"https:\/\/www.elflirt.de\/magazin\/wp-json\/wp\/v2\/types\/page"}],"author":[{"embeddable":true,"href":"https:\/\/www.elflirt.de\/magazin\/wp-json\/wp\/v2\/users\/1"}],"replies":[{"embeddable":true,"href":"https:\/\/www.elflirt.de\/magazin\/wp-json\/wp\/v2\/comments?post=308"}],"version-history":[{"count":4,"href":"https:\/\/www.elflirt.de\/magazin\/wp-json\/wp\/v2\/pages\/308\/revisions"}],"predecessor-version":[{"id":525,"href":"https:\/\/www.elflirt.de\/magazin\/wp-json\/wp\/v2\/pages\/308\/revisions\/525"}],"wp:attachment":[{"href":"https:\/\/www.elflirt.de\/magazin\/wp-json\/wp\/v2\/media?parent=308"}],"curies":[{"name":"wp","href":"https:\/\/api.w.org\/{rel}","templated":true}]}}