{"id":832,"date":"2022-02-08T16:49:12","date_gmt":"2022-02-08T15:49:12","guid":{"rendered":"https:\/\/www.elflirt.de\/magazin\/?page_id=832"},"modified":"2023-10-06T18:14:53","modified_gmt":"2023-10-06T16:14:53","slug":"schuetze-frau-erobern","status":"publish","type":"page","link":"https:\/\/www.elflirt.de\/magazin\/schuetze-frau-erobern\/","title":{"rendered":"Sch\u00fctze Frau erobern &#8211; So gewinnen Sie ihr Herz"},"content":{"rendered":"<h3>Eine Sch\u00fctze-Frau erobern &#8211; Spa\u00df und Action geh\u00f6ren dazu<\/h3>\n<p>Wenn ein Mann eine Sch\u00fctze-Frau f\u00fcr sich gewinnen m\u00f6chte, dann muss er sich schon ins Zeug legen und darf nicht als Schlaftablette auftreten. So sagt es auf jeden Fall unser <a href=\"https:\/\/astro-singles.de\/\">Liebeshoroskop<\/a> Die Sch\u00fctze Damen stecken n\u00e4mlich voller Lebensfreude und ihr Motto lautet: Das Leben leben mit Freude und Lust auf spannende Entdeckungen und Erfahrungen.<\/p>\n<p>Wenn man eine sich eine aktive Frau von diesem Sternzeichen an seiner Seite w\u00fcnscht, dann muss Mann des \u00d6fteren einen langen Atem, viel Geduld haben und viel Offenheit f\u00fcr neue Erfahrungen im Leben mitbringen. Allerdings muss man sich auch auf einen Wechsel der Gef\u00fchle und der Ideen einlassen, denn Frauen mit diesem Sternzeichen sind sehr sprunghaft und lassen sich sehr schnell von etwas Neuem begeistern, aber haben es dann in ihrem Entdeckerdrang auch oftmals direkt wieder vergessen.<\/p>\n<p>Best\u00e4ndigkeit und auch Weitsicht geh\u00f6ren nicht zu ihren besonderen St\u00e4rken. Allerdings kann man sich sicher sein, dass es mit ihnen selten langweilig wird und die Couch geh\u00f6rt nicht unbedingt zu ihren bevorzugten Orten, um ein sch\u00f6nes Wochenende zu verbringen.<\/p>\n<h3>Eine Sch\u00fctze-Frau braucht viel Freiheit und einen Mann mit Lebensfreude<\/h3>\n<p>Wenn sich eine Frau mit dem Sch\u00fctze-Sternzeichen f\u00fcr einen Mann begeistern soll, dann muss er ihre Neugierde wecken, damit sie sich f\u00fcr ihn begeistert. Dieses wird kein Mann sein, der nicht \u00fcber viel Spontanit\u00e4t und Verst\u00e4ndnis verf\u00fcgt, denn eine Sch\u00fctze-Frau m\u00f6chte ihr Ding machen und braucht ihre eigenen Freiheiten.<\/p>\n<p>Gemeinsame Unternehmungen werden oft aufregend, intensiv aber auch anstrengend sein. Die Erwartungen an den Partner sind hoch, dass er dieses Tempo auch wirklich mithalten kann. Wer da eher der konservative Typ ist und sich mehr f\u00fcr die ruhigen Dinge im Leben begeistern kann, der ist mit einer Dame vom Sternzeichen Sch\u00fctze wahrscheinlich schnell \u00fcberfordert.<\/p>\n<p>Man muss sich darauf einlassen, dass man als Mann nicht immer die erste Geige spielt, wenn es etwas Interessantes zu entdecken gibt oder der n\u00e4chste Adrenalinkick wartet.<\/p>\n<h3>Der Mann an der Seite an einer Sch\u00fctze-Frau braucht einen starken Willen<\/h3>\n<p>Es geh\u00f6rt zu ihrer Natur, dass sie sehr gerne ihre Ideen und ihre spontanen Eingebungen durchbringen m\u00f6chte, doch soll der Partner kein Typ sein, der zu allem keine eigene Meinung hat und nur den ganzen Tag ihren Vorschl\u00e4gen nachkommt, wie eine Marionette, an der die Sch\u00fctze-Frau die F\u00e4den zieht.<\/p>\n<p>Sie braucht einen willensstarken Partner, der sie auf den Boden der Tatsachen zur\u00fcckholt, der aber auch wei\u00df, dass sie ohne spontanes Handeln und neuen Erfahrungen, die viel Aktionismus bedeuten, nicht leben kann. Denn sie muss entdecken und oftmals auch ihre eigenen Grenzen ausloten, da sonst schnell die Langeweile des Alltags f\u00fcr schlechte Laune und eine miese Stimmung f\u00fchrt, sodass die Sch\u00fctze-Frau in solchen Situationen sehr schnell ungl\u00fccklich wird.<\/p>\n<p>Sie w\u00fcnscht sich einen Partner, der ihre Bed\u00fcrfnisse versteht, mit dem sie die spannenden Erfahrungen teilen kann und der viel Verst\u00e4ndnis f\u00fcr Action und Spa\u00df hat. Er muss ihr aber auch die Stirn bieten k\u00f6nnen und deutlich machen, wenn es zu viel wird und sie den Blick f\u00fcr das Wesentliche verliert.<\/p>\n<h3>Eine Sch\u00fctze-Frau bedeutet intensive Zweisamkeit<\/h3>\n<p>Einfach nur kuscheln und sich schnulzige Liebesfilme im Fernsehen ansehen, das f\u00e4llt einer Sch\u00fctze-Frau schwer und w\u00fcrde sie wahrscheinlich auch nur ihrem Partner zu liebe tun. Sie mag Stunden der <a href=\"https:\/\/www.elflirt.de\/magazin\/zweisamkeit\/\">Zweisamkeit<\/a>, aber meistens enden diese mit einem erotischen uns sehr innigen Liebesspiel.<\/p>\n<p>Wenn man als Mann auf der Suche nach sexuellen Abenteuern in der Beziehung ist, dann kann man sich auf viele neue Erfahrungen freuen. Auch hier verf\u00fcgen Sch\u00fctze-Frauen \u00fcber gro\u00dfen Einfallsreichtum und sind immer gerne dabei, wenn es darum geht, <a href=\"https:\/\/www.elflirt.de\/magazin\/pegging\/\">neue sexuelle Praktiken<\/a> auszuprobieren. Auch Sex an ungew\u00f6hnlichen Orten ist f\u00fcr sie kein Problem und sie sind immer daf\u00fcr zu haben, wenn sie dort aufregende Momente erleben k\u00f6nnen, die Nervenkitzel bedeuten.<\/p>\n<p>Die Liebe bei einer Sch\u00fctze-Frau ist immer sehr intensiv, das bedeutet auch, dass sie f\u00fcr ihren Partner k\u00e4mpfen w\u00fcrde wie eine L\u00f6win, wenn er ihr Herz erobert hat. \u00dcberraschende Geschenke oder auch Gesten der Liebesbekundung sind bei ihr an der Tagesordnung und wird die Beziehung frisch halten, sodass es nicht so schnell zum eint\u00f6nigen Alltagstrott kommen wird.<\/p>\n<h3>Erfindungsreichtum, Kreativit\u00e4t und Spa\u00df sind die Schlagworte, mit denen sich Sch\u00fctze-Frauen erobern lassen<\/h3>\n<p>Bodenst\u00e4ndige M\u00e4nner m\u00fcssen sich schon etwas einfallen lassen, wenn sie sich einen Platz im Herzen einer Sch\u00fctze-Frau sichern wollen. Dabei sollten sie unbedingt auch einmal um die Ecke denken und verr\u00fcckte Sachen planen. Die zuk\u00fcnftige Herzdame mit mutigen Aktionen begeistern und dann zeigen, dass man sie wirklich liebt. Da wird jede Sch\u00fctzin ihr Herz \u00f6ffnen und bereit sein f\u00fcr eine gemeinsame Zukunft.<\/p>\n","protected":false},"excerpt":{"rendered":"<p>Eine Sch\u00fctze-Frau erobern &#8211; Spa\u00df und Action geh\u00f6ren dazu Wenn ein Mann eine Sch\u00fctze-Frau f\u00fcr sich gewinnen m\u00f6chte, dann muss<\/p>\n","protected":false},"author":3,"featured_media":833,"parent":0,"menu_order":0,"comment_status":"closed","ping_status":"closed","template":"","meta":{"footnotes":""},"class_list":["post-832","page","type-page","status-publish","has-post-thumbnail","hentry","comments-off"],"aioseo_notices":[],"_links":{"self":[{"href":"https:\/\/www.elflirt.de\/magazin\/wp-json\/wp\/v2\/pages\/832","targetHints":{"allow":["GET"]}}],"collection":[{"href":"https:\/\/www.elflirt.de\/magazin\/wp-json\/wp\/v2\/pages"}],"about":[{"href":"https:\/\/www.elflirt.de\/magazin\/wp-json\/wp\/v2\/types\/page"}],"author":[{"embeddable":true,"href":"https:\/\/www.elflirt.de\/magazin\/wp-json\/wp\/v2\/users\/3"}],"replies":[{"embeddable":true,"href":"https:\/\/www.elflirt.de\/magazin\/wp-json\/wp\/v2\/comments?post=832"}],"version-history":[{"count":4,"href":"https:\/\/www.elflirt.de\/magazin\/wp-json\/wp\/v2\/pages\/832\/revisions"}],"predecessor-version":[{"id":1124,"href":"https:\/\/www.elflirt.de\/magazin\/wp-json\/wp\/v2\/pages\/832\/revisions\/1124"}],"wp:featuredmedia":[{"embeddable":true,"href":"https:\/\/www.elflirt.de\/magazin\/wp-json\/wp\/v2\/media\/833"}],"wp:attachment":[{"href":"https:\/\/www.elflirt.de\/magazin\/wp-json\/wp\/v2\/media?parent=832"}],"curies":[{"name":"wp","href":"https:\/\/api.w.org\/{rel}","templated":true}]}}