{"id":837,"date":"2022-02-08T17:04:50","date_gmt":"2022-02-08T16:04:50","guid":{"rendered":"https:\/\/www.elflirt.de\/magazin\/?page_id=837"},"modified":"2023-10-06T18:28:52","modified_gmt":"2023-10-06T16:28:52","slug":"jungfrau-mann-erobern","status":"publish","type":"page","link":"https:\/\/www.elflirt.de\/magazin\/jungfrau-mann-erobern\/","title":{"rendered":"Jungfrau Mann erobern &#8211; So bezaubern Sie ihn"},"content":{"rendered":"<p>Ob bei der Arbeit, beim Sport oder im Ausgang: Sie haben einen Mann entdeckt, der Ihr Interesse weckt. Beim ersten Kennenlernen hat sich herausgestellt, dass er im Sternzeichen der Jungfrau geboren wurde. Wenn Sie ihn erobern wollen, ist es von Vorteil, wenn Sie ein geduldiger Mensch sind. Denn um ihn zu erobern, sind Zur\u00fcckhaltung, eine geschickte Taktik und viel Geduld gefragt. So bezaubern Sie ihn.<\/p>\n<h2>In wichtigen Bereichen fokussiert und zielorientiert<\/h2>\n<p>Auch wenn der Jungfrau-Mann in manchen Dingen chaotisch und unstrukturiert wirkt, ist er das \u00fcberhaupt nicht: Er wei\u00df sehr genau was er will. In den Dingen, die f\u00fcr ihn sehr wichtig sind, ist er sehr fokussiert und zielorientiert. Er setzt sich seine Ziele und n\u00e4hert sich diesen Schritt f\u00fcr Schritt. Hier ist er sehr vernunftgesteuert und verabscheut Chaos. Alles, was ihm aber unwichtig f\u00fcr die Erreichung seiner Ziele erscheint, l\u00e4sst er auch gerne einmal schleifen.<\/p>\n<h2>Gef\u00fchle sorgen f\u00fcr Verunsicherung<\/h2>\n<p>Im Sternzeichen der Jungfrau geborene Personen werden stark vom Merkur beeinflusst. Dies ist der Planet der Logik. Demzufolge denken Jungfrauen sehr viel nach, sind oft introvertiert und es dauert nicht nur lange, bis ihre Gef\u00fchle geweckt werden, sondern noch l\u00e4nger, bis sie sich zu diesen Gef\u00fchlen bekennen. Dies liegt daran, dass Emotionen Jungfrauen-Geborene, M\u00e4nner noch mehr als Frauen, sehr irritieren und f\u00fcr Verunsicherung sorgen. Einem Jungfrau-Mann f\u00e4llt es schwer, auf Frauen zuzugehen, die ihn interessieren.<\/p>\n<h2>Der Jungfrau-Mann ist ein loyaler und treuer Partner<\/h2>\n<p>Den Jungfrau-Mann zu erobern lohnt sich aber absolut. Denn wer sich durch seine unnahbare, undurchsichtige Schale gek\u00e4mpft hat, findet in ihm einen loyalen und treuen Gef\u00e4hrten, der \u00fcber einen trockenen Humor verf\u00fcgt. Das hei\u00dft aber nicht, dass er keine Fehler hat: Wenn er sich \u00fcber etwas \u00e4rgert, kann seine erste Reaktion das Gegen\u00fcber etwas irritieren, da diese vielleicht etwas zickig wirkt. Der Jungfrau-Mann beruhigt sich aber sehr schnell wieder. Wenn er nicht wirklich verletzt wurde, ist es ihm das \u00c4rgernis meist zu unwichtig, um sich damit lange aufzuhalten und dar\u00fcber nachzugr\u00fcbeln. Deshalb ist er im Normalfall \u00fcberhaupt nicht nachtragend.<\/p>\n<h2>Die Eroberung des Jungfrau-Mannes<\/h2>\n<p>Wenn Sie ihn erobern wollen, m\u00fcssen Sie sich darauf einstellen, dass Sie viel Ausdauer ben\u00f6tigen, denn er ist ein harter Brocken und bis Sie zum Ziel kommen, liegt ein weiter Weg vor Ihnen. Anfangs empfiehlt es sich, ihn den Ort ausw\u00e4hlen zu lassen. Wenn Sie die Wahl treffen, achten Sie darauf, dass er sich wohlf\u00fchlt. Es ist leichter, ihn <a href=\"https:\/\/www.elflirt.de\/magazin\/fragen-zum-kennenlernen\/\">besser kennenzulernen<\/a>, wenn er sich in seiner Umgebung nicht fremd f\u00fchlt.<\/p>\n<p>Sind die ersten Schritte getan und es wird ernster, seien Sie nicht \u00fcberrascht, wenn er sich zur\u00fcckzieht und \u00e4ngstlich reagiert. Je wichtiger eine Frau f\u00fcr einen Jungfrau-Geborenen wird, desto mehr reift in ihm der Wunsch, alles zu planen. Da dies in der Liebe nicht m\u00f6glich ist, wei\u00df er nicht, wie er reagieren soll. Auch wenn er sich l\u00e4ngst in Sie verliebt hat, wird er sich zu Anfang nichts anmerken lassen und \u00e4u\u00dferlich gelassen reagieren. Bedenken Sie, dass ein Jungfrau-Mann ge\u00fcbt ist und genau wei\u00df, wie er seine Gef\u00fchle vor seinen Mitmenschen verbergen kann.<\/p>\n<p>Vorsicht, wenn der Jungfrau-Mann beruflich bereits sehr erfolgreich ist: Sobald er das Gef\u00fchl hat, dass es Ihnen nur um seiner Position oder seinen Erfolg geht und nicht um ihn selber, wird er sich innerlich vor Ihnen zur\u00fcckziehen und Sie haben kaum noch eine Chance, an ihn heranzukommen.<\/p>\n<h2>Zur\u00fcckhaltung bei Gef\u00fchlsbekundungen<\/h2>\n<p>Halten Sie sich anfangs mit Gef\u00fchlsbekundungen eher zur\u00fcck. Wenn Sie allzu \u00fcberschw\u00e4nglich sind und ihm rasch die ewige Liebe versprechen, wird er sich erst recht zur\u00fcckziehen. Es ist besser, wenn Sie Ihr Interesse bekunden und sagen, wie wohl sie sich mit ihm f\u00fchlen oder einfach, etwa beim Abschied, dass Ihnen der Abend sehr gefallen hat. Mit der Zeit wird er seine Zur\u00fcckhaltung \u00fcberwinden und anfangen, Ihnen und seinen Gef\u00fchlen f\u00fcr Sie zu trauen. Nicht allzu oft f\u00fchrt der Weg zum Herzen eines Jungfrau-Mannes \u00fcber den Zwischenschritt der Freundschaft.<\/p>\n<p>Wenn er sich, nachdem Sie das Gef\u00fchl haben, dass Sie beide sich n\u00e4her kommen, vor Ihnen zur\u00fcckzieht, bedenken Sie, dass Jungfrau-M\u00e4nner sehr sicherheitsbedacht sind und alles rational erkl\u00e4ren wollen. Wichtige Entscheidungen werden gerne mit dem Verstand, und nicht aus dem Bauch heraus, getroffen.<\/p>\n<p>Lassen Sie sich aber nicht davon t\u00e4uschen. Menschen, die Jungfrau im <a href=\"https:\/\/www.elflirt.de\/lexikon\/liebe-im-zeichen-der-sternzeichen.php\">Sternzeichen<\/a> sind, sind sehr sensibel und nicht gefeit vor starken Gef\u00fchlen. Sie ben\u00f6tigen einfach eine Weile, bis sie sich eingestehen k\u00f6nnen, dass sie mit dem Verstand alleine nicht weiterkommen und auf das Herz h\u00f6ren m\u00fcssen. In dieser Zeit sollten sie nicht gedr\u00e4ngt werden, da dies ein Fluchtreflex ausl\u00f6sen kann.<\/p>\n<p>Doch haben Sie ihn einmal erobert, werden Sie und Ihre Geduld mit einem charmanten, klugen und treuen Partner belohnt, der Ihnen loyal zur Seite steht.<\/p>\n","protected":false},"excerpt":{"rendered":"<p>Ob bei der Arbeit, beim Sport oder im Ausgang: Sie haben einen Mann entdeckt, der Ihr Interesse weckt. Beim ersten<\/p>\n","protected":false},"author":3,"featured_media":839,"parent":0,"menu_order":0,"comment_status":"closed","ping_status":"closed","template":"","meta":{"footnotes":""},"class_list":["post-837","page","type-page","status-publish","has-post-thumbnail","hentry","comments-off"],"aioseo_notices":[],"_links":{"self":[{"href":"https:\/\/www.elflirt.de\/magazin\/wp-json\/wp\/v2\/pages\/837","targetHints":{"allow":["GET"]}}],"collection":[{"href":"https:\/\/www.elflirt.de\/magazin\/wp-json\/wp\/v2\/pages"}],"about":[{"href":"https:\/\/www.elflirt.de\/magazin\/wp-json\/wp\/v2\/types\/page"}],"author":[{"embeddable":true,"href":"https:\/\/www.elflirt.de\/magazin\/wp-json\/wp\/v2\/users\/3"}],"replies":[{"embeddable":true,"href":"https:\/\/www.elflirt.de\/magazin\/wp-json\/wp\/v2\/comments?post=837"}],"version-history":[{"count":3,"href":"https:\/\/www.elflirt.de\/magazin\/wp-json\/wp\/v2\/pages\/837\/revisions"}],"predecessor-version":[{"id":1132,"href":"https:\/\/www.elflirt.de\/magazin\/wp-json\/wp\/v2\/pages\/837\/revisions\/1132"}],"wp:featuredmedia":[{"embeddable":true,"href":"https:\/\/www.elflirt.de\/magazin\/wp-json\/wp\/v2\/media\/839"}],"wp:attachment":[{"href":"https:\/\/www.elflirt.de\/magazin\/wp-json\/wp\/v2\/media?parent=837"}],"curies":[{"name":"wp","href":"https:\/\/api.w.org\/{rel}","templated":true}]}}