{"id":841,"date":"2022-02-08T20:12:53","date_gmt":"2022-02-08T19:12:53","guid":{"rendered":"https:\/\/www.elflirt.de\/magazin\/?page_id=841"},"modified":"2023-11-28T14:56:33","modified_gmt":"2023-11-28T13:56:33","slug":"steinbock-mann-erobern","status":"publish","type":"page","link":"https:\/\/www.elflirt.de\/magazin\/steinbock-mann-erobern\/","title":{"rendered":"Steinbock Mann erobern &#8211; So beeindrucken Sie ihn"},"content":{"rendered":"<h2>So schmuggelt man sich ins Herz eines Steinbocks!<\/h2>\n<p>Der Steinbock ist das Zeichen er Sterne im Jahreskreis, dem eher n\u00fcchterne Sachlichkeit unterstellt wird als lodernde Sinnlichkeit. Wie m\u00fcssen Sie nun als Dame sich anstellen, um den Steinbock auf sich aufmerksam zu machen? Wo und wie begegnet man ihm und wie sollte man sich in Gegenwart dieses Mannes verhalten, um in seiner Gunst zu steigen, sein Interesse zu wecken und ihn zu erobern?<\/p>\n<h2>So verl\u00e4uft das erste Date mit dem Steinbock-Mann erfolgreich<\/h2>\n<p>Eigentlich denken Sie, mit einem erotischen Auftritt in puncto Style haben Sie alle Blicke in einer Bar oder anderen Location auf sich gelenkt, aber dem ist nicht so. Der liebe Steinbock findet tiefe Ausschnitte und hochhackige Stilettos oder sehr kurze R\u00f6cke bzw. hautenge Kleider nicht so toll. Diese Art sich zu stylen, fl\u00f6\u00dft ihm Angst ein. Ihm gef\u00e4llt eine Frau, die wei\u00df, was sie wert ist und die nicht ihre k\u00f6rperlichen Reize f\u00fcr alle zur Schau stellen muss. Das wirkt auf ihn billig und nicht stilsicher.<\/p>\n<p>Gespr\u00e4che mag er, so kann man mit ihm hervorragend wirtschaftliche Themen besprechen oder auch Gesellschaftsthemen, gesellschaftlicher Tratsch wird ihn langweilen und stundenlang \u00fcber Stars und Sternchen zu reden, ist nichts f\u00fcr ihn.<\/p>\n<p>Er ist ein Mann, der hochgesteckte Ziele verfolgt und es imponiert ihm eine Frau, die zwar all ihre charmanten weiblichen Attribute zeigt, jedoch stark und selbstsicher im Auftreten ist. <a href=\"https:\/\/www.elflirt.de\/lexikon\/der-richtige-ort-fuers-erste-date.php\">Die Location<\/a> sollte ruhig sein, sodass es m\u00f6glich ist, sich zu unterhalten und in aller Ruhe kennenzulernen.<\/p>\n<h2>Diesen Look will der Steinbock<\/h2>\n<p>Nat\u00fcrlich wird auch der Mann, der im Zeichen Steinbock geboren ist, einen Blick riskieren, wenn Sie im sexy Outfit erscheinen, jedoch ist es nicht unbedingt sein Beuteschema. Die laszive Frau schreckt ihn eher ab, weil er sie wahrscheinlich f\u00fcr wenig loyal und nicht vertrauensw\u00fcrdig einsch\u00e4tzt.<\/p>\n<p>Am Anfang erregen Sie eher sein Interesse, wenn Sie schlicht und einfach, aber elegant seinen Weg kreuzen und dann, wenn sich schon etwas entwickelt hat, kann es ihm durchaus gefallen, wenn Sie ihn mit provokantem Style \u00fcberraschen. Da er ungemein Angst vor Entt\u00e4uschungen hat und m\u00f6glicherweise immer etwas unsicher ist, macht ihm eine bewusst betont sexy gestylte Frau eher Angst als dass sie ihm tats\u00e4chlich gef\u00e4llt.<\/p>\n<p>Gepflegtes Auftreten ist f\u00fcr ihn sehr wichtig, denn mit einem Blick checkt der Mann aus dem Sternzeichen Steinbock seine Auserw\u00e4hlte ab, bis hin zu Finger- und Zehenn\u00e4geln. Aber auch hier ist dezente Ausstrahlung mehr Wert als schrille Hingucker.<\/p>\n<h2><a href=\"https:\/\/www.elflirt.de\/magazin\/wp-content\/uploads\/trophy-wife-e1678187600483.jpg\"><img loading=\"lazy\" decoding=\"async\" class=\"aligncenter size-full wp-image-991\" src=\"https:\/\/www.elflirt.de\/magazin\/wp-content\/uploads\/trophy-wife-e1678187600483.jpg\" alt=\"trophy wife\" width=\"1280\" height=\"993\" srcset=\"https:\/\/www.elflirt.de\/magazin\/wp-content\/uploads\/trophy-wife-e1678187600483.jpg 1280w, https:\/\/www.elflirt.de\/magazin\/wp-content\/uploads\/trophy-wife-e1678187600483-300x233.jpg 300w, https:\/\/www.elflirt.de\/magazin\/wp-content\/uploads\/trophy-wife-e1678187600483-1024x794.jpg 1024w, https:\/\/www.elflirt.de\/magazin\/wp-content\/uploads\/trophy-wife-e1678187600483-768x596.jpg 768w\" sizes=\"auto, (max-width: 1280px) 100vw, 1280px\" \/><\/a><\/h2>\n<h2>Wo trifft man den Mann, der im Sternzeichen des Steinbocks geboren ist?<\/h2>\n<p>Der Steinbock liebt nicht das Chaos, am besten behagt es ihm in einer Location, die ruhig und \u00fcbersichtlich ist. Der Szene-Typ schlechthin ist er nicht, aber auf Qualit\u00e4t legt er schon gro\u00dfen Wert. Denn der Steinbock ist und bleibt ein Gewinnertyp und das zeigt er durchaus gerne, er ist auch er Typ Mann, an dessen Schulter sich eine Frau gerne anschmiegt, denn er verspricht gro\u00dfe Sicherheit und dies nicht nur in finanzieller Hinsicht. Der Steinbock kocht gerne selber, ist auch ein Mann der Tat, der selbst seine Sachen und die seiner Liebsten geschickt repariert und immer hilfsbereit ist.<\/p>\n<p>Sehr oft kann es auch vorkommen, dass Sie einem interessanten Mann, der Steinbock ist, in Ihrem Arbeitsumfeld begegnen, denn hier erreichen diese M\u00e4nner sehr viel und wirken aufgrund ihres Erfolges einfach sexy auf die Damenwelt. Sie beeindrucken durch K\u00f6nnen, Verl\u00e4sslichkeit und selbstsicheres Auftreten und all dies sind Eigenschaften, die M\u00e4nner bei der Damenwelt sehr beliebt machen.<\/p>\n<h2>Was fasziniert den Steinbock beim ersten Date?<\/h2>\n<p>Hier ein Paar Tipps und Tricks. Der Steinbock mag zwar den Ruf haben, n\u00fcchtern und sachlich zu sein, dennoch kann er sehr charmant sein und vor allem auch gut unterhalten.<\/p>\n<p>Wenn der Treffpunkt ein ruhiger Ort ist, liegt es an Ihnen, seine harte Schale zu knacken, um an seinen weichen Kern zu kommen. Ihm kann man keine Show vorspielen, denn er erweist sich stets als exzellenter Menschenkenner und am liebsten sind ihm Frauen, die es nicht n\u00f6tig haben, sich aufzudonnern, sondern er pr\u00e4feriert Damen, die ihre nat\u00fcrliche Sch\u00f6nheit gekonnt in Szene setzen und dazu noch intelligent sind. Nur das Aussehen alleine wird ihn nicht ansprechen.<\/p>\n<p>Frauen, die vielleicht nicht zu emanzipiert sind, sondern sich von einem Mann auch helfen lassen, k\u00f6nnten also auch im Vorteil sein, denn er kann mit einer gesunden Portion M\u00e4nnlichkeit aufwarten, die er auch ausleben m\u00f6chte.<\/p>\n<p>Vielleicht denken Sie, dass er erotisch etwas unterk\u00fchlt sei, aber sobald er einmal Vertrauen gefasst hat, k\u00f6nnen Sie sich von seiner stark ausdauernden Sexualit\u00e4t \u00fcberzeugen, die aber erst dann zum Vorschein tritt, wenn er alle Hemmungen abgelegt hat und seiner Partnerin in Liebe treu und loyal ergeben ist.<\/p>\n<h2>Welches Sternzeichen passt nun wirklich gut zum Steinbock?<\/h2>\n<p>Am besten harmonieren wahrscheinlich Stier oder Jungfrau mit dem Steinbock, aber auch der sensible Fisch kann die n\u00fcchterne Art des Steinbocks etwas erw\u00e4rmen. Ebenso kann die Waage, die Genussf\u00e4higkeit im Steinbock entfachen, der Skorpion kann ebenso f\u00fcr eine interessante Beziehung passen.<\/p>\n<p>Da die Erdzeichen Steinbock, Stier und Jungfrau ihr Hauptaugenmerk auf eine gesicherte und sch\u00f6ne Existenz legen, kann hier die Gef\u00fchlswelt etwas zu kurz kommen, w\u00e4hrend in Kombination mit einer Waage oder einem Fisch auch mehr Gef\u00fchle ins Spiel kommen.<\/p>\n<p>Feuerzeichen, wie Widder, L\u00f6we oder Sch\u00fctze sowie Luftzeichen, wie Wassermann und Zwilling, werden eher f\u00fcr Beziehungen kurzlebiger Natur sein, denn zu stark liegen hier die Unterschiede, mit Ausnahme der charmanten Waage, der es nur zu oft gelingt, den spr\u00f6den Steinbock zum Genussmenschen zu verwandeln.<\/p>\n<p>In der Liebe gibt es aber keine Regeln, also angeln Sie sich Ihren Steinbock!<\/p>\n","protected":false},"excerpt":{"rendered":"<p>So schmuggelt man sich ins Herz eines Steinbocks! Der Steinbock ist das Zeichen er Sterne im Jahreskreis, dem eher n\u00fcchterne<\/p>\n","protected":false},"author":3,"featured_media":842,"parent":0,"menu_order":0,"comment_status":"closed","ping_status":"closed","template":"","meta":{"footnotes":""},"class_list":["post-841","page","type-page","status-publish","has-post-thumbnail","hentry","comments-off"],"aioseo_notices":[],"_links":{"self":[{"href":"https:\/\/www.elflirt.de\/magazin\/wp-json\/wp\/v2\/pages\/841","targetHints":{"allow":["GET"]}}],"collection":[{"href":"https:\/\/www.elflirt.de\/magazin\/wp-json\/wp\/v2\/pages"}],"about":[{"href":"https:\/\/www.elflirt.de\/magazin\/wp-json\/wp\/v2\/types\/page"}],"author":[{"embeddable":true,"href":"https:\/\/www.elflirt.de\/magazin\/wp-json\/wp\/v2\/users\/3"}],"replies":[{"embeddable":true,"href":"https:\/\/www.elflirt.de\/magazin\/wp-json\/wp\/v2\/comments?post=841"}],"version-history":[{"count":4,"href":"https:\/\/www.elflirt.de\/magazin\/wp-json\/wp\/v2\/pages\/841\/revisions"}],"predecessor-version":[{"id":1167,"href":"https:\/\/www.elflirt.de\/magazin\/wp-json\/wp\/v2\/pages\/841\/revisions\/1167"}],"wp:featuredmedia":[{"embeddable":true,"href":"https:\/\/www.elflirt.de\/magazin\/wp-json\/wp\/v2\/media\/842"}],"wp:attachment":[{"href":"https:\/\/www.elflirt.de\/magazin\/wp-json\/wp\/v2\/media?parent=841"}],"curies":[{"name":"wp","href":"https:\/\/api.w.org\/{rel}","templated":true}]}}