{"id":844,"date":"2022-02-08T20:24:49","date_gmt":"2022-02-08T19:24:49","guid":{"rendered":"https:\/\/www.elflirt.de\/magazin\/?page_id=844"},"modified":"2023-10-06T17:56:48","modified_gmt":"2023-10-06T15:56:48","slug":"jungfrau-frau-erobern","status":"publish","type":"page","link":"https:\/\/www.elflirt.de\/magazin\/jungfrau-frau-erobern\/","title":{"rendered":"Jungfrau Frau erobern &#8211; So bezaubern Sie sie"},"content":{"rendered":"<p>Sie haben eine Frau kennengelernt, die absolut loyal, zielstrebig, leidenschaftlich, bodenst\u00e4ndig, ehrlich und sehr perfektionistisch ist. Die immer rational und realistisch denkt und handelt, die wei\u00df, was sie m\u00f6chte und immer ihr Ziel erreichen will. Sie ist willensstark und charmant und stets auf Gleichberechtigung bedacht. Dabei kann es sich nur um eine Dame mit dem Sternzeichen Jungfrau handeln.<\/p>\n<p>Zwischen dem 24. August und dem 23.S eptember geborene Frauen, also im Sternzeichen Jungfrau, m\u00f6gen keine \u00dcberraschungen, sind sehr selbstkritisch und setzen sich oft selbst unter Druck. Hat man allerdings einmal das Herz einer Jungfrau-Frau erobert, so h\u00e4lt diese Beziehung meist sehr lang und man hat eine Frau an seiner Seite, mit der man Pferde stehlen kann und auf die man sich immer verlassen kann.<\/p>\n<h2>Worauf kommt es an, wenn man eine Jungfrau-Frau erobern m\u00f6chte?<\/h2>\n<p>M\u00f6chten Sie das Herz einer Jungfrau-Frau bezaubern, seien Sie geduldig. Sie ist keine Frau, die man leicht bekommt. Sie sollten nichts \u00fcberst\u00fcrzen, jedoch stets mit offenen Karten spielen. Die Jungfrau-Dame wei\u00df gerne, mit wem sie es zu tun hat und sie steht nicht auf plumpe Anmachversuche. Oftmals gelangt man bei der Jungfrau-Frau erstmal in die bekannte <a href=\"https:\/\/www.elflirt.de\/magazin\/friendzone\/\">&#8222;Friendzone&#8220;<\/a>, was jedoch kein Nachteil ist.<\/p>\n<p>So lernt Sie ihren eventuellen sp\u00e4teren Partner erstmal gut kennen, was ihr die Sicherheit gibt, die sie braucht. Kein Grund also, dass Sie sich davon verschrecken lassen, wenn sie erstmal keine romantischen Absichten zeigt. Dies kann sich jederzeit \u00e4ndern, sie ist eine Frau, die Sicherheit in ihrem Leben sehr wichtig findet und sich auch nur dann bindet, wenn sie sich wirklich sicher ist, den richtigen gefunden zu haben.<\/p>\n<h2>Das erste Date &#8211; nun wird es ernst<\/h2>\n<p>Hat die Jungfrau-Dame das Gef\u00fchl, dass es passen k\u00f6nnte mit Ihnen, so kommt es endlich zum ersten richtigen Date. Sie steht auf Nat\u00fcrlichkeit. Sie m\u00fcssen sich nicht aufbrezeln, erscheinen Sie gepflegt, denn das mag die Jungfrau-Frau. Seien Sie bedacht bei der Wahl des Outfits, denn die Jungfrau-Frau mag es, wenn sie erkennt, dass sich ihr Gegen\u00fcber Gedanken gemacht hat, wie er erscheinen soll. Im Allgemeinen mag sie die Farben wei\u00df und Silber sehr gerne, also eher dezent als auff\u00e4llig, jedoch elegant.<\/p>\n<p>Nun steht das \u00e4u\u00dfere Erscheinungsbild, doch welche Location w\u00e4hlt man am Besten, um die Jungfrau-Frau auszuf\u00fchren?<\/p>\n<p>Da die Jungfrau-Damen wirklich gerne und auch gut organisieren, kann man sie zum Beispiel fragen, was sie unternehmen m\u00f6chte. M\u00f6chte man allerdings lieber selbst die F\u00fchrung \u00fcbernehmen, so eignen sich ruhige Caf\u00e9s, Restaurants oder auch ruhig gelegene Parks gut f\u00fcr <a href=\"https:\/\/www.elflirt.de\/lexikon\/erste-date.php\">ein Date<\/a>. Die Atmosph\u00e4re sollte hierbei nat\u00fcrlich immer stimmen und darf gerne elegant sein. Aufmerksamkeit sollte der Ort allerdings nicht erregen, da die Damen sehr viel wert auf Bodenst\u00e4ndigkeit legen.<\/p>\n<p>Ebenso sollten sie keine Location w\u00e4hlen, an der man nur typische P\u00e4rchen trifft, denn dies mag die Jungfrau-Frau am Anfang nicht. Konzerte, Auff\u00fchrungen oder Kinos eignen sich zu Beginn eher nicht, da die Jungfrau-Frau Sie gerne richtig kennenlernen m\u00f6chte und daher die Pl\u00e4tze bevorzugt, an denen man sich in Ruhe und ungest\u00f6rt unterhalten kann.<\/p>\n<h2>Tipps und Tricks<\/h2>\n<p>Bei Gespr\u00e4chen zeigen Sie Initiative und achten darauf, dass ihre Unterhaltungen intellektuell sind. Interessieren Sie sich hierbei f\u00fcr ihren Beruf, ihre Hobbies und ihr Leben. Schon bald wird sich die Dame rege am Gespr\u00e4ch beteiligen, sie muss nur erst einmal warm werden. Die Jungfrau taut auf, die Unterhaltungen werden entspannter und harmonischer, sie wird witzig im Laufe der Zeit und Sie merken schnell, ob sie auf der gleichen Wellenl\u00e4nge unterwegs sind.<\/p>\n<p>Werden Sie jedoch nicht zu schnell zu gef\u00fchlvoll, denn das schreckt die Damen ab. Zu Anfang sprechen sie nicht gerne \u00fcber Gef\u00fchle und bleiben erstmal etwas neutraler. Sie k\u00f6nnen gerne etwas mehr \u00fcber sich erz\u00e4hlen, die Jungfrau freut sich darauf, sie n\u00e4her kennen zu lernen, weshalb es sich auch empfiehlt am Anfang nicht zu viele Fragen zu stellen, da die Dame nicht gerne zu schnell zu viel von sich preisgibt.<\/p>\n<h2>F\u00fcr immer gebunden?<\/h2>\n<p>Wenn Sie es erstmal geschafft haben, das Herz der Jungfrau-Frau zu erobern, so k\u00f6nnen Sie sich relativ sicher sein, dass ihre Beziehung lange halten wird. Lassen Sie der Dame jedoch ihre Freiheit und engen Sie auf keinen Fall ein. Sie ist bodenst\u00e4ndig und wei\u00df, was sie will, daf\u00fcr braucht sie auch keine t\u00e4glichen Liebesbeweise oder Bekundungen. Diese Art der Gef\u00fchlsausbr\u00fcche verschreckt sie eher.<\/p>\n<p>Stabilit\u00e4t ist ihr in der Beziehung wichtig, genauso unternimmt sie aber auch gerne Dinge mit ihrem Partner, statt nur den Alltag zuhause zu verbringen.<\/p>\n<p>Die besten Partner f\u00fcr eine Jungfrau-Dame sind Stier, Krebs, <a href=\"https:\/\/www.elflirt.de\/magazin\/jungfrau-mann-erobern\/\">Jungfrau<\/a>, Skorpion und <a href=\"https:\/\/www.elflirt.de\/magazin\/steinbock-mann-erobern\/\">Steinbock<\/a>. Eher weniger passend sind Widder, L\u00f6we und Fische.<\/p>\n","protected":false},"excerpt":{"rendered":"<p>Sie haben eine Frau kennengelernt, die absolut loyal, zielstrebig, leidenschaftlich, bodenst\u00e4ndig, ehrlich und sehr perfektionistisch ist. Die immer rational und<\/p>\n","protected":false},"author":3,"featured_media":845,"parent":0,"menu_order":0,"comment_status":"closed","ping_status":"closed","template":"","meta":{"footnotes":""},"class_list":["post-844","page","type-page","status-publish","has-post-thumbnail","hentry","comments-off"],"aioseo_notices":[],"_links":{"self":[{"href":"https:\/\/www.elflirt.de\/magazin\/wp-json\/wp\/v2\/pages\/844","targetHints":{"allow":["GET"]}}],"collection":[{"href":"https:\/\/www.elflirt.de\/magazin\/wp-json\/wp\/v2\/pages"}],"about":[{"href":"https:\/\/www.elflirt.de\/magazin\/wp-json\/wp\/v2\/types\/page"}],"author":[{"embeddable":true,"href":"https:\/\/www.elflirt.de\/magazin\/wp-json\/wp\/v2\/users\/3"}],"replies":[{"embeddable":true,"href":"https:\/\/www.elflirt.de\/magazin\/wp-json\/wp\/v2\/comments?post=844"}],"version-history":[{"count":3,"href":"https:\/\/www.elflirt.de\/magazin\/wp-json\/wp\/v2\/pages\/844\/revisions"}],"predecessor-version":[{"id":1120,"href":"https:\/\/www.elflirt.de\/magazin\/wp-json\/wp\/v2\/pages\/844\/revisions\/1120"}],"wp:featuredmedia":[{"embeddable":true,"href":"https:\/\/www.elflirt.de\/magazin\/wp-json\/wp\/v2\/media\/845"}],"wp:attachment":[{"href":"https:\/\/www.elflirt.de\/magazin\/wp-json\/wp\/v2\/media?parent=844"}],"curies":[{"name":"wp","href":"https:\/\/api.w.org\/{rel}","templated":true}]}}