{"id":847,"date":"2022-02-08T20:37:36","date_gmt":"2022-02-08T19:37:36","guid":{"rendered":"https:\/\/www.elflirt.de\/magazin\/?page_id=847"},"modified":"2023-10-06T18:54:09","modified_gmt":"2023-10-06T16:54:09","slug":"schuetze-mann-erobern","status":"publish","type":"page","link":"https:\/\/www.elflirt.de\/magazin\/schuetze-mann-erobern\/","title":{"rendered":"Sch\u00fctze Mann erobern &#8211; spielen mit dem Feuer"},"content":{"rendered":"<p>Abenteuerlustig und weltoffen: Das ist der Sch\u00fctze-Mann. Doch M\u00e4nner mit diesem <a href=\"https:\/\/www.elflirt.de\/lexikon\/liebe-im-zeichen-der-sternzeichen.php\">Sternzeichen<\/a> spielen auch gerne mit dem Feuer. Viele Frauen werden automatisch von Sch\u00fctze-M\u00e4nnern angezogen, was im ersten Moment ja nicht schlecht klingt. Leider gibt es an der ganzen Sache einen Haken: Der Sch\u00fctze-Mann bindet sich einfach nicht gerne!<\/p>\n<h2>So trifft ihn Armors Pfeil &#8211; Den Sch\u00fctze-Mann gezielt um den Finger wickeln<\/h2>\n<p>Obwohl M\u00e4nner mit dem Sternzeichen Sch\u00fctze sehr gerne <a href=\"https:\/\/www.elflirt.de\/magazin\/flirten\/\">flirten<\/a> und nichts anbrennen lassen, hei\u00dft das aber noch lange nicht, dass sie niemals zu erobern sind. Auch sein Herz l\u00e4sst sich im Sturm erobern und er kann sich letztendlich auf die Liebe einlassen. Regel Nummer eins ist, ihn immer dich erobern zu lassen. Sch\u00fctze-M\u00e4nner m\u00f6gen es \u00fcberhaupt nicht, wenn eine Frau versucht ihn zu erobern.<\/p>\n<p>Lieber m\u00f6chte er selbst die Initiative ergreifen und die Frau an Land ziehen. Au\u00dferdem haben M\u00e4nner im Sternzeichen Sch\u00fctze jede Menge Humor. Dies sollte die zuk\u00fcnftige Frau f\u00fcr den Sch\u00fctze-Mann nat\u00fcrlich auch mitbringen. Zeigt sie schon in der Flirt-Offensive Humor, ist ein Sch\u00fctze automatisch von ihr angetan und das erste Eis bricht. Au\u00dferdem sollte man immerzu vor Optimismus strotzen, denn negative Stimmung hat bei einem Sch\u00fctze-Mann keinen Platz und es funktioniert schon von Vornherein nicht.<\/p>\n<h2>Sch\u00fctzemann erobern &#8211; So klappt es auf Anhieb<\/h2>\n<p>Hat man den Mann im Tierkreiszeichen Sch\u00fctze erst einmal erobert, sollte man ihm auf jeden Fall seine Freir\u00e4ume geben. Merkt dieser n\u00e4mlich, dass seine Liebste nur klammert und ihn in seiner Freiheit einschr\u00e4nkt, ist Amors Pfeil schnell wieder erloschen. Vielen Partnerinnen f\u00e4llt dies nat\u00fcrlich sichtlich schwer, jedoch sollte man auf etwas Positives aus der Sache ziehen: Man selbst hat viel Zeit f\u00fcr sich und seine Freunde und genie\u00dft die Zeit mit seinem Herzmann daf\u00fcr umso mehr.<\/p>\n<p>Eifersuchtsszenen, nachdem er mit seinen Jungs unterwegs war, sollte man ihm aber auf keinen Fall machen. Das schl\u00e4gt ihn schnell in die Flucht und man setzt die komplette Beziehung aufs Spiel. Langeweile sollte in eurer P\u00e4rchenzeit aber nicht unbedingt aufkommen, denn ein Sch\u00fctze graut es vor <a href=\"https:\/\/www.elflirt.de\/lexikon\/mir-ist-langweilig.php\">Langeweile<\/a> zu haben.<\/p>\n<p>Er liebt die spontane Seite an einer Frau und Dates mit ihr zu arrangieren. Frauen die vorher zwei Tage planen m\u00fcssen, um ein Date auf die Beine zu stellen sind beim Sch\u00fctze-Mann fehl am Platz. Da ein Sch\u00fctze-Mann auch eine weiche Seite besitzt, sollte man ihm ausreichend Aufmerksamkeit schenken. Merkt er n\u00e4mlich, dass sich jemand liebevoll um ihn bem\u00fcht, bekommt seine Herzdame das doppelt und dreifach zur\u00fcck.<\/p>\n<p>L\u00fcgen haben kurze Beine. Das wei\u00df auch der Sch\u00fctze-Mann. Eine positive Eigenschaft von ihm ist, dass er immer ehrlich ist und auch viel von einer ehrlichen Beziehung ohne L\u00fcgen h\u00e4lt. Er merkt sofort, wenn etwas nicht stimmt und wenn er angelogen wird. Missbraucht man einmal sein Vertrauen, wird man es so schnell auch nicht mehr wiedergewinnen.<\/p>\n<p>Deshalb sollte man, wenn man auf ehrliche Beziehung aus ist, auch als Frau immer mit offenen Karten spielen. Selbst wenn die Wahrheit unangenehm ist, dem Sch\u00fctze-Mann ist es lieber die Wahrheit zu erfahren als st\u00e4ndig angelogen zu werden. Nur so ist eine Beziehung auf langer Basis m\u00f6glich.<\/p>\n<h2>Fazit<\/h2>\n<p>Einen Sch\u00fctze-Mann zu erobern ist zwar schwierig, aber auf jeden Fall machbar. Allerdings sollte es reichen, die Aufmerksamkeit auf die Dame zu lenken und ihn dann dich erobern zu lassen. Er mag es n\u00e4mlich \u00fcberhaupt nicht, wenn man ihm zu viele Aufgaben abnimmt. Hat man ihn aber erst einmal rumgekriegt, w\u00fcrde er alles f\u00fcr seine Herzdame machen.<\/p>\n<p>Diese sollte aber nicht den Fehler begehen und ihren Sch\u00fctze-Mann zu sehr einengen, sonst ist er schnell wieder \u00fcber alle Berge. Unternimmt man aber viel mit ihm und ist immerzu spontan, kann die Beziehung sehr gut funktionieren. Auch Ehrlichkeit steht beim Sch\u00fctze-Mann an aller erster Stelle. Merkt er, dass man ihn bel\u00fcgt, ist seine Herzdame ganz schnell abgeschrieben.<\/p>\n<p>Lieber einmal mehr mit der unangenehmen Wahrheit rausr\u00fccken als einmal zu wenig, denn nur so kann man einen Sch\u00fctze-Mann halten. Ehrlichkeit ist einer Beziehung eigentlich immer das A und O und das sollte niemals in Frage gestellt werden. Hat man den Mann mit dem Tierkreiszeichen Sch\u00fctze aber dann endg\u00fcltig ins Herz getroffen, wird er seine neue Liebe fest darin einschlie\u00dfen und auch nicht so schnell wieder herauslassen. Nach einem tollen Wochenende mit seinen Kumpels, sch\u00e4tzt er diese N\u00e4he umso mehr.<\/p>\n","protected":false},"excerpt":{"rendered":"<p>Abenteuerlustig und weltoffen: Das ist der Sch\u00fctze-Mann. Doch M\u00e4nner mit diesem Sternzeichen spielen auch gerne mit dem Feuer. Viele Frauen<\/p>\n","protected":false},"author":3,"featured_media":848,"parent":0,"menu_order":0,"comment_status":"closed","ping_status":"closed","template":"","meta":{"footnotes":""},"class_list":["post-847","page","type-page","status-publish","has-post-thumbnail","hentry","comments-off"],"aioseo_notices":[],"_links":{"self":[{"href":"https:\/\/www.elflirt.de\/magazin\/wp-json\/wp\/v2\/pages\/847","targetHints":{"allow":["GET"]}}],"collection":[{"href":"https:\/\/www.elflirt.de\/magazin\/wp-json\/wp\/v2\/pages"}],"about":[{"href":"https:\/\/www.elflirt.de\/magazin\/wp-json\/wp\/v2\/types\/page"}],"author":[{"embeddable":true,"href":"https:\/\/www.elflirt.de\/magazin\/wp-json\/wp\/v2\/users\/3"}],"replies":[{"embeddable":true,"href":"https:\/\/www.elflirt.de\/magazin\/wp-json\/wp\/v2\/comments?post=847"}],"version-history":[{"count":3,"href":"https:\/\/www.elflirt.de\/magazin\/wp-json\/wp\/v2\/pages\/847\/revisions"}],"predecessor-version":[{"id":1145,"href":"https:\/\/www.elflirt.de\/magazin\/wp-json\/wp\/v2\/pages\/847\/revisions\/1145"}],"wp:featuredmedia":[{"embeddable":true,"href":"https:\/\/www.elflirt.de\/magazin\/wp-json\/wp\/v2\/media\/848"}],"wp:attachment":[{"href":"https:\/\/www.elflirt.de\/magazin\/wp-json\/wp\/v2\/media?parent=847"}],"curies":[{"name":"wp","href":"https:\/\/api.w.org\/{rel}","templated":true}]}}