{"id":853,"date":"2022-02-09T08:14:28","date_gmt":"2022-02-09T07:14:28","guid":{"rendered":"https:\/\/www.elflirt.de\/magazin\/?page_id=853"},"modified":"2023-10-06T16:56:30","modified_gmt":"2023-10-06T14:56:30","slug":"widder-frau-erobern","status":"publish","type":"page","link":"https:\/\/www.elflirt.de\/magazin\/widder-frau-erobern\/","title":{"rendered":"Widder Frau &#8211; Tipps f\u00fcr Eroberung"},"content":{"rendered":"<h2>Wie Sie eine Widder Frau verzaubern k\u00f6nnen<\/h2>\n<p>Der Widder liebt es, wenn er in einer Beziehung viel Abwechslung erleben darf. Stillstand ist ganz und gar nicht sein Ding. Durch seine gro\u00dfe Unternehmungslust dr\u00e4ngt es ihn immer weiter, und Routine wird bei diesem <a href=\"https:\/\/www.elflirt.de\/lexikon\/liebe-im-zeichen-der-sternzeichen.php\">Sternzeichen<\/a> nicht toleriert. Neue Pl\u00e4ne sind an der Tagesordnung, und diese wollen auch rasch umgesetzt werden. Als potenzieller Partner ist es gut, wenn Sie ebenfalls sehr spontan sind. Alles andere kann die Widder Frau schnell auf die Palme bringen.<\/p>\n<h2>Ausgepr\u00e4gte Wesensz\u00fcge<\/h2>\n<p>Dieses feurige Sternzeichen will niemals eingeengt werden. Wenn es soweit kommen sollte, wird sich der Widder auf jeden Fall wehren. Dabei kann es auch passieren, dass er gewisse Grenzen \u00fcberschreitet und Dinge tut, die er im Anschluss wahrscheinlich bereut. Sollte er jedoch auf Akzeptanz sto\u00dfen, dann ist er ein absolut loyaler Partner, und eine best\u00e4ndige Beziehung kann aufgebaut werden. Wenn Sie sein Wesen gut verstehen und nachvollziehen, werden Sie mit ihm die ber\u00fchmten Pferde stehlen. Sollte dies nicht der Fall sein, kann es zu turbulenten <a href=\"https:\/\/www.elflirt.de\/magazin\/eifersucht\/\">Eifersuchtsszenen<\/a> kommen.<\/p>\n<h2>Das erste Treffen<\/h2>\n<p>Zu einer Widder Dame k\u00f6nnen Sie spontan Kontakt aufnehmen, da dieses Sternzeichen sehr begeisterungsf\u00e4hig ist. Langfristige Pl\u00e4ne sind undenkbar f\u00fcr sie, und die Spontaneit\u00e4t gewinnt immer. Sie haben Gl\u00fcck, weil Ihre Auserw\u00e4hlte nur wenig Zeit mit Schminken oder Outfitwahl verbringen wird. Im Prinzip ist sie gerne locker und sportlich gekleidet, so wie es ihrem Naturell entspricht.<\/p>\n<p><a href=\"https:\/\/www.elflirt.de\/lexikon\/erste-date.php\">Das erste Date<\/a> d\u00fcrfen Sie also eher leger angehen, damit sie sich wohlf\u00fchlt und ganz ungezwungen in eine Plauderei findet. Spa\u00df wird bei ihr gro\u00dfgeschrieben! Eine perfekte Location ist schnell gew\u00e4hlt, weil die Widder Dame in dieser Hinsicht recht unkompliziert ist. Sie konzentriert sich lieber auf ihre Begleitung, und schenkt dieser auch die ganze Aufmerksamkeit. Sie Gl\u00fcckspilz!<\/p>\n<h3>Die besten Tipps f\u00fcr die Eroberung<\/h3>\n<p>Wenn Sie ihre Widder Lady beeindrucken wollen, sollten Sie ein paar wesentliche Fakten ber\u00fccksichtigen. Versuchen Sie gleich zu Beginn, sie von ihren St\u00e4rken zu \u00fcberzeugen. Sollten Sie Schw\u00e4chen zeigen, haben Sie h\u00f6chstwahrscheinlich schlechte Karten im weiteren Verlauf des Kennenlernens. Also \u00fcberlegen Sie sich rechtzeitig, welche Vorz\u00fcge Sie pr\u00e4sentieren wollen.<\/p>\n<p>Diese Damen m\u00fcssen das Gef\u00fchl haben, dass der Mann an ihrer Seite einiges aush\u00e4lt, und die sprichw\u00f6rtliche starke Schulter bieten kann. Starke Nerven sind auf jeden Fall von Vorteil, wenn die Partnerin ihre ungez\u00fcgelte Energie zum Ausdruck bringen will. Daf\u00fcr hat <a href=\"https:\/\/www.elflirt.de\/lexikon\/mir-ist-langweilig.php\">Langeweile<\/a> keine Chance, und der Alltag wird immer abwechslungsreich bleiben. Mit Sportlichkeit k\u00f6nnen Sie hundertprozentig punkten, weil ihr die m\u00e4nnliche St\u00e4rke extrem imponiert.<\/p>\n<p>Ein durchtrainierter K\u00f6rper f\u00e4llt genau in ihr Beuteschema, und das l\u00e4sst sie ihr Gegen\u00fcber auch wissen. K\u00e4mpferische Typen ziehen die Widder Dame geradezu magisch an, und ein offenes Wesen findet sie \u00e4u\u00dferst attraktiv. Wenn Sie das Ganze auch noch mit Stil verbinden k\u00f6nnen, stehen Ihre Chancen mehr als gut, ihre <a href=\"https:\/\/www.elflirt.de\/lexikon\/traumpartner-finden.php\">Traumpartnerin<\/a> n\u00e4her kennenzulernen.<\/p>\n<h3>Wie die Partnerschaft super gelingen kann<\/h3>\n<p>Sie sollten wissen, dass Casanova, der bekannteste Verf\u00fchrer der Geschichte, ebenfalls ein Widder war. Also machen Sie sich bereit f\u00fcr eine abenteuerliche Reise. Die Eroberung liegt diesen Ladys im Blut, und ihre rasche Entflammbarkeit ist legend\u00e4r. Manchmal werden sie auch als wankelm\u00fctig eingestuft, doch daf\u00fcr ergreifen sie gerne die Initiative, sobald die ersten <a href=\"https:\/\/www.elflirt.de\/magazin\/schmetterlinge-im-bauch\/\">Schmetterlinge im Bauch<\/a> flattern.<\/p>\n<p>Zeigen Sie Ihre selbstst\u00e4ndige Seite, weil das bei ihrer Partnerin bestens ankommt. Nichts ist schlimmer f\u00fcr sie, als das Gef\u00fchl, ein Anh\u00e4ngsel mit sich herumschleppen zu m\u00fcssen. Mit hilfsbed\u00fcrftigen M\u00e4nnern kann sie nicht viel anfangen. Als vollwertiger Partner sollten Sie Ihr Selbstbewusstsein immer stolz pr\u00e4sentieren, dann werden Sie auch kritische Bemerkungen des Widders mit Bravour wegstecken k\u00f6nnen. Im Gegenzug dazu werden Sie eine gewisse Bewunderung ihrer Partnerin ernten.<\/p>\n<p>Ihr wildes Temperament kann Ihnen einiges an Reaktionsf\u00e4higkeit abverlangen. Erst dann genie\u00dft Ihre Partnerin die Beziehung in vollen Z\u00fcgen. Wenn Sie ein Gegenstatement setzen, befeuert das ihre Leidenschaft und Lebensfreude. Kontrapunkte sind also erw\u00fcnscht!<\/p>\n<p>Daf\u00fcr erleben Sie viel Emotionalit\u00e4t und tiefe Gef\u00fchle. Echte Ruhe wird erst nach einigen Jahren der Partnerschaft einkehren. Vermitteln Sie ihrer Widder Dame Tr\u00e4ume und Visionen, so kommt niemals Langeweile auf. Enthusiasmus steht f\u00fcr sie an erster Stelle, und wenn sie diesen bei ihr entfachen, sind Sie am Ziel angelangt!<\/p>\n<p>Auf den Punkt gebracht k\u00f6nnen Sie sicher sein, mit einer Widder Dame ein temperamentvolles Wesen an Ihrer Seite zu haben. Wenn Sie die Abwechslung lieben und ihr Leben sehr flexibel gestalten wollen, landen Sie mit ihr garantiert einen Volltreffer!<\/p>\n","protected":false},"excerpt":{"rendered":"<p>Wie Sie eine Widder Frau verzaubern k\u00f6nnen Der Widder liebt es, wenn er in einer Beziehung viel Abwechslung erleben darf.<\/p>\n","protected":false},"author":3,"featured_media":854,"parent":0,"menu_order":0,"comment_status":"closed","ping_status":"closed","template":"","meta":{"footnotes":""},"class_list":["post-853","page","type-page","status-publish","has-post-thumbnail","hentry","comments-off"],"aioseo_notices":[],"_links":{"self":[{"href":"https:\/\/www.elflirt.de\/magazin\/wp-json\/wp\/v2\/pages\/853","targetHints":{"allow":["GET"]}}],"collection":[{"href":"https:\/\/www.elflirt.de\/magazin\/wp-json\/wp\/v2\/pages"}],"about":[{"href":"https:\/\/www.elflirt.de\/magazin\/wp-json\/wp\/v2\/types\/page"}],"author":[{"embeddable":true,"href":"https:\/\/www.elflirt.de\/magazin\/wp-json\/wp\/v2\/users\/3"}],"replies":[{"embeddable":true,"href":"https:\/\/www.elflirt.de\/magazin\/wp-json\/wp\/v2\/comments?post=853"}],"version-history":[{"count":3,"href":"https:\/\/www.elflirt.de\/magazin\/wp-json\/wp\/v2\/pages\/853\/revisions"}],"predecessor-version":[{"id":1116,"href":"https:\/\/www.elflirt.de\/magazin\/wp-json\/wp\/v2\/pages\/853\/revisions\/1116"}],"wp:featuredmedia":[{"embeddable":true,"href":"https:\/\/www.elflirt.de\/magazin\/wp-json\/wp\/v2\/media\/854"}],"wp:attachment":[{"href":"https:\/\/www.elflirt.de\/magazin\/wp-json\/wp\/v2\/media?parent=853"}],"curies":[{"name":"wp","href":"https:\/\/api.w.org\/{rel}","templated":true}]}}