{"id":872,"date":"2022-02-09T20:08:01","date_gmt":"2022-02-09T19:08:01","guid":{"rendered":"https:\/\/www.elflirt.de\/magazin\/?page_id=872"},"modified":"2023-10-06T16:56:26","modified_gmt":"2023-10-06T14:56:26","slug":"stier-frau-erobern","status":"publish","type":"page","link":"https:\/\/www.elflirt.de\/magazin\/stier-frau-erobern\/","title":{"rendered":"Stier-Frau erobern &#8211; So verliebt sie sich in Ihnen"},"content":{"rendered":"<h2>Wie erobert Man(n) eine Stier-Frau erfolgreich?<\/h2>\n<p>Sie haben eine Frau mit dem Sternzeichen Stier kennengelernt, die Sie einfach umwerfend finden? Doch wie erobern Sie nun das Herz dieser bezaubernden Frau, die allerdings ganz genau wei\u00df, was sie m\u00f6chte, auch in Sachen Liebe und Beziehung?<\/p>\n<p>Im Folgenden werden die pr\u00e4gnantesten Eigenschaften der Stier-Frauen beschrieben und anschlie\u00dfend erkl\u00e4rt, wie Sie auf Grundlage dessen ihre Aufmerksamkeit gewinnen und ein erfolgreiches Date zusammen erleben k\u00f6nnen. Das k\u00f6nnte dann auch der Beginn f\u00fcr eine gl\u00fcckliche und langfristige Beziehung sein. Vielleicht verliebt sie sich so in Ihnen..<\/p>\n<h2>Eigenschaften der Stier-Frau:<\/h2>\n<p>Zum <a href=\"https:\/\/www.elflirt.de\/lexikon\/liebe-im-zeichen-der-sternzeichen.php\">Sternzeichen<\/a> der Stiere werden alle diejenigen gez\u00e4hlt, die zwischen 21. April und 20. Mai geboren sind. Der Stier gilt bei Astrologen als das zweite Sternzeichen im Tierkreis\u00a0 und z\u00e4hlt au\u00dferdem zu den Erdzeichen.<\/p>\n<p><strong>Bodenst\u00e4ndig:<\/strong><br \/>\nDie Stier-Frauen sind, wie es sich als Erdzeichen vermuten l\u00e4sst, sehr bodenst\u00e4ndig. Das bedeutet, dass diese Frauen eher nicht zu den optimistischen Tr\u00e4umern gez\u00e4hlt werden, sondern sehr realistisch auf ihr Leben, ihre W\u00fcnsche und ihre Zukunft blicken.<\/p>\n<p><strong>Stabilit\u00e4t:<\/strong><br \/>\nAls sehr bodenst\u00e4ndige und realistische Person, sehnt sich der Stier stets nach Stabilit\u00e4t. Dies bezieht sich sowohl auf Situationen wie Wohnort, oder Job, als auch auf Personen wie Freundschaften oder einen Lebenspartner. Stiere lehnen es ab, in diesen Punkten Risikos einzugehen.<\/p>\n<p><strong>Zuverl\u00e4ssigkeit:<\/strong><br \/>\nEine weitere sehr positive Eigenschaft ist, dass Stier-Frauen sehr zuverl\u00e4ssige Wesen sind. Dies erwarten sie allerdings ebenfalls von ihren Mitmenschen und k\u00f6nnen demnach Unzuverl\u00e4ssigkeit oder Unp\u00fcnktlichkeit nicht ausstehen.<\/p>\n<p><strong>Ehrlichkeit:<\/strong><br \/>\nGanz unverbl\u00fcmt sagen Stiere meist direkt, was sie denken. Denn sie sind meist sehr ehrlich. Dies kann zum einen ein Vorteil sein, manchmal aber auch verletzend wirken.<\/p>\n<p><strong>Treue:<\/strong><br \/>\nIn direkter Verbindung zur Ehrlichkeit steht die <a href=\"https:\/\/www.elflirt.de\/magazin\/treu-bleiben\/\">Treue<\/a>. Denn auch in Beziehungen sind sie sehr ehrlich und loyal und halten ihren Freunden oder Partnern absolut die Treue und begehen im Regelfall keine <a href=\"https:\/\/www.elflirt.de\/lexikon\/fremdgehen-seitensprung.php\">Seitenspr\u00fcnge<\/a>.<\/p>\n<p><strong>Sturheit:<\/strong><br \/>\nWie man es bei einem echten Stier erwarten w\u00fcrde, sind auch Stier-Frauen oft sehr stur. Dies ist eine ihrer gr\u00f6\u00dften Schw\u00e4chen. Denn sie sehen ungern Fehler ein oder weichen von ihrer urspr\u00fcnglichen Position ab. F\u00fcr ihre Mitmenschen ist es deshalb wichtig, zu wissen, wie man am besten mit dieser Charaktereigenschaft umgehen sollte, um unn\u00f6tige Streite zu vermeiden.<\/p>\n<p><strong>Eifersucht:<\/strong><br \/>\nEifersucht kann sowohl als positive als auch als negative Eigenschaft betitelt werden. Entscheidend ist jedoch, dass man einer Stier-Frau m\u00f6glichst wenig begr\u00fcndete Anl\u00e4sse zur <a href=\"https:\/\/www.elflirt.de\/magazin\/eifersucht\/\">Eifersucht<\/a> geben sollte, da sie sehr schnell darauf anspringen w\u00fcrde. Und nimmt die Eifersucht ein zu hohes Ma\u00df an, kann sie schnell zum Beziehungs-Killer werden. Stier-Frauen erwarten eben absolute Treue und Ehrlichkeit von ihrem Partner.<\/p>\n<h2>Was ist einer Stier-Frau bei ihrem Partner wichtig?<\/h2>\n<p>Wenn Sie nun Eindruck bei einer Stier-Frau machen wollen und so ihre Aufmerksamkeit gewinnen wollen, sollten Sie sich diese Eigenschaften zu Herzen nehmen und Sie in Ihrem eigenen Handeln ber\u00fccksichtigen.<\/p>\n<p>Denn da Stier-Frauen sehr bodenst\u00e4ndige und selbstst\u00e4ndige Frauen sind, w\u00fcnschen sie sich ein entsprechendes Gegenbild als Partner, sodass dieser im besten Falle selbst erfolgreich in seinem Beruf ist und dies auch selbstbewusst ausstrahlt. Hochwertige Qualit\u00e4t sch\u00e4tzen Stier-Frauen in ihrem Alltag, sodass der Mann dies bestenfalls bieten sollte.<\/p>\n<p>Au\u00dferdem achtet die Stier-Frau besonders auf die Charakter-Eigenschaften, welche sie selbst auszeichnet. Das hei\u00dft ihr Partner sollte zuverl\u00e4ssig, ehrlich und treu sein. Unp\u00fcnktlichkeit kann sie n\u00e4mlich gar nicht ausstehen, sodass sie dies bei einem Mann als unattraktiv wahrnehmen w\u00fcrde.<\/p>\n<p>Des Weiteren ist die Stier-Frau meist nicht auf der Suche nach einem spontanen und kurzweiligen Abenteuer, sodass sie mit einem Mann direkt in die Kiste springen w\u00fcrde, sondern sehnt sich nach einer ausgeglichenen, harmonischen Beziehung, welche keine Unsicherheiten oder Risiken mit sich bringen sollte.<\/p>\n<h2>Tipps f\u00fcr ein erfolgreiches Date<\/h2>\n<p>Wenn Sie nun also bereits einen ersten guten Eindruck bei der Stier-Frau gemacht haben, k\u00f6nnen Sie sie nun auf <a href=\"https:\/\/www.elflirt.de\/lexikon\/erste-date.php\">ein erstes Date<\/a> einladen. Damit das Date auch ein wahrer Erfolg wird, k\u00f6nnten diese Tipps bei der Gestaltung und Umsetzung des Dates helfen.<\/p>\n<p><strong>1) Stier-Frauen sind wahre Romantiker:<\/strong><br \/>\nEine Stier-Frau ist meist sehr sinnlich und liebt <a href=\"https:\/\/www.elflirt.de\/lexikon\/romantische-ideen.php\">Romantik<\/a>. Deshalb freut sie sich im Regelfall sehr \u00fcber Aufmerksamkeiten ihres Partners. Gelungene Geschenke k\u00f6nnen zum Beispiel Blumen sein, oder wann Sie eine gr\u00f6\u00dfere \u00dcberraschung vorbereiten wollen, freut sie sich mit Sicherheit auch \u00fcber ein Candellight-Dinner. W\u00e4hrend Sie letzteres jedoch am besten nicht beim ersten Date organisieren sollten, k\u00f6nnen Sie dennoch auf jeden Fall mit Blumen punkten.<\/p>\n<p>Als besonders sinnliche Frau, genie\u00dft ein Stier gerne mit allen Sinnen. Das kann sowohl durch ein qualitativ hochwertiges Men\u00fc, durch einen unvergesslich sch\u00f6nen Ausblick auf den Sonnenuntergang, als auch durch zarten K\u00f6rperkontakt wie liebevolles Streicheln sein.<\/p>\n<p><strong>2) Qualit\u00e4t statt Quantit\u00e4t:<\/strong><br \/>\nBei ihrer gemeinsamen Unternehmung ist es einer Stier-Frau immer wichtig, dass sie durch Qualit\u00e4t \u00fcberzeugt wird. Das bedeutet: greifen Sie lieber etwas tiefer in die Tasche und w\u00e4hlen Sie beispielsweise einen hochwertigeren Wein aus, oder decken sie bei einem Abendessen die hochwertigen Porzellan-Teller. Denn darauf stehen Stier-Frauen und es symbolisiert ihnen gleichzeitig, dass sie es dem Partner wert sind, auch etwas mehr Geld auszugeben.<\/p>\n<p><strong>3) Lieber zu fr\u00fch, als zu sp\u00e4t:<\/strong><br \/>\nWie schon zuvor erw\u00e4hnt, ist dem Stier Zuverl\u00e4ssigkeit besonders wichtig. Deshalb stelle bei deinen Vorbereitungen am besten einen realistischen Zeitplan auf, welches auch etwas Zeit-Puffer besitzt, sodass du in jedem Falle p\u00fcnktlich bei eurem vereinbarten Ort erscheinst. Hier gilt: Komme lieber 10 Minuten zu fr\u00fch, als 1 Minute zu sp\u00e4t!<\/p>\n<p><strong>4) Bringen Sie viel Geduld mit:<\/strong><br \/>\nDer letzte und wichtigste Tipp f\u00fcr eine erfolgreiches Date ist, dass Sie viel Geduld haben sollten. Stier-Frauen sind sehr vorsichtige Frauen und gehen ungern ein Risiko ein. Dies gilt auch f\u00fcr eine m\u00f6gliche Beziehung. Bevor sie einen Mann n\u00e4her an sich ran l\u00e4sst, muss sie ihn zun\u00e4chst sehr gut kennenlernen, um sich so sicher mit ihm sein zu k\u00f6nnen.<\/p>\n<p>Deshalb ist es wichtig, dass Sie ihr Zeit geben und sie nicht zu irgendetwas dr\u00e4ngen. Denn das w\u00fcrde nur ein unsicheres Gef\u00fchl bei ihr wecken und den Eindruck vermitteln, dass Sie nicht auf der Suche nach einer ernsthaften, loyalen Beziehung sind. Gedulden Sie sich also, dann wird sich auch die Stier-Frau allm\u00e4hlig \u00f6ffnen und sie k\u00f6nnen sich n\u00e4her kommen.<\/p>\n","protected":false},"excerpt":{"rendered":"<p>Wie erobert Man(n) eine Stier-Frau erfolgreich? Sie haben eine Frau mit dem Sternzeichen Stier kennengelernt, die Sie einfach umwerfend finden?<\/p>\n","protected":false},"author":3,"featured_media":873,"parent":0,"menu_order":0,"comment_status":"closed","ping_status":"closed","template":"","meta":{"footnotes":""},"class_list":["post-872","page","type-page","status-publish","has-post-thumbnail","hentry","comments-off"],"aioseo_notices":[],"_links":{"self":[{"href":"https:\/\/www.elflirt.de\/magazin\/wp-json\/wp\/v2\/pages\/872","targetHints":{"allow":["GET"]}}],"collection":[{"href":"https:\/\/www.elflirt.de\/magazin\/wp-json\/wp\/v2\/pages"}],"about":[{"href":"https:\/\/www.elflirt.de\/magazin\/wp-json\/wp\/v2\/types\/page"}],"author":[{"embeddable":true,"href":"https:\/\/www.elflirt.de\/magazin\/wp-json\/wp\/v2\/users\/3"}],"replies":[{"embeddable":true,"href":"https:\/\/www.elflirt.de\/magazin\/wp-json\/wp\/v2\/comments?post=872"}],"version-history":[{"count":3,"href":"https:\/\/www.elflirt.de\/magazin\/wp-json\/wp\/v2\/pages\/872\/revisions"}],"predecessor-version":[{"id":1118,"href":"https:\/\/www.elflirt.de\/magazin\/wp-json\/wp\/v2\/pages\/872\/revisions\/1118"}],"wp:featuredmedia":[{"embeddable":true,"href":"https:\/\/www.elflirt.de\/magazin\/wp-json\/wp\/v2\/media\/873"}],"wp:attachment":[{"href":"https:\/\/www.elflirt.de\/magazin\/wp-json\/wp\/v2\/media?parent=872"}],"curies":[{"name":"wp","href":"https:\/\/api.w.org\/{rel}","templated":true}]}}