{"id":875,"date":"2022-02-09T20:29:27","date_gmt":"2022-02-09T19:29:27","guid":{"rendered":"https:\/\/www.elflirt.de\/magazin\/?page_id=875"},"modified":"2023-10-06T18:17:30","modified_gmt":"2023-10-06T16:17:30","slug":"wassermann-frau-erobern","status":"publish","type":"page","link":"https:\/\/www.elflirt.de\/magazin\/wassermann-frau-erobern\/","title":{"rendered":"Wassermann Frau erobern &#8211; So ziehen Sie sie ans Land"},"content":{"rendered":"<h2>Mit List und T\u00fccke findet sich auch bei der Wassermann Frau eine L\u00fccke<\/h2>\n<p>Und ist das Leben trist und leer, muss einfach eine Wassermann-Frau her. Langeweile, dass sollte Ihnen bei der Wassermann Frau bekannt sein, kommt in Ihrem Wortschatz nicht vor, denn sie ist alles andere als <a href=\"https:\/\/www.elflirt.de\/lexikon\/mir-ist-langweilig.php\">langweilig<\/a>.<\/p>\n<p>Um eine Wassermann-Frau zu erobern, muss man sich schon eine Menge einfallen lassen. Schirm \u2013 Charme \u2013 Melone war gestern. Wenn Sie t\u00e4glich im Fernsehen die Wettervorhersage ansehen, sind Sie der Wassermann Frau schon ein St\u00fcck n\u00e4her gekommen, denn sie ist genauso unbest\u00e4ndig wie das Wetter, daf\u00fcr aber sehr lebenslustig, immer f\u00fcr einen Spa\u00df zu haben und gerne in Gesellschaft. Wenn Ihnen diese Eigenarten zusagen, dann nichts wie ran an den Speck.<\/p>\n<p>Sie sollten aber auch nicht alles glauben, was Sie h\u00f6ren. So sprach einst Gott zu den M\u00e4nnern. \u201eIhr werdet h\u00fcbsche, intelligente und treue Wassermann Frauen auf der ganzen Welt an jeder Ecke treffen \u2013 dann machte er die Erde rund\u201c!<\/p>\n<p>Nicht verzagen, die Wassermann Frau liebt auch in einem runden Raum \u00dcberraschungen und Herausforderungen, denen Sie sich stellen m\u00fcssen, wenn Sie daran interessiert sind. Nat\u00fcrlich hat keine Frau auf der Stra\u00dfe oder an der Bar ein <a href=\"https:\/\/www.elflirt.de\/lexikon\/liebe-im-zeichen-der-sternzeichen.php\">Sternzeichen<\/a> an der Brust kleben. H\u00e4ufig ist es bei einer ersten Begegnung die Chemie, die bei beiden r\u00fcberkommt und so ein gewisses Interesse versp\u00fcren l\u00e4sst.<\/p>\n<p>Ein Sprichwort sagt: \u201eAuf jeden Pott passt ein Deckel\u201c. Wassermann Frauen sind vielfach sehr zielstrebig und intelligent. Da kann es schon sein, dass der Deckel nicht gut schlie\u00dft.<br \/>\nDes Weiteren spielt bei der ersten Begegnung die Optik, Aussehen und Geschmack eine wesentliche Rolle. So wird ein Mann mit einfacher Schulbildung nicht unbedingt viel Gl\u00fcck bei einer intelligenten Frau mit dem Sternzeichen Wassermann haben, sicherlich auch nicht bei anderen Frauen gleichen Kalibers.<\/p>\n<p>Bevor Sie eine Wassermann-Frau kennen lernen m\u00f6chten, sollten Sie sich erst einmal mit dem Gedanken besch\u00e4ftigen: \u201eWie tickt eine Wassermann-Frau\u201c.<\/p>\n<h2>Die Wesensart einer Wassermann-Frau<\/h2>\n<p>Frauen mit diesem Sternzeichen verf\u00fcgen \u00fcber ein Talent f\u00fcr gute Ideen. Sehr viele sind intellektuell und in gehobenen Positionen in Politik und Wirtschaft vertreten. Als Weltverbesserin liebt sie die Freiheit und das Wohlergehen Ihrer Umwelt. M\u00f6chten Sie jetzt immer noch eine Wassermann-Frau kennen lernen, k\u00f6nnen Sie sich auf einiges gefasst machen.<\/p>\n<p>V\u00f6llig fremd eine Wassermann-Frau zu treffen, ist nicht so einfach, als wenn es hier beruflich schon Parallelen gibt. So ziehen Sie sie ans Land:<\/p>\n<h3>Das Styling<\/h3>\n<p>Nat\u00fcrlich m\u00f6chten Sie mit Ihrem Styling \u00fcberzeugen. Dazu m\u00fcssen Sie sich aber nicht aufbrezeln und sich in einen Nadelstreifenanzug zw\u00e4ngen, den Sie sonst auch nie tragen. Pr\u00e4sentieren Sie sich salopp und sauber, so wie sie es immer machen. Alles andere f\u00e4llt irgendwann auf und f\u00fchrt nicht ans Ziel.<\/p>\n<h3>Es f\u00e4ngt immer mit einem ersten Date an<\/h3>\n<p>Bis sich die Wassermann-Frau \u00f6ffnet, ist in der Regel schon viel Wasser die Elbe runtergeflossen. So k\u00f6nnen Sie sich gl\u00fccklich sch\u00e4tzen, wenn Sie diese H\u00fcrde schon einmal genommen haben. Damit sind Sie noch lange nicht am Ziel. \u201eZur\u00fcckhaltung\u201c lautet das Zauberwort, gerade bei einem ersten Date, denn sogenannte Klammeraffen lieben die wenigsten Frauen und erst recht nicht die Wassermann-Frau, die auf keinen Fall eingeengt den Abend erleben m\u00f6chte.<\/p>\n<p>Lassen Sie ihr einen gewissen Freiraum, r\u00fccken Sie ihr auf die Pelle ist der Abend gelaufen, bevor er so richtig begann. Sehen Sie Ihr <a href=\"https:\/\/www.elflirt.de\/lexikon\/erste-date.php\">erstes Date<\/a> in einem netten Restaurant rein freundschaftlich an. Kennen Sie sich beruflich ist es etwas einfacher, weil dann schon ein gewisses Vertrauen vonseiten der Frau vorhanden ist. Sagen Sie Ihr ruhig, dass Sie sie schon immer sehr interessant fanden und jetzt froh sind, dass es geklappt hat.<\/p>\n<p>Es ist auch nicht wichtig, was Sie tragen, sondern wie Sie es tragen. Intelligente Wassermann Frauen sind sehr bodenst\u00e4ndig und kleiden sich vielfach auch sehr leger mit Jeans und Bluse zum Date. Absolut ein No Go sind Protz-Accessoires wie Ohrringe, dicke Goldketten, Armreifen und \u00e4hnliches bei einem Mann.<\/p>\n<h3>Wo sollte das erste Date stattfinden?<\/h3>\n<p>Ein 5 Sterne-Protzlokal b\u00fcrgt nicht unbedingt f\u00fcr eine Siegertroph\u00e4e bei einem ersten Date. W\u00e4hlen Sie besser ein ausl\u00e4ndisches Lokal. Der gem\u00fctliche Italiener an der Ecke mit leckerer italienischer Hausmannskost, kommt allgemein bei Frauen sehr gut an, dazu einen sch\u00f6nen Rotwein Nero Davola oder Merlot und der Abend nimmt Formen an.<\/p>\n<p>Jetzt h\u00e4ngt der Abend nur noch von der Unterhaltung ab. Die Wassermann-Frau ist immer an vielseitigen Themen interessiert, dennoch gibt es Themen, die gut r\u00fcberkommen, und Themen, die leicht den Abend platzen lassen k\u00f6nnen. Zwar geh\u00f6ren Gespr\u00e4che \u00fcber die Arbeit, wenn beide<a href=\"https:\/\/www.elflirt.de\/lexikon\/jobsingles.php\"> im selben Job<\/a> oder sogar noch im selben Haus arbeiten, nicht unbedingt zu einem Highlight der Gespr\u00e4chsrunde, als Einstieg kurz erw\u00e4hnt, kann daraus ein gutes Gespr\u00e4ch \u00fcber Gott und die Welt erfolgen.<\/p>\n<p>Politik kann ein interessantes Thema sein, aber bei gegens\u00e4tzlichen Meinungen auch zu einem vorzeitigen Ende f\u00fchren. Was immer gut ankommt, sind Reiseberichte. Wenn Sie viel erlebt haben, k\u00f6nnen Sie auch viel dar\u00fcber erz\u00e4hlen. Da kommen auf beiden Seiten Urlaubsgef\u00fchle auf, die eventuell einmal zu einem gemeinsamen Urlaub f\u00fchren. Vermeiden Sie langweilige Themen, bevor Ihre Partnerin am Tisch einschl\u00e4ft.<\/p>\n<h3>Vom Date zur festen Beziehung<\/h3>\n<p>Den Anfang haben Sie schon mal geschafft. Jetzt werden die n\u00e4chsten Monate zeigen, wie es sich weiter entwickelt. Ebenso schnell wie es begann, kann es bei der Wassermann Frau auch enden. Enden kann es relativ schnell, wenn Sie nicht mehr von ihr loslassen und sie quasi einengen. Wasserm\u00e4nner brauchen ihre Freiheit und auch l\u00e4nger bis sie sich an einen Partner gew\u00f6hnt haben. Wasserm\u00e4nner sind sehr sprunghaft in ihrem Temperament. Das kann recht anstrengend werden, um da immer mitzuhalten.<\/p>\n<p>Die Wassermann-Frau hasst Langweile, auch w\u00e4hrend der Beziehung wird sie immer wieder neue Sachen ausprobieren. Folge ihr, halte Ausschau nach au\u00dfergew\u00f6hnlichen Unternehmungen und zeige ihr damit, dass Du ebenso experimentierfreudig bis wie sie. So wird in dieser Beziehung nie Langeweile aufkommen.<\/p>\n","protected":false},"excerpt":{"rendered":"<p>Mit List und T\u00fccke findet sich auch bei der Wassermann Frau eine L\u00fccke Und ist das Leben trist und leer,<\/p>\n","protected":false},"author":3,"featured_media":876,"parent":0,"menu_order":0,"comment_status":"closed","ping_status":"closed","template":"","meta":{"footnotes":""},"class_list":["post-875","page","type-page","status-publish","has-post-thumbnail","hentry","comments-off"],"aioseo_notices":[],"_links":{"self":[{"href":"https:\/\/www.elflirt.de\/magazin\/wp-json\/wp\/v2\/pages\/875","targetHints":{"allow":["GET"]}}],"collection":[{"href":"https:\/\/www.elflirt.de\/magazin\/wp-json\/wp\/v2\/pages"}],"about":[{"href":"https:\/\/www.elflirt.de\/magazin\/wp-json\/wp\/v2\/types\/page"}],"author":[{"embeddable":true,"href":"https:\/\/www.elflirt.de\/magazin\/wp-json\/wp\/v2\/users\/3"}],"replies":[{"embeddable":true,"href":"https:\/\/www.elflirt.de\/magazin\/wp-json\/wp\/v2\/comments?post=875"}],"version-history":[{"count":3,"href":"https:\/\/www.elflirt.de\/magazin\/wp-json\/wp\/v2\/pages\/875\/revisions"}],"predecessor-version":[{"id":1126,"href":"https:\/\/www.elflirt.de\/magazin\/wp-json\/wp\/v2\/pages\/875\/revisions\/1126"}],"wp:featuredmedia":[{"embeddable":true,"href":"https:\/\/www.elflirt.de\/magazin\/wp-json\/wp\/v2\/media\/876"}],"wp:attachment":[{"href":"https:\/\/www.elflirt.de\/magazin\/wp-json\/wp\/v2\/media?parent=875"}],"curies":[{"name":"wp","href":"https:\/\/api.w.org\/{rel}","templated":true}]}}