{"id":883,"date":"2022-02-10T19:29:08","date_gmt":"2022-02-10T18:29:08","guid":{"rendered":"https:\/\/www.elflirt.de\/magazin\/?page_id=883"},"modified":"2023-11-28T14:57:48","modified_gmt":"2023-11-28T13:57:48","slug":"zwilling-mann-erobern","status":"publish","type":"page","link":"https:\/\/www.elflirt.de\/magazin\/zwilling-mann-erobern\/","title":{"rendered":"Zwilling Mann erobern &#8211; Was fasziniert ihn?"},"content":{"rendered":"<h2>M\u00e4nner im Sternzeichen Zwillinge \u2013 So ticken sie<\/h2>\n<p>Sie glauben, Sie haben einen interessanten Mann kennengelernt? Er ist eloquent, charmant und witzig? Entschuldigung, aber es sind zwei, sofern es sich um einen Zwilling handelt.<\/p>\n<p>Einen Zwilling trifft man nicht unbedingt allein an einem menschenleeren Strand, erst recht wird er sich nicht hinter irgendeinem Ofen verstecken. Er braucht Trubel, um sich wirklich in seinem Element zu f\u00fchlen und er steht gerne im Mittelpunkt. Er hat Esprit, sch\u00e4umt \u00fcber von au\u00dfergew\u00f6hnlichen Ideen und unterh\u00e4lt mit seinem Humor auch gr\u00f6\u00dfere Gesellschaften. Mit Worten geht er um, wie kaum jemand sonst, er jongliert f\u00f6rmlich mit ihnen. Geben Sie Acht, keines davon zu verpassen, es w\u00e4re schade darum.<\/p>\n<p>Manchen Menschen erscheint der Zwilling rast- und ruhelos. Er ist viel unterwegs, immer auf der Suche nach etwas Neuem, etwas Besonderem. Selten wird er den Beruf, den er einmal gelernt hat, bis zur Rente aus\u00fcben. Er will sich ausprobieren, wird viel reisen und liebt es, neue Menschen kennenzulernen. Damit befriedigt er seinen Wissensdurst und seine Neugier.<\/p>\n<p>Dabei kann es vorkommen, dass er nur an der Oberfl\u00e4che kratzt und tiefgr\u00fcndigere Ebenen vernachl\u00e4ssigt oder aber viele Dinge mit Begeisterung beginnt, aber nie zu Ende f\u00fchrt. Er versteht es jedoch, dies mit seinem angeborenen Charme wieder wettzumachen. Ihn fasziniert halt alles Neue. Wer kann ihm dies verdenken?<\/p>\n<h2>Sie m\u00f6gen Abenteuer? Der Zwillinge-Mann legt sie Ihnen zu F\u00fc\u00dfen<\/h2>\n<p>Man kann ihm einiges nachsagen, Ihrem Zwilling, aber langweilig ist er nicht. Er ist unternehmungslustig, kommunikativ und einfallsreich. Er liebt die Abwechslung, Stillstand kann er nur schwer ertragen. Stellen Sie sich auf ein turbulentes Leben ein. Es mag manchmal etwas anstrengend sein, mit ihm Schritt zu halten, daf\u00fcr werden Sie tausend neue Dinge mit ihm kennenlernen. Aber Vorsicht: Der Zwillinge-Mann wandelt selten auf ausgetretenen Pfaden. Das gilt auch f\u00fcr die Liebe.<\/p>\n<p>Sie haben k\u00fcrzlich einen <a href=\"https:\/\/www.elflirt.de\/lexikon\/maenner-kennenlernen.php\">Mann kennengelernt<\/a>, der auf unbeschreibliche Art charmant und liebensw\u00fcrdig, aber doch seltsam unverbindlich erscheint? Dann sind Sie wahrscheinlich auf einen m\u00e4nnlichen Zwilling gesto\u00dfen. Nicht, dass er Sie nicht sch\u00e4tzt, aber er flattert wie ein Schmetterling von Bl\u00fcte zu Bl\u00fcte und verweilt nur dort, wo es spannend zu werden verspricht.<br \/>\nTeilen Sie nicht alles mit ihm, vor allem sollten Sie immer ein paar Geheimnisse f\u00fcr sich bewahren. Er wird versuchen, sie zu l\u00f6sen.<\/p>\n<p>Am besten erfinden Sie sich jeden Morgen neu und er wird sich Tag f\u00fcr Tag wieder in Sie verlieben.<\/p>\n<h3>Fahren Sie gerne Achterbahn? Der Zwillinge-Mann l\u00e4dt Sie zu einer rasanten Fahrt ein<\/h3>\n<p>Wenn Sie bis hier gelesen haben, werden Sie bereits ahnen, dass das Leben mit einem Zwilling nicht in geordneten Bahnen verl\u00e4uft. Bleiben Sie flexibel und stellen Sie sich darauf ein, dass Ihr Zwilling auch schon mal Pl\u00e4ne \u00fcber den Haufen wirft, weil er etwas Spannendes entdeckt hat und dies ergr\u00fcnden m\u00f6chte.<\/p>\n<p>Ihr Leben gleicht einer Achterbahn\u2026 Mit mehreren Loopings, dessen k\u00f6nnen Sie sich sicher sein.<br \/>\nSie m\u00f6chten gem\u00fctlich zuhause ein Buch lesen oder einen Film anschauen? Nicht mit einem Mann, der im Sternzeichen Zwillinge geboren ist. Wenn Sie Wert auf ein trautes Heim und <a href=\"https:\/\/www.elflirt.de\/magazin\/zweisamkeit\/\">Zweisamkeit<\/a> legen, lassen Sie die Finger von ihm und suchen Sie sich einen anderen.<\/p>\n<p>Der Verstand eines Zwillinge-Mannes ist messerscharf, stets hellwach und immer auf der Suche nach Abwechslung. Die ben\u00f6tigt er, wie die Luft zum Atmen. Er ist kreativ, flexibel und humorvoll, besticht durch eine brillante Wortwahl und hat keinerlei Probleme, offensiv auf Frauen zuzugehen. Sein angeborener, jungenhafter Charme hilft ihm dabei, und er <a href=\"https:\/\/www.elflirt.de\/magazin\/flirten\/\">flirtet<\/a> f\u00fcr sein Leben gern.<br \/>\nDabei bleibt er zun\u00e4chst unverbindlich und legt sich nicht so schnell fest. Wer wei\u00df schon, was ihn noch alles erwartet?<\/p>\n<p>Echte Gef\u00fchle verunsichern ihn und er braucht seine Zeit, um diese zu erwidern. Gebildete Frauen interessieren ihn sehr, aber noch mehr interessieren ihn die Geheimnisse hinter ihren sch\u00f6nen Augen.<\/p>\n<p>Sorgen Sie daf\u00fcr, dass sein Geist Nahrung bekommt und heben Sie sich immer etwas Spannendes f\u00fcr den n\u00e4chsten Tag auf. Das mag anstrengend sein, aber was ist schon eine kurze Anstrengung am Tag gegen ein Leben mit einem Zwilling?<\/p>\n<h2>Er ist nicht umsonst vom Sternzeichen her ein Zwilling<\/h2>\n<p>Man sagt den m\u00e4nnlichen Zwillingen nach, dass sie bisweilen zwei Gesichter bes\u00e4\u00dfen. Das stimmt. Einerseits sind sie jungenhaft unbeschwert, fr\u00f6hlich und k\u00f6nnen sich f\u00fcr (fast) alles begeistern, andererseits k\u00f6nnen sie aber auch sehr kopflastig, manchmal sogar launisch und stur sein. Das macht es f\u00fcr seine Umwelt schwer, ihn richtig einzusch\u00e4tzen: in Liebesdingen eine echte Herausforderung.<\/p>\n<p>Der Zwilling-Mann sucht eine Partnerin auf Augenh\u00f6he, mit der er lange Gespr\u00e4che f\u00fchren kann und deren Ansichten den seinen zumindest \u00e4hneln. So k\u00f6nnen Sie Zwilling Mann erobern. Empfindet er in seiner Partnerschaft dar\u00fcber hinaus eine gro\u00dfe Portion Freiheit und Ungebundenheit, f\u00fchlt er sich wohl. Verlangen Sie nicht von ihm, immer f\u00fcr Sie da zu sein, sondern gew\u00f6hnen Sie sich besser daran, dass er rast- und ruhelos ist und versuchen Sie nicht, ihn im Haus anzuketten. Er wird sich befreien und so schnell weg sein, wie er aufgetaucht ist.<\/p>\n","protected":false},"excerpt":{"rendered":"<p>M\u00e4nner im Sternzeichen Zwillinge \u2013 So ticken sie Sie glauben, Sie haben einen interessanten Mann kennengelernt? Er ist eloquent, charmant<\/p>\n","protected":false},"author":3,"featured_media":884,"parent":0,"menu_order":0,"comment_status":"closed","ping_status":"closed","template":"","meta":{"footnotes":""},"class_list":["post-883","page","type-page","status-publish","has-post-thumbnail","hentry","comments-off"],"aioseo_notices":[],"_links":{"self":[{"href":"https:\/\/www.elflirt.de\/magazin\/wp-json\/wp\/v2\/pages\/883","targetHints":{"allow":["GET"]}}],"collection":[{"href":"https:\/\/www.elflirt.de\/magazin\/wp-json\/wp\/v2\/pages"}],"about":[{"href":"https:\/\/www.elflirt.de\/magazin\/wp-json\/wp\/v2\/types\/page"}],"author":[{"embeddable":true,"href":"https:\/\/www.elflirt.de\/magazin\/wp-json\/wp\/v2\/users\/3"}],"replies":[{"embeddable":true,"href":"https:\/\/www.elflirt.de\/magazin\/wp-json\/wp\/v2\/comments?post=883"}],"version-history":[{"count":3,"href":"https:\/\/www.elflirt.de\/magazin\/wp-json\/wp\/v2\/pages\/883\/revisions"}],"predecessor-version":[{"id":1128,"href":"https:\/\/www.elflirt.de\/magazin\/wp-json\/wp\/v2\/pages\/883\/revisions\/1128"}],"wp:featuredmedia":[{"embeddable":true,"href":"https:\/\/www.elflirt.de\/magazin\/wp-json\/wp\/v2\/media\/884"}],"wp:attachment":[{"href":"https:\/\/www.elflirt.de\/magazin\/wp-json\/wp\/v2\/media?parent=883"}],"curies":[{"name":"wp","href":"https:\/\/api.w.org\/{rel}","templated":true}]}}