{"id":886,"date":"2022-02-10T19:51:47","date_gmt":"2022-02-10T18:51:47","guid":{"rendered":"https:\/\/www.elflirt.de\/magazin\/?page_id=886"},"modified":"2022-02-10T19:51:47","modified_gmt":"2022-02-10T18:51:47","slug":"krebs-frau-erobern","status":"publish","type":"page","link":"https:\/\/www.elflirt.de\/magazin\/krebs-frau-erobern\/","title":{"rendered":"Krebs Frau erobern &#8211; So gewinnen Sie ihr Herz"},"content":{"rendered":"<h2>Eigenheiten und Charaktereigenschaften der Krebs-Frau<\/h2>\n<p>Die Krebs-Frau z\u00e4hlt zu den gef\u00fchlsm\u00e4\u00dfigsten <a href=\"https:\/\/www.elflirt.de\/lexikon\/liebe-im-zeichen-der-sternzeichen.php\">Sternzeichen<\/a>. Sie hat eine weiche und eine argw\u00f6hnisch-kritische Seite. Insbesondere von den Krebs-Frauen, die zwischen dem 22. Juni und 22. Juli ihren Geburtstag feiern, hei\u00dft es, dass sie eine harte Schale haben, die aber einen weichen Kern besch\u00fctzt &#8211; so wie beim Krebs in der Natur. Doch entspricht das nicht v\u00f6llig der Wahrheit. Zwar erwecken sie manchmal einen schroffen oder herrischen Eindruck, doch meistens zeigen sie sich eher zur\u00fcckhaltend, sensibel und anfangs ein wenig misstrauisch. Au\u00dferdem sagt man den Krebs-Frauen positive Eigenschaften wie F\u00fcrsorglichkeit nach. Ihre h\u00e4usliche Seite ist stark ausgepr\u00e4gt. Wenn Sie also eine Krebs-Frau f\u00fcr sich gewinnen m\u00f6chten, ist viel Einf\u00fchlsamkeit vonn\u00f6ten. Wer dies beherzigt und die Dates mit viel <a href=\"https:\/\/www.elflirt.de\/lexikon\/romantische-ideen.php\">Romantik<\/a> ausstattet, kann seine gro\u00dfe Liebe bald in den Armen halten.<\/p>\n<h2>Krebs-Frauen m\u00f6gen es klassisch und ruhig<\/h2>\n<p>Um die Krebs-Frau von Ihnen einzunehmen, sollten Sie bei der Wahl der Location bei den Klassikern bleiben. Verzichten Sie auf Clubs und Events, bei denen Actions im Vordergrund stehen, und w\u00e4hlen Sie stattdessen einen ruhigen Restaurantbesuch. Auch ein Kinobesuch und ein Picknick im Schein von Kerzen ist eine gute Wahl. Schaffen Sie Situationen, die es Ihrer Liebsten erm\u00f6glichen, mit Ihnen intensiv zu kuscheln &#8211; denn das mag sie.<\/p>\n<h2>\u00dcben Sie sich in Geduld<\/h2>\n<p>Wer um eine Krebs-Frau wirbt, darf sich nicht wundern, wenn zun\u00e4chst die Sympathiebekundungen rar bleiben. Die weiblichen Krebse flirten zumeist \u201emit angezogener Handbremse\u201c und wollen herausfinden, ob der Mann ihr gegen\u00fcber es ernst meint oder nicht. Falls Sie lediglich auf ein fl\u00fcchtiges Abenteuer aus sein sollten, seien Sie sicher, dass sie dies rasch merkt: Dann ist es vorbei mit ihrer Offenheit. Deshalb lautet der Rat f\u00fcr Sie: Spielen Sie von Anfang an mit offenen Karten!<\/p>\n<p>Der \u201ePanzer\u201c bei Frauen, die unter diesem Sternzeichen geboren wurden, ist nur langsam aufzuweichen. Die beste Strategie ist, ihr vor Augen zu f\u00fchren, dass es Ihnen fern liegt, mit ihr Spielchen zu spielen. Zeigen Sie ihr, wie sehr Sie sie sch\u00e4tzen und dass Sie sie niemals verletzen w\u00fcrden. Ersp\u00fcren Sie ihre W\u00fcnsche und schl\u00fcpfen Sie ein wenig in die Rolle des Traumprinzen. Mit atmosph\u00e4risch anheimelnden Candle-Light-Dinnern oder einem Stelldichein in der freien Natur k\u00f6nnen Sie nur gewinnen. Kleine Aufmerksamkeiten und freundliche Gesten lassen Ihre Sympathiewerte bei Ihrer Liebsten ansteigen. Haben Sie ihr Herz einmal gewonnen, steht einer langandauernden Beziehung nichts mehr im Wege. Sie sollten aber wissen, dass sich die meisten Krebs-Frauen viele Kinder w\u00fcnschen. Es w\u00e4re vorteilhaft, wenn Sie diesen Wunsch teilen.<\/p>\n<h2>Interessieren Sie sich f\u00fcr die Themen Ihres Gegen\u00fcbers<\/h2>\n<p>Die Krebs-Frau ist, wie bereits erw\u00e4hnt, eine emotionale Pers\u00f6nlichkeit, die auch beispielhaftes soziales Engagement zeigt: Sie nimmt Anteil am Schicksal ihrer Mitmenschen. Diese Eigenschaft geht einher mit ausgepr\u00e4gter Empfindlichkeit. Wenn Sie bei einem Date nicht achtsam genug bei der Wortwahl sind, kann es durchaus zu Streit und schmerzlichen Ausbr\u00fcchen kommen. Die Krebs-Frau ist eher zur\u00fcckhaltend, Sie hingegen f\u00fcrchten ein wenig das Schweigen und h\u00f6ren nicht auf zu reden. Das ist \u00e4u\u00dferst unklug. Zwar wird sie Ihren Redefluss nicht unterbrechen, \u00fcberlegt aber schon, wie sie sich Ihnen am besten entziehen kann. Wenn diese Situation nicht entstehen soll, finden Sie heraus, mit welchen Themen Sie bei ihr punkten k\u00f6nnen und bitten Sie sie h\u00e4ufiger um ihre Meinung.<\/p>\n<h2>Krebsfrauen und Sex<\/h2>\n<p>Bevor dieses Sternzeichen sich Ihnen \u00f6ffnet, wird es Sie eingehend pr\u00fcfen. Das hat auch G\u00fcltigkeit im Hinblick auf den Sex. Wer die Krebs-Frau erobern will, sollte Forschheit und Ungeduld unterlassen und stattdessen mit viel Geduld versuchen, ihr Vertrauen zu gewinnen. Ist das geschafft, gibt sie sich Ihnen auch k\u00f6rperlich hin. Wer allerdings auf rauschhafte N\u00e4chte mit ihr setzt, wird entt\u00e4uscht, denn sie ist auch im Bett zur\u00fcckhaltend. Die Krebs-Frau liebt es einf\u00fchlsam und kommt erst durch intensives gemeinsames Streicheln und Kuscheln in Stimmung. Dann aber zeigt sie ihre leidenschaftliche Seite.<\/p>\n<h2>Wer passt zur Krebs-Frau?<\/h2>\n<p>Krebs und <a href=\"https:\/\/www.elflirt.de\/magazin\/stier-mann-erobern\/\">Stier<\/a> (21. April bis 20. Mai) k\u00f6nnten nicht besser zueinander passen. Beiden ist in ihrer Beziehung wichtig, dass ihr Partner sich als treu und zuverl\u00e4ssig erweist und sie sich gegenseitig R\u00fcckendeckung geben. Zudem sind Krebs und Stier f\u00fcr romantische Stimmungen empf\u00e4nglich. Letzterer steht jedoch mehr als der Krebs fest mit beiden Beinen auf der Erde und h\u00e4lt engen Kontakt zur Realit\u00e4t. So kommen die Beiden niemals in die Situation, in der sie ausschlie\u00dflich Luft und Liebe am Leben erh\u00e4lt.<\/p>\n<p>Krebs und <a href=\"https:\/\/www.elflirt.de\/magazin\/zwilling-mann-erobern\/\">Zwillinge<\/a> (21. Mai bis 21. Juni) scheinen auf den ersten Blick nicht f\u00fcreinander bestimmt zu sein: Hier die sensible, emotionale Krebs-Frau, dort der verstandesbetonte Zwilling. Doch das ist ein Irrtum. Die Beiden erweisen sich in einer Beziehung als Traumpaar. Der Krebs kann bei der L\u00f6sung von (selbstgemachten) Problemen auf die Vernunft des Zwillings setzen, dieser f\u00fchlt sich durch die Emotionalit\u00e4t seines Gegen\u00fcbers angezogen. Beide stehen als Paar st\u00e4ndig neuen Herausforderungen gegen\u00fcber, die ihre Beziehung beleben.<\/p>\n<p>Krebs und L\u00f6we (23. Juli bis 23. August) schaffen eine Win-Win-Situation, wenn sie eine durchaus perfekt zu nennende Beziehung eingehen. Der als selbstbewusst und umsichtig geltende L\u00f6we ist einer Krebs-Frau eine wertvolle St\u00fctze. Ihm gelingt es, ihr Selbstbewusstsein zu st\u00e4rken und sie anzuhalten, behutsamer mit sich zu verfahren. Krebs-Frauen wissen um den Wert ihres Gegen\u00fcbers und zeigen dies mit kleinen Liebesbeweisen.<\/p>\n<p>Krebs und Skorpion (24. Oktober bis 22. November), zwei Wasserzeichen, sind wie f\u00fcreinander geschaffen. Der Leidenschaftlichkeit des Skorpions, der f\u00fcr \u201eBewegung\u201c in der Beziehung sorgt, steht das ausgleichende Temperament der Krebs-Frau gegen\u00fcber. Da sich beide Untreue nicht vorstellen k\u00f6nnen, steht einer lebenslangen gl\u00fccklichen Beziehung nichts im Wege.<\/p>\n","protected":false},"excerpt":{"rendered":"<p>Eigenheiten und Charaktereigenschaften der Krebs-Frau Die Krebs-Frau z\u00e4hlt zu den gef\u00fchlsm\u00e4\u00dfigsten Sternzeichen. Sie hat eine weiche und eine argw\u00f6hnisch-kritische Seite.<\/p>\n","protected":false},"author":3,"featured_media":887,"parent":0,"menu_order":0,"comment_status":"closed","ping_status":"closed","template":"","meta":{"footnotes":""},"class_list":["post-886","page","type-page","status-publish","has-post-thumbnail","hentry","comments-off"],"aioseo_notices":[],"_links":{"self":[{"href":"https:\/\/www.elflirt.de\/magazin\/wp-json\/wp\/v2\/pages\/886","targetHints":{"allow":["GET"]}}],"collection":[{"href":"https:\/\/www.elflirt.de\/magazin\/wp-json\/wp\/v2\/pages"}],"about":[{"href":"https:\/\/www.elflirt.de\/magazin\/wp-json\/wp\/v2\/types\/page"}],"author":[{"embeddable":true,"href":"https:\/\/www.elflirt.de\/magazin\/wp-json\/wp\/v2\/users\/3"}],"replies":[{"embeddable":true,"href":"https:\/\/www.elflirt.de\/magazin\/wp-json\/wp\/v2\/comments?post=886"}],"version-history":[{"count":1,"href":"https:\/\/www.elflirt.de\/magazin\/wp-json\/wp\/v2\/pages\/886\/revisions"}],"predecessor-version":[{"id":888,"href":"https:\/\/www.elflirt.de\/magazin\/wp-json\/wp\/v2\/pages\/886\/revisions\/888"}],"wp:featuredmedia":[{"embeddable":true,"href":"https:\/\/www.elflirt.de\/magazin\/wp-json\/wp\/v2\/media\/887"}],"wp:attachment":[{"href":"https:\/\/www.elflirt.de\/magazin\/wp-json\/wp\/v2\/media?parent=886"}],"curies":[{"name":"wp","href":"https:\/\/api.w.org\/{rel}","templated":true}]}}