{"id":889,"date":"2022-02-10T20:06:33","date_gmt":"2022-02-10T19:06:33","guid":{"rendered":"https:\/\/www.elflirt.de\/magazin\/?page_id=889"},"modified":"2022-02-10T20:06:33","modified_gmt":"2022-02-10T19:06:33","slug":"fische-frau-erobern","status":"publish","type":"page","link":"https:\/\/www.elflirt.de\/magazin\/fische-frau-erobern\/","title":{"rendered":"Fische Frau erobern &#8211; So stellen Sie es an"},"content":{"rendered":"<h2>Mit Sicherheit zum Liebesgl\u00fcck<\/h2>\n<p>Wenn Sie das Herz einer Fische Frau erobern m\u00f6chten, sollten Sie sich bewusst sein, dass diese nicht nur \u00e4u\u00dferst hilfsbereit und herzlich sein k\u00f6nnen, sondern auch sehr sensibel sind. Egal wo Sie auf eine Fische Frau treffen, sie zeichnet sich immer durch ein feines Gesp\u00fcr f\u00fcr Stimmungen aus und ist immer bem\u00fcht, auf die Gef\u00fchlslagen anderer Menschen R\u00fccksicht zu nehmen, was durchaus anziehend auf das \u201estarke Geschlecht\u201c wirkt, ganz unabh\u00e4ngig davon unter welchem <a href=\"https:\/\/www.elflirt.de\/lexikon\/liebe-im-zeichen-der-sternzeichen.php\">Sternzeichen<\/a> der jeweilige Vertreter das Licht der Welt erblickte. Doch Fische Frauen sind nicht ganz so leicht zu erobern, tr\u00e4umen Sie doch von einer fast schon \u00fcbermenschlichen Liebe, die alle Grenzen \u00fcberwindet.<\/p>\n<h2>Tipps &#8211; so k\u00f6nnen Sie die Gunst der Fische Frau gewinnen<\/h2>\n<p>Fische Frauen sind sensibel und sehnen sich nach Sicherheit, entsprechend gilt es sich und der Angebeteten Zeit zu lassen und nichts zu \u00fcberst\u00fcrzen. Gehen Sie vorsichtig vor und erweisen Sie sich als verl\u00e4sslicher Fels in der Brandung, denn eine Fische Frau ben\u00f6tigt einen Partner, der ihr Halt gibt. Achten Sie darauf sie bei ihren Zielen, W\u00fcnschen und Tr\u00e4umen zu unterst\u00fctzen und nehmen sie diese ernst, denn Fische Frauen haben gro\u00dfe Ideale und geben sich nicht gerne mit weniger zu frieden. Wichtig ist es, dass Sie ihre Angebetete so akzeptieren, wie sie ist und nicht versuchen sie zu ver\u00e4ndern, denn dies verletzt ihre Gef\u00fchle und zugleich verliert sie so das Vertrauen in Sie. Punkten k\u00f6nnen Sie hingegen, wenn Sie sich f\u00fcr ihre Tr\u00e4ume und Interessen begeistern k\u00f6nnen und zugleich Einf\u00fchlungsverm\u00f6gen an den Tag legen, denn dies sorgt f\u00fcr die Basis, die Fische Frauen als Sicherheit ben\u00f6tigen, um sich auf eine Beziehung einzulassen.<\/p>\n<h3>Dies sind No-Gos f\u00fcr Fische Frauen<\/h3>\n<p>Fische Frauen merken dank ihres Feingef\u00fchls sehr schnell, wie ihr Gegen\u00fcber tickt. M\u00e4nner die egoistische oder gar <a href=\"https:\/\/www.elflirt.de\/magazin\/narzisten-erkennen-und-mit-ihnen-umgehen\/\">narzisstische Z\u00fcge<\/a> an den Tag legen, wirken auf Fische Frauen nicht nur befremdlich, sondern sogar absto\u00dfend. Fische Frauen setzen sich meist ohne Wenn und Aber f\u00fcr andere Menschen ein und so mit w\u00fcnschen Sie sich auch vom Partner eine gewisse Sozialkompetenz.<\/p>\n<h3>Das erste Date<\/h3>\n<p>Um eine Fische Frau wirklich f\u00fcr sich zu Gewinnen ist es wichtig, das richtige Ma\u00df zu finden. Gerade beim ersten Date sollten Sie daher ruhig etwas dicker auftragen, jedoch mit einem Blick daf\u00fcr nicht zu \u00fcbertreiben, denn Fische Frauen durchschauen schnell, was nur Show ist. Geben Sie sich M\u00fche und umgarnen Sie Ihre Angebetete, denn nur so wird sie bereit sein sich auf ein weiteres Date einzulassen. Auch sollten Sie darauf achten, nicht standardm\u00e4\u00dfig Komplimente zu verteilen, sondern nur <a href=\"https:\/\/www.elflirt.de\/magazin\/komplimente-fuer-frauen\/\">Komplimente machen<\/a>, die auch vom Herzen kommen. Bleiben Sie in jedem Fall ehrlich und sagen Sie nur Dinge, zu denen Sie auch stehen, denn Fische z\u00e4hlen nicht zu den Sternzeichen, die L\u00fcgen tolerieren.<\/p>\n<h2>Gro\u00dfe Gef\u00fchle sind unverzichtbar<\/h2>\n<p>Wenn <a href=\"https:\/\/www.elflirt.de\/lexikon\/erste-date.php\">das erste Date<\/a> erfolgreich \u00fcberstanden wurde, dann sollten Sie Ihr Interesse an der Fische Frau durchaus merklich bekunden und sich auf die Welt der Fische Dame einstellen. Unter anderem lieben Frauen, die im Sternzeichen Fische geboren sind, Kreativit\u00e4t und so sollten Sie f\u00fcr weitere Dates Besuche von Kunstgalerien, Kinos, Theatern oder Konzerten ins Auge fassen. Gehen Sie auf ihre W\u00fcnsche und Vorlieben ein und behandeln sie die Fische Frau immer liebe- und respektvoll, da sie sonst schnell an Ihrem Interesse zweifeln k\u00f6nnte und sich vernachl\u00e4ssigt f\u00fchlt. Es ist f\u00fcr Fische Frauen auch wichtig, dass es nicht bei oberfl\u00e4chlichem Gepl\u00e4nkel bleibt, sondern Fische Frauen w\u00fcnschen sich immer, dass sich ihr Gegen\u00fcber \u00f6ffnet und sie auch an seinem Leben teilhaben l\u00e4sst. Je intensiver das Miteinander, umso sicherer f\u00fchlt sich die Fische Frau. Dies ist extrem wichtig, da Fische Frauen sich nach Geborgenheit sehnen und mit all ihren W\u00fcnschen und Tr\u00e4umen akzeptiert werden und bei diesen auch unterst\u00fctzt werden m\u00f6chten. Der sch\u00f6nste Liebesbeweis f\u00fcr eine Fische Frau ist, dass Sie f\u00fcr sie da sind und sie bei der Umsetzung ihrer Pl\u00e4ne unterst\u00fctzen und diese nicht in Zweifel ziehen. F\u00fcr Fische Frauen ist es auch im Laufe einer Beziehung wichtig, dass ihr jede Menge Liebe und Respekt entgegengebracht werden und der Partner immer zuverl\u00e4ssig zur Seite steht. Nur M\u00e4nner, die dies auch dauerhaft erf\u00fcllen k\u00f6nnen, werden mit einer Fische Frau das gro\u00dfe Liebesgl\u00fcck erleben. Im Gegenzug ist eine Fische Frau eine Partnerin, die durchaus dazu bereit ist, sich aufzuopfern und ihren Partner zu supporten, und dies ohne Wenn und Aber.<\/p>\n","protected":false},"excerpt":{"rendered":"<p>Mit Sicherheit zum Liebesgl\u00fcck Wenn Sie das Herz einer Fische Frau erobern m\u00f6chten, sollten Sie sich bewusst sein, dass diese<\/p>\n","protected":false},"author":3,"featured_media":890,"parent":0,"menu_order":0,"comment_status":"closed","ping_status":"closed","template":"","meta":{"footnotes":""},"class_list":["post-889","page","type-page","status-publish","has-post-thumbnail","hentry","comments-off"],"aioseo_notices":[],"_links":{"self":[{"href":"https:\/\/www.elflirt.de\/magazin\/wp-json\/wp\/v2\/pages\/889","targetHints":{"allow":["GET"]}}],"collection":[{"href":"https:\/\/www.elflirt.de\/magazin\/wp-json\/wp\/v2\/pages"}],"about":[{"href":"https:\/\/www.elflirt.de\/magazin\/wp-json\/wp\/v2\/types\/page"}],"author":[{"embeddable":true,"href":"https:\/\/www.elflirt.de\/magazin\/wp-json\/wp\/v2\/users\/3"}],"replies":[{"embeddable":true,"href":"https:\/\/www.elflirt.de\/magazin\/wp-json\/wp\/v2\/comments?post=889"}],"version-history":[{"count":1,"href":"https:\/\/www.elflirt.de\/magazin\/wp-json\/wp\/v2\/pages\/889\/revisions"}],"predecessor-version":[{"id":891,"href":"https:\/\/www.elflirt.de\/magazin\/wp-json\/wp\/v2\/pages\/889\/revisions\/891"}],"wp:featuredmedia":[{"embeddable":true,"href":"https:\/\/www.elflirt.de\/magazin\/wp-json\/wp\/v2\/media\/890"}],"wp:attachment":[{"href":"https:\/\/www.elflirt.de\/magazin\/wp-json\/wp\/v2\/media?parent=889"}],"curies":[{"name":"wp","href":"https:\/\/api.w.org\/{rel}","templated":true}]}}