{"id":892,"date":"2022-02-11T08:00:52","date_gmt":"2022-02-11T07:00:52","guid":{"rendered":"https:\/\/www.elflirt.de\/magazin\/?page_id=892"},"modified":"2022-02-11T08:00:52","modified_gmt":"2022-02-11T07:00:52","slug":"loewe-frau-erobern","status":"publish","type":"page","link":"https:\/\/www.elflirt.de\/magazin\/loewe-frau-erobern\/","title":{"rendered":"L\u00f6we Frau erobern &#8211; So gewinnen Sie ihr starkes Herz"},"content":{"rendered":"<h2>Die begehrte L\u00f6we Frau f\u00fcr sich gewinnen<\/h2>\n<p>Ganz egal, wo Sie ein Auge auf eine L\u00f6we Frau geworfen haben, Sie werden sie mit ein paar charmanten Tipps sicher um ihren Finger wickeln. Ob im B\u00fcro oder am Sportplatz, sie f\u00e4llt sofort durch ihre Dynamik und ihr starkes Selbstbewusstsein auf. Sie wandelt auf eigenen Wegen und unterscheidet sich dadurch ganz klar vom Rest der <a href=\"https:\/\/www.elflirt.de\/lexikon\/liebe-im-zeichen-der-sternzeichen.php\">Sternzeichen<\/a>. Enorm viele M\u00e4nner umgarnen sie, aber keiner kann von sich behaupten, sie ganz locker f\u00fcr sich zu gewinnen. Hier ist eine gewisse Taktik gefragt. Die L\u00f6we Frau steht absolut gerne im Mittelpunkt und liebt die Aufmerksamkeit, die ihr entgegengebracht wird. Ihre Reize setzt sie ganz gekonnt ein. Dadurch bl\u00fcht ihr Ego auf. Aber f\u00fcr eine fixe Beziehung w\u00e4re sie gezwungen, ihre Freiheit ad acta zu legen. Und ob sie das wirklich will, ist manchmal fraglich. Diese astrologische Beschreibung trifft logischerweise punktgenau auf die L\u00f6we Frau zu. Und diese sollte mit Bedacht erobert werden.<\/p>\n<h2>Die wichtigsten Tipps f\u00fcr die Eroberung<\/h2>\n<p>Hier k\u00f6nnen Sie wertvolle Informationen erhalten, worauf bei der L\u00f6we Frau zu achten ist, und wie Sie ihr Herz im Sturm erobern k\u00f6nnen. Auf jeden Fall gibt es bei allen Sternzeichen einige Hindernisse, die Ihnen entgegenkommen k\u00f6nnen. Doch beherzigt man sogenannte Basics, kommt man gewiss rascher an sein Ziel. Machen Sie sich das Leben doch einfacher! Sie k\u00f6nnen hier nachlesen, worauf es wirklich ankommt bei Ihrer Eroberung der begehrten L\u00f6we Dame!<\/p>\n<h3>Das erste Treffen und seine wichtige Bedeutung<\/h3>\n<p>F\u00fcr <a href=\"https:\/\/www.elflirt.de\/lexikon\/erste-date.php\">das erste Date<\/a> sollten Sie etwas Geduld investieren. L\u00f6we Frauen sind eher zur\u00fcckhaltend in Beziehungsdingen. Falls sie im Moment keine w\u00fcnschen, dann werden sie auch alle abblocken. Ganz gleich, wie Sie Ihre Angebetete umgarnen. Diese Menschen brauchen viel Freiheit und sind ungern bereit, sie zu opfern. Nun, wie sollte das erste Date am besten angelegt werden? Mit viel Gl\u00fcck gen\u00fcgt es, einfach mal zu fragen. Doch diese Hoffnung ist eher gering. Die Zeit, um eine L\u00f6we Dame nachhaltig zu beeindrucken, sollten sie sich schon mal nehmen.<\/p>\n<h3>Ungezwungene Versuche<\/h3>\n<p>Bleiben Sie locker und versuchen Sie, der Dame ihre <a href=\"https:\/\/www.elflirt.de\/lexikon\/echte-freunde-finden.php\">Freundschaft<\/a> anzubieten. In ihrem Freundeskreis k\u00f6nnen Sie sie relativ unauff\u00e4llig kennenlernen, ohne gleich Ihren <a href=\"https:\/\/www.elflirt.de\/lexikon\/beziehungswunsch-herzklopfen.php\">Beziehungswunsch<\/a> an die gro\u00dfe Glocke h\u00e4ngen zu m\u00fcssen. Nach dem ersten Kennenlernen k\u00f6nnen Sie auf jeden Fall ein paar Flirtversuche wagen. Als ihr Freund werden Sie ohne Probleme eine gute Gespr\u00e4chsbasis haben. Dann schalten Sie in den n\u00e4chsten Gang und beginnen, Ihre Reize in Szene zu setzen. Ihr Interesse wird sie f\u00fcrs Erste noch f\u00fcr sich behalten. Doch wenn Sie den ersten Schritt wagen, kann die L\u00f6we Dame bereitwillig auf Ihr Verhalten einsteigen. Eine solche Vorgehensweise kann dazu f\u00fchren, dass schon rechtzeitig ein Vertrauensverh\u00e4ltnis aufgebaut wird, bevor eine Partnerschaft beginnen darf. Die L\u00f6we Frau will keinen x-beliebigen Durchschnittstypen. Sie sucht das Spezielle, das ihr gerne auch mal contra gibt und St\u00e4rke zeigt. Erfinden Sie sich neu und beweisen Sie ihre Einzigartigkeit.<\/p>\n<h3>Das richtige Styling f\u00fcr den ersten Eindruck<\/h3>\n<p>Machen Sie sich ihre eigenen Regeln. Wenn Sie mit einem l\u00e4ssigen Outfit punkten wollen, dann tun Sie das auch. Starkes Selbstbewusstsein wird von der L\u00f6we Frau sehr wohlwollend angenommen. Oder soll es heute mal ein Business-Look sein? Dann her damit! Wer sich in seiner Kleidung wohlf\u00fchlt, kommt doppelt gut bei seinem Gegen\u00fcber an. Es gibt ja bekanntlich keine zweite Chance f\u00fcr den ersten Eindruck! Erlaubt ist, was gef\u00e4llt. L\u00f6we Geborene finden Partner attraktiv, die sich gerne zeigen und nicht allzu sch\u00fcchtern sind. Sie betonen ja selbst ihre St\u00e4rke. In der Masse k\u00f6nnen gerne die anderen Sternzeichen verschwinden. Gemeinsam d\u00fcrfen Sie als starkes Paar auftreten und sich gegenseitig unterst\u00fctzen. Ihre zuk\u00fcnftige Partnerin wird es lieben, gemeinsam mit Ihnen einen individuellen Weg zu gehen. Die L\u00f6we Frau braucht keinen &#8222;Typen von der Stange&#8220;. Also ran an Ihre Lieblingsklamotten und pr\u00e4sentieren Sie ruhig, was Sie haben! Duckm\u00e4user gibt es ohnehin schon genug auf dieser Welt. Und als grauer M\u00e4userich wird es sehr schwierig, bei einer starken L\u00f6we Dame Eindruck zu hinterlassen. Ein perfekter Haarschnitt und ein gepflegtes \u00c4u\u00dferes verstehen sich von selbst. Aber auch hier ist individueller Style gefragt. Ein bet\u00f6render Duft darf schon mal markant sein, und wird seine Wirkung sicher nicht verfehlen. Also d\u00fcrfen Sie sich ruhig was trauen.<\/p>\n<p>Absolut erw\u00fcnscht:<\/p>\n<ul>\n<li>Zeigen Sie ihre Nat\u00fcrlichkeit<\/li>\n<li>Lassen Sie ihrer Exzentrik freien Lauf<\/li>\n<li>Pr\u00e4sentieren Sie selbstbewusst ihr \u00c4u\u00dferes<\/li>\n<\/ul>\n<p>Absolut unerw\u00fcnscht:<\/p>\n<ul>\n<li>Mit Durchschnitts-Look sollten Sie lieber zu Hause bleiben!<\/li>\n<\/ul>\n<h3>Die passende Location f\u00fcr das erste Treffen<\/h3>\n<p>Das erste Date steht endlich an. Wo es \u00fcber die B\u00fchne gehen wird, sollte gut \u00fcberlegt werden. Gehen Sie auf Vorlieben Ihrer L\u00f6we Frau ein &#8211; am besten, Sie werfen einen Blick ins aktuelle Horoskop! Alle Flirtwilligen lieben es, wenn der Partner auf ihre W\u00fcnsche eingeht und R\u00fccksicht nimmt. L\u00f6we Geborene lieben die Unterhaltung und gute Gesellschaft. Sie sind st\u00e4ndig in Bewegung und sch\u00e4tzen es, neue Bekanntschaften zu machen. Ihre Extrovertiertheit zeichnet sie aus. Kontakte werden laufend gepflegt und sind ihr wahres Lebenselixier. Darauf sollte man sich als zuk\u00fcnftiger Partner schon mal einstellen. Wenn Sie auch auf dieser Welle schwimmen, umso besser. Der passende Ort sollte daher lebendig sein und auf gar keinen Fall <a href=\"https:\/\/www.elflirt.de\/lexikon\/mir-ist-langweilig.php\">Langeweile<\/a> aufkommen lassen. Ein Blick ins Horoskop Ihres Vertrauens wird Ihnen wertvolle Unterst\u00fctzung bieten. Ihre Angebetete wird auch offen sein f\u00fcr eine Location in luftiger H\u00f6he. Also warum nicht mal in ein angesagtes Lokal mit perfekter Aussicht gehen? Dort k\u00f6nnen Sie beide schon mal einen Fernblick wagen. Oder Sie schlagen die entgegengesetzte Richtung ein und begeben sich unter Wasser. Verbunden mit einer kleinen Reise wird die L\u00f6we Dame Ihrer Wahl entz\u00fcckt sein von Ihrem Einfallsreichtum, und nicht mehr von Ihrer Seite weichen!<\/p>\n","protected":false},"excerpt":{"rendered":"<p>Die begehrte L\u00f6we Frau f\u00fcr sich gewinnen Ganz egal, wo Sie ein Auge auf eine L\u00f6we Frau geworfen haben, Sie<\/p>\n","protected":false},"author":3,"featured_media":893,"parent":0,"menu_order":0,"comment_status":"closed","ping_status":"closed","template":"","meta":{"footnotes":""},"class_list":["post-892","page","type-page","status-publish","has-post-thumbnail","hentry","comments-off"],"aioseo_notices":[],"_links":{"self":[{"href":"https:\/\/www.elflirt.de\/magazin\/wp-json\/wp\/v2\/pages\/892","targetHints":{"allow":["GET"]}}],"collection":[{"href":"https:\/\/www.elflirt.de\/magazin\/wp-json\/wp\/v2\/pages"}],"about":[{"href":"https:\/\/www.elflirt.de\/magazin\/wp-json\/wp\/v2\/types\/page"}],"author":[{"embeddable":true,"href":"https:\/\/www.elflirt.de\/magazin\/wp-json\/wp\/v2\/users\/3"}],"replies":[{"embeddable":true,"href":"https:\/\/www.elflirt.de\/magazin\/wp-json\/wp\/v2\/comments?post=892"}],"version-history":[{"count":1,"href":"https:\/\/www.elflirt.de\/magazin\/wp-json\/wp\/v2\/pages\/892\/revisions"}],"predecessor-version":[{"id":894,"href":"https:\/\/www.elflirt.de\/magazin\/wp-json\/wp\/v2\/pages\/892\/revisions\/894"}],"wp:featuredmedia":[{"embeddable":true,"href":"https:\/\/www.elflirt.de\/magazin\/wp-json\/wp\/v2\/media\/893"}],"wp:attachment":[{"href":"https:\/\/www.elflirt.de\/magazin\/wp-json\/wp\/v2\/media?parent=892"}],"curies":[{"name":"wp","href":"https:\/\/api.w.org\/{rel}","templated":true}]}}