{"id":895,"date":"2022-02-11T08:15:55","date_gmt":"2022-02-11T07:15:55","guid":{"rendered":"https:\/\/www.elflirt.de\/magazin\/?page_id=895"},"modified":"2022-02-11T08:15:55","modified_gmt":"2022-02-11T07:15:55","slug":"wassermann-mann-erobern","status":"publish","type":"page","link":"https:\/\/www.elflirt.de\/magazin\/wassermann-mann-erobern\/","title":{"rendered":"Wassermann Mann erobern &#8211; So ziehen Sie Ihn an Land"},"content":{"rendered":"<h2>Erobern Sie erfolgreich ihren pers\u00f6nlichen Traumpartner\u2026<\/h2>\n<p>Die Vision vom erfolgreichen Suchen und Finden der wahrhaftigen Liebe treibt Singles aller Alters- und Gesellschaftsklassen um. Die Vorstellung den pers\u00f6nlichen Traumpartner zu finden, f\u00fcr sich einzunehmen und mit Mr. oder Mrs. Right eine anhaltend gl\u00fcckliche und erf\u00fcllende Beziehung zu f\u00fchren, dient hierbei als Katalysator, der vermeintlich niemals verstummt, sondern Singles fortw\u00e4hrend weiter zum rastlosen Suchen, Hoffen und Staunen animiert. Mitunter gleicht die Suche nach dem &#8222;Einen&#8220; bzw. der &#8222;Einen&#8220; einer riesigen &#8222;Wundert\u00fcte&#8220;, die mit potentiellen \u00dcberraschungen durchsetzt, das Leben der <a href=\"https:\/\/www.elflirt.de\/lexikon\/singlemaenner-singlefrauen.php\">Singles<\/a> aufmischt und sie mit Situationen konfrontiert, die teilweise wie aus einem Drehbuch gefallen zu sein scheinen.<\/p>\n<p>Authentizit\u00e4t, Humor, Charme, Scharfsinn, Selbstbewusstsein, Kreativit\u00e4t, aufrichtiges Interesse am Gegen\u00fcber und ein Hauch Selbstironie fungieren w\u00e4hrend der Sondierung des Singlemarktes als Schl\u00fcssel f\u00fcr eine erfolgsversprechende Suche nach dem passenden Gegenst\u00fcck.<\/p>\n<h2>Das Stern- bzw. Tierkreiszeichen von Mr. Right offenbart aufregende Perspektiven auf seine Pers\u00f6nlichkeit<\/h2>\n<p>Begegnen weibliche Singles einem interessanten Mann mit Traummann-Potential, er\u00f6ffnet ein Blick auf das jeweilige Sternzeichen des Gegen\u00fcbers eine aufregende Perspektive auf die mutma\u00dflichen Eigenschaften von Mr. Right. Wer einen <a href=\"https:\/\/www.elflirt.de\/lexikon\/traummann-finden.php\">Traummann<\/a> mit Sternzeichen Wassermann erfolgreich erobern und an Land ziehen m\u00f6chte, sollte die Strategie an die unkonventionelle, extrovertierte, tolerante Art anpassen, die mit dem Sternzeichen Wassermann assoziiert wird.<\/p>\n<h2>Unkonventionell, tolerant, willensstark, empathisch, freiheitsliebend, rebellisch\u2026<\/h2>\n<p>Das Stern- bzw. Tierkreiszeichen Wassermann ist dem Element Luft zuzuordnen. Demnach gelten Wasserm\u00e4nner als \u00fcberdurchschnittlich tolerant, extrovertiert und empathisch. Seine F\u00e4higkeit sein Denken in unkonventionelle Bahnen zu lenken, erlaubt dem Wassermann originelle L\u00f6sungen zu entwickeln, die mit stereotypen Mustern brechen und dominiert von Originalit\u00e4t potentiell \u00fcberraschen. Gleichzeitig neigen Wasserm\u00e4nner zu flatterhaften Verhaltensweisen, emotionaler Verschlossenheit und Rebellion. Sie streben so fokussiert und anhaltend wie kaum ein anderes Tierkreiszeichen nach Freiheit und binden sich in der Regel erst, wenn sie das Gef\u00fchl haben eine intellektuelle, humorvolle, empathische und selbstbewusste Partnerin auf Augenh\u00f6he gefunden zu haben, die in der Praxis nicht zu <a href=\"https:\/\/www.elflirt.de\/magazin\/eifersucht\/\">Eifersucht<\/a> neigt.<\/p>\n<h2>Schleichen Sie sich nachhaltig in sein Herz<\/h2>\n<p>Der typische Wassermann w\u00fcnscht sich demnach eine Traumfrau, die die Balance zwischen Geben und Nehmen im Beziehungskontext in Perfektion beherrscht und sich ihrer individuellen Vorz\u00fcge und St\u00e4rken permanent bewusst ist. Eine Frau, die in situativ schwierigen Situationen nicht verzweifelt kapituliert, sondern H\u00fcrden, die das Leben dem Paar in den Weg r\u00e4umt, beherzt \u00fcberwindet und konstruktive L\u00f6sungsstrategien entwickelt.<\/p>\n<p>Demonstrieren Sie in der Kennenlernphase mit einem Wassermann mit Traummann-Potential deshalb Selbstbewusstsein, Authentizit\u00e4t, Empathie und Originalit\u00e4t. Verzichten sie zwingend darauf lediglich die Zuneigung des Gegen\u00fcbers zu suchen. Begegnen Sie dem Mann mit einer situativ angemessenen Portion Vertrauensvorschuss. Zeigen Sie in der Interaktion aufrichtiges Interesse und demonstrieren sie ehrliche Zuneigung, sobald sie welche versp\u00fcren. Wer aus falschem Stolz oder Strategiedenken keine Herzlichkeit an das Gegen\u00fcber zur\u00fccksendet und mit Unnahbarkeit gl\u00e4nzt, triggert im Extremfall die charakteristischen flatterhaften und rebellischen Eigenschaften, die Wasserm\u00e4nner zugeschrieben werden und riskiert, dass die potentielle Love- Story verebbt bevor sie tats\u00e4chlich begonnen hat.<\/p>\n<h2>Verhalten Sie sich selbstbewusst, liebevoll, empathisch und scharfsinnig\u2026<\/h2>\n<p>Der Wassermann sucht nach einer Partnerin, die ebenso willensstark, unabh\u00e4ngig und wandlungsf\u00e4hig ist wie er selber. Eine Person, die mit Individualit\u00e4t aufwartet und sich mit Authentizit\u00e4t, Liebensw\u00fcrdigkeit, einer Balance zwischen N\u00e4he und Freiraum sowie Scharfsinn in sein Herz schleicht ohne dass er sich in der Praxis dagegen wehren k\u00f6nnte. Personen, die im Tierkreiszeichen Wassermann geboren sind, streben fortw\u00e4hrend nach einer ganzheitlichen Selbstverwirklichung auf allen Ebenen. Eine Frau, die potentielle Tr\u00e4ume und Visionen des Mannes prinzipiell als utopische Spinnereien abtut ohne ihn konstruktiv oder emotional bei der Verwirklichung seiner Phantasien zu unterst\u00fctzen, ist demnach ein absolutes No-Go f\u00fcr jeden Wassermann.<\/p>\n<p>Stattdessen sollten Frauen, die einen Wassermann erobern und anhaltend f\u00fcr sich gewinnen m\u00f6chten, von Beginn an ein offenes Ohr f\u00fcr die spezifischen Bed\u00fcrfnisse und Visionen des potentiellen Partners zeigen. Frauen, die individuelle Visionen permanent zerreden, bremsen den Wassermann aus, blockieren seinen Drang nach Selbstverwirklichung und animieren ihn zu unverbindlichem Handeln und dem Weiterziehen. Beweisen Sie, dass ihr potentieller Traumpartner mit ihnen \u00fcber all seine \u00c4ngste und Sorgen offen reden kann. Gehen Sie bereits in Zuge der <a href=\"https:\/\/www.elflirt.de\/magazin\/fragen-zum-kennenlernen\/\">Kennenlernphase<\/a> explizit auf tiefgr\u00fcndige Themen ein, wenn sich die Situation M\u00f6glichkeit daf\u00fcr bietet. Der willensstarke Wassermann w\u00fcnscht sich eine ausgeglichene Frau, die weder chronisch unzufrieden ist noch stetig Dritten die Schuld f\u00fcr eigene Unzul\u00e4nglichkeiten gibt. Treten Sie ihrem potentiellen Traumpartner konstant mit Respekt und fair gegen\u00fcber und etablieren eine Atmosph\u00e4re auf Augenh\u00f6he.<\/p>\n<p>Dank seiner ausgepr\u00e4gten Feinf\u00fchligkeit reagiert der Wassermann unmittelbar auf emotionale Intelligenz und Herzlichkeit. Versetzen Sie sich empathisch in ihr Gegen\u00fcber und behandeln ihren potentiellen Mr. Right so herzlich wie Sie es sich selber von Dritten w\u00fcnschen. Mit Hilfe von aufrichtiger Liebensw\u00fcrdigkeit und Empathie schleichen Sie sich unweigerlich in sein Herz und hinterlassen dort Spuren, die tats\u00e4chlich nicht mehr auszul\u00f6schen sind und ihn von Unverbindlichkeit und flatterhaften Verhalten Abschied nehmen lassen.<\/p>\n<p>Stellen Sie w\u00e4hrend des Kennenlernprozesses zudem authentisch ihren Humor in den Fokus. Grunds\u00e4tzlich verbindet Humor und stellt eine imagin\u00e4re Br\u00fccke zum Gegen\u00fcber her, die sich positiv auf die wechselseitige Beziehung auswirkt. Paare, die gemeinsam lachen, k\u00f6nnen <a href=\"https:\/\/www.elflirt.de\/lexikon\/beziehungsprobleme.php\">Probleme<\/a> und Konfliktsituationen verh\u00e4ltnism\u00e4\u00dfig leicht \u00fcberwinden. Gleichzeitig beg\u00fcnstigt Humor eine originelle Kommunikation, die Probleme ausgefallen aus dem Weg r\u00e4umt und Paare enger zusammenschwei\u00dft. Eine humorvolle Frau dockt demzufolge clever an die unkonventionelle Art des freiheitsliebenden Wassermanns an. Ein humorvolles Miteinander sensibilisiert f\u00fcr Einfallsreichtum und dient als Motor f\u00fcr Kreativit\u00e4t, Phantasie und Originalit\u00e4t, die Visionen in Realit\u00e4t verwandeln und die Selbstverwirklichung f\u00f6rdern.<\/p>\n<h2>\u2026 und erobern jeden Wassermann im Sturm!<\/h2>\n<p>M\u00f6chten Sie einen Wassermann erobern, ihn von sich einnehmen, so dass sie sich unweigerlich in sein Herz schleichen und er seinen Hang zu Unverbindlichkeit umgehend f\u00fcr sie \u00fcber Bord wirft?<\/p>\n<p>Mit einer Mischung aus Empathie, Scharfsinn, Humor, Authentizit\u00e4t, Liebensw\u00fcrdigkeit, Kreativit\u00e4t und Selbstbewusstsein gelingt diese Mission!<\/p>\n","protected":false},"excerpt":{"rendered":"<p>Erobern Sie erfolgreich ihren pers\u00f6nlichen Traumpartner\u2026 Die Vision vom erfolgreichen Suchen und Finden der wahrhaftigen Liebe treibt Singles aller Alters-<\/p>\n","protected":false},"author":3,"featured_media":896,"parent":0,"menu_order":0,"comment_status":"closed","ping_status":"closed","template":"","meta":{"footnotes":""},"class_list":["post-895","page","type-page","status-publish","has-post-thumbnail","hentry","comments-off"],"aioseo_notices":[],"_links":{"self":[{"href":"https:\/\/www.elflirt.de\/magazin\/wp-json\/wp\/v2\/pages\/895","targetHints":{"allow":["GET"]}}],"collection":[{"href":"https:\/\/www.elflirt.de\/magazin\/wp-json\/wp\/v2\/pages"}],"about":[{"href":"https:\/\/www.elflirt.de\/magazin\/wp-json\/wp\/v2\/types\/page"}],"author":[{"embeddable":true,"href":"https:\/\/www.elflirt.de\/magazin\/wp-json\/wp\/v2\/users\/3"}],"replies":[{"embeddable":true,"href":"https:\/\/www.elflirt.de\/magazin\/wp-json\/wp\/v2\/comments?post=895"}],"version-history":[{"count":1,"href":"https:\/\/www.elflirt.de\/magazin\/wp-json\/wp\/v2\/pages\/895\/revisions"}],"predecessor-version":[{"id":897,"href":"https:\/\/www.elflirt.de\/magazin\/wp-json\/wp\/v2\/pages\/895\/revisions\/897"}],"wp:featuredmedia":[{"embeddable":true,"href":"https:\/\/www.elflirt.de\/magazin\/wp-json\/wp\/v2\/media\/896"}],"wp:attachment":[{"href":"https:\/\/www.elflirt.de\/magazin\/wp-json\/wp\/v2\/media?parent=895"}],"curies":[{"name":"wp","href":"https:\/\/api.w.org\/{rel}","templated":true}]}}