{"id":902,"date":"2022-02-11T13:11:35","date_gmt":"2022-02-11T12:11:35","guid":{"rendered":"https:\/\/www.elflirt.de\/magazin\/?page_id=902"},"modified":"2023-10-06T18:31:15","modified_gmt":"2023-10-06T16:31:15","slug":"skorpion-mann-erobern","status":"publish","type":"page","link":"https:\/\/www.elflirt.de\/magazin\/skorpion-mann-erobern\/","title":{"rendered":"Skorpion Mann erobern &#8211; So knacken Sie ihn"},"content":{"rendered":"<h2>Wie erobert man einen Skorpion Mann?<\/h2>\n<p>Um ihn dauerhaft zu erobern, muss man wissen wie er tickt. Denn die im <a href=\"https:\/\/www.elflirt.de\/lexikon\/liebe-im-zeichen-der-sternzeichen.php\">Sternzeichen<\/a> des Skorpions geborenen M\u00e4nner haben einige besondere Eigenschaften, die sie kennen sollten, wenn sie sein Interesse wecken will.<\/p>\n<h2><strong>Wie ist der Skorpion Mann?<\/strong><\/h2>\n<p>Sehr leidenschaftlich! Er besitzt eine au\u00dferordentlich leidenschaftliche Natur mit starker Sinnlichkeit und Neigung zu erotischen Extremen. Nicht umsonst gilt er unter den Sternzeichen als der beste Liebhaber. Wenn es Eva gelingt diese Leidenschaft zu wecken, hat sie schon die halbe Miete. Doch jede Medaille hat bekanntlich auch eine Kehrseite.<\/p>\n<p>Diese auf der einen Seite beeindruckende Leidenschaftlichkeit macht den Skorpion-Mann auf der anderen Seite unangenehm <a href=\"https:\/\/www.elflirt.de\/magazin\/eifersucht\/\">eifers\u00fcchtig<\/a>. In dieser Hinsicht ist mit einem Skorpion Mann nicht gut Kirschen essen. Die Frau, die ein Skorpion Mann einmal erw\u00e4hlt hat und liebt, betrachtet er als sein uneingeschr\u00e4nktes Eigentum.<\/p>\n<p>Er nimmt sie in Besitz mit Haut und Haaren. Doch tief in seiner Seele schlummert ein ewiges Misstrauen, das seinem ausgepr\u00e4gten Stolz und seiner gro\u00dfen Eigenliebe geschuldet ist. Dieses Misstrauen ist st\u00e4ndig wach und wittert er nur leisen Verdacht, so kommt seine extrem ausgepr\u00e4gte Eifersucht und sein beleidigter, pers\u00f6nlicher Stolz zum Durchbruch.<\/p>\n<p>Wenn sie ohne Zerw\u00fcrfnis mit dem Skorpion auskommen wollen, sollten sie die Beziehung mit ihm genauso ernst nehmen wie er selbst auch. Der Skorpion Mann hat unbeugsame Grunds\u00e4tze und w\u00fcrde niemals gegen das versto\u00dfen was er im Prinzip von der Frau verlangt: absolute <a href=\"https:\/\/www.elflirt.de\/magazin\/treu-bleiben\/\">Treue<\/a>.<\/p>\n<h2><strong>Wie kann das Herz eines Skorpion Mannes erobert werden?<\/strong><\/h2>\n<p>Um einen Skorpion Mann f\u00fcr sich zu gewinnen, gibt es einige Regeln, die sie beherzigen sollten, um Erfolg zu haben. So knacken Sie ihn:<\/p>\n<ol>\n<li>Regel: Der schlimmste Fehler, den sie begehen k\u00f6nnen, um einen Skorpion Mann zu erobern, ist, jemand zu sein, der sie nicht sind. Im Sternzeichen des Skorpion geborene M\u00e4nner haben einen eingebauten L\u00fcgendetektor und entlarven jeden Schwindel schon im Keim. Am besten ist es also, wenn Sie ihn mit ihren wirklichen St\u00e4rken faszinieren.<\/li>\n<li>Regel: Wenn sie einem Skorpion Mann das erste Mal begegnen und sein Interesse gewinnen wollen, zeigen sie sich am besten etwas verschlossen, unnahbar und geheimnisvoll. Das wird ihn neugierig machen. Eine Aura des Geheimnisvollen und Unnahbaren zieht jeden Skorpion unwiderstehlich an. Er wird versuchen sie zu ergr\u00fcnden.<\/li>\n<li>Regel: Der Skorpion Mann glaubt an das Lebensrezept Hammer und Amboss, wobei er nat\u00fcrlich der Hammer ist. Wenn sie ihn erobern wollen vergessen sie erstmal alle feministischen Ideen von Gleichberechtigung. Das beeindruckt einen Skorpion Mann \u00fcberhaupt nicht. Bei Frauen mit zu starkem Temperament und Unabh\u00e4ngigkeitssinn kann jede anf\u00e4ngliche Sympathie j\u00e4h umschlagen. Statt ihn nach seiner Telefonnummer zu fragen, geben sie ihm ihre. Oder lassen Sie ihn zum Beispiel <a href=\"https:\/\/www.elflirt.de\/lexikon\/der-richtige-ort-fuers-erste-date.php\">den Ort des ersten Dates<\/a> selber aussuchen.<\/li>\n<li>Regel: Haben sie es bis zum ersten Date geschafft, dann ist ein gutes Gespr\u00e4ch das ah und oh. Der Skorpion liebt offene, tiefgr\u00fcndige Gespr\u00e4che. Oberfl\u00e4chlichkeiten hasst er. Unterhalten Sie sich mit ihm auf Augenh\u00f6he, seien sie witzig und geistreich, aber fragen sie ihn nicht nach seiner Vergangenheit. Das mag er \u00fcberhaupt nicht. Finden Sie heraus, \u00fcber was er am leidenschaftlichsten spricht und zeigen sie Interesse, indem sie bei dem Thema bleiben. Ein gutes Gespr\u00e4chsthema sind z.B. Kinder. Ein Skorpion Mann will gerne Kinder haben. Wenn sie das kommunizieren, haben sie bei ihm schon den ersten Stein im Brett.<\/li>\n<li>Regel: In der ersten Phase des<a href=\"https:\/\/www.elflirt.de\/magazin\/fragen-zum-kennenlernen\/\"> Kennenlernens<\/a> will der Skorpion Mann wissen mit wem er es zu tun hat. Dabei will er alles \u00fcber sie wissen, ohne aber alles von sich selber preiszugeben. Er hinterfragt liebend gerne die verborgenen Abgr\u00fcnde seiner Gespr\u00e4chspartnerin. Sei einfach offen und ehrlich aber versuche ihn nicht zu t\u00e4uschen. Der Skorpion hat den ber\u00fchmten sechsten Sinn und w\u00fcrde jede L\u00fcge sofort durchschauen.<\/li>\n<li>Regel: Das richtige Styling beim ersten Date kann auch weiterhelfen. Tragen Sie z.B. ein schwarzes Kleid. Wer Schwarz tr\u00e4gt, wirkt auf andere Menschen seri\u00f6s, ehrgeizig, selbstbewusst und intelligent. Allesamt Eigenschaften die der Skorpion Mann liebt. Wenn er Sie im schwarzen Kleid sieht, wird er bestimmt neugierig und alles weitere ergibt sich von selbst.<\/li>\n<\/ol>\n<p>Ein Mann zum Spielen ist der Skorpion jedoch nicht. Wenn sie nur eine Aff\u00e4re suchen, lassen sie lieber die Finger von ihm. Was von ihnen vielleicht nur als Flirt gedacht war, wird bei ihm blutiger Ernst. Denn er kennt nur ein Prinzip: alles oder nichts!<\/p>\n<h2><strong>Und was geschieht danach?<\/strong><\/h2>\n<p>Nun haben sie ihren Skorpion Mann erobert, nun wollen sie ihn auch behalten. Dann sollten sie noch folgendes \u00fcber den Skorpion-Mann wissen. Skorpion M\u00e4nner sch\u00e4tzen an der Frau in erster Linie das wirklich Weibliche: eine tiefe Herzens- und Gem\u00fctsveranlagung und nicht zuletzt das m\u00fctterliche Prinzip.<\/p>\n<p>Wenn sie eine Frau sind, die in ihrem Charakter jene frauliche und m\u00fctterliche Note besitzt, nach der sich ein Skorpion sehnt, haben sie gro\u00dfe Chancen sein Herz nicht nur zu gewinnen, sondern auch zu behalten.<\/p>\n<ol>\n<li>Machen Sie ihn niemals eifers\u00fcchtig. Es w\u00e4re ein gro\u00dfer Fehler diese stark ausgepr\u00e4gte Wesensveranlagung zu wecken. Der Skorpion ist ein Othello, der jede fremde Einmischung in seine Beziehung unter gar keinen Umst\u00e4nden duldet und Verfehlungen unerbittlich ahndet.<\/li>\n<li>Widersprechen Sie ihm nicht all Zuviel. Der Skorpion Mann hat nie im Sinn nachzugeben und er w\u00fcrde es auch nie lernen. Gegen die angeborene Kampfnatur und Entschlusskraft des Skorpions hilft nur Anpassungsf\u00e4higkeit und friedliche Koexistenz.<\/li>\n<\/ol>\n","protected":false},"excerpt":{"rendered":"<p>Wie erobert man einen Skorpion Mann? Um ihn dauerhaft zu erobern, muss man wissen wie er tickt. Denn die im<\/p>\n","protected":false},"author":3,"featured_media":904,"parent":0,"menu_order":0,"comment_status":"closed","ping_status":"closed","template":"","meta":{"footnotes":""},"class_list":["post-902","page","type-page","status-publish","has-post-thumbnail","hentry","comments-off"],"aioseo_notices":[],"_links":{"self":[{"href":"https:\/\/www.elflirt.de\/magazin\/wp-json\/wp\/v2\/pages\/902","targetHints":{"allow":["GET"]}}],"collection":[{"href":"https:\/\/www.elflirt.de\/magazin\/wp-json\/wp\/v2\/pages"}],"about":[{"href":"https:\/\/www.elflirt.de\/magazin\/wp-json\/wp\/v2\/types\/page"}],"author":[{"embeddable":true,"href":"https:\/\/www.elflirt.de\/magazin\/wp-json\/wp\/v2\/users\/3"}],"replies":[{"embeddable":true,"href":"https:\/\/www.elflirt.de\/magazin\/wp-json\/wp\/v2\/comments?post=902"}],"version-history":[{"count":3,"href":"https:\/\/www.elflirt.de\/magazin\/wp-json\/wp\/v2\/pages\/902\/revisions"}],"predecessor-version":[{"id":1133,"href":"https:\/\/www.elflirt.de\/magazin\/wp-json\/wp\/v2\/pages\/902\/revisions\/1133"}],"wp:featuredmedia":[{"embeddable":true,"href":"https:\/\/www.elflirt.de\/magazin\/wp-json\/wp\/v2\/media\/904"}],"wp:attachment":[{"href":"https:\/\/www.elflirt.de\/magazin\/wp-json\/wp\/v2\/media?parent=902"}],"curies":[{"name":"wp","href":"https:\/\/api.w.org\/{rel}","templated":true}]}}