{"id":908,"date":"2022-02-11T13:31:18","date_gmt":"2022-02-11T12:31:18","guid":{"rendered":"https:\/\/www.elflirt.de\/magazin\/?page_id=908"},"modified":"2022-02-11T13:31:18","modified_gmt":"2022-02-11T12:31:18","slug":"zwilling-frau-erobern","status":"publish","type":"page","link":"https:\/\/www.elflirt.de\/magazin\/zwilling-frau-erobern\/","title":{"rendered":"Zwilling Frau erobern &#8211; So gewinnen Sie ihr Herz"},"content":{"rendered":"<p>Frauen, die im Sternbild der Zwilling geboren sind, verk\u00f6rpern die energiegeladenen Luftzeichen, wie kaum ein anderes Zeichen. Zwilling-Frauen sind freundlich, eloquent und geistreich \u2013 leider dabei aber auch sehr unbest\u00e4ndig und flatterhaft. Wenn ein potenzieller Partner versucht, dieses wilde Wesen in einen K\u00e4fig zu sperren, dann wird dieser relativ schnell entt\u00e4uscht werden.<\/p>\n<h2>Das ist die Zwilling Frau<\/h2>\n<p>Der Geburtstag der Zwilling Frau ist im Sommer oder im Fr\u00fchling. Deswegen ist auch ihr Charakter genauso wie die tollen Jahreszeiten: Erfrischend, luftig, leidenschaftlich, quirlig aber auch wechselhaft. Mit dieser Frau kann man unfassbar viel Spa\u00df haben, allerdings neigt sie zur Oberfl\u00e4chlichkeit. Ob diese Charaktereigenschaft wirklich bei allen Zwilling Frauen so stark ausgepr\u00e4gt ist, wie ihr nachgesagt wird, muss jeder f\u00fcr sich selber herausfinden. Hier gilt, dass nicht nur die stillen Wasser \u00e4u\u00dferst tief sind.<\/p>\n<p>Die Pers\u00f6nlichkeit der Zwilling Frau ist energiegeladen, deshalb liebt sie es, st\u00e4ndig unterwegs zu sein. Lebenslust und Charme sind ihr einfach ins Gesicht geschrieben \u2013 jedenfalls auf eines der vielen Gesichter. M\u00e4nner, die nicht in der Lage sind, mit ihrem schnellen Geist und ihrem Verstand mitzuhalten, k\u00f6nnen die Zwilling Frau auch als ungeduldig erleben. Der Respekt geht dabei allerdings niemals verloren.<\/p>\n<p>Ein peinliches Schweigen ist mit Frauen, die im Sternbild Zwilling geboren sind, bei einem Date kaum zu erwarten, denn sie ist charmant und \u00e4u\u00dferst gesellig. Das Gespr\u00e4ch wird locker und ohne Anstrengung flie\u00dfen, denn es gibt eine unendliche Liste an Themen, an denen die Zwilling Frau interessiert ist. Das Herstellen von neuen Kontakten f\u00e4llt den Frauen dieses Sternzeichens sehr leicht, sodass sie auch in der Lage ist, sch\u00fcchtern Menschen schnell das ein oder andere Geheimnis zu entlocken. Allerdings ist sie nicht nur eine gute Rednerin, sondern mindestens eine ebenso tolle Zuh\u00f6rerin. Schnell stellt sich hier ein Gef\u00fchl der Vertrautheit ein und w\u00fcrde \u00fcberall hin mit ihr gehen. Dabei schafft es die Zwilling Frau \u00fcber sich selbst nur wenig zu verraten.<\/p>\n<p>Gut beraten sind diejenigen, die sich auf keine Diskussion mit einer Frau, die im <a href=\"https:\/\/www.elflirt.de\/lexikon\/liebe-im-zeichen-der-sternzeichen.php\">Sternzeichen<\/a> Zwilling geboren ist, einlassen. Zwar macht das diskutieren mit dieser Partnerin gro\u00dfen Spa\u00df, dennoch zieht Man(n) hier leicht den k\u00fcrzeren. Durch den leichten und luftigen Charakter gibt es nach einer Diskussion oder einem Streit allerdings kein langes Schweigen oder Schmollen \u2013 nachtragend sind die Zwilling Frauen n\u00e4mlich \u00fcberhaupt nicht. Aufkommende Konflikte werden von ihr gerne mit Leichtigkeit und Humor gel\u00f6st. Dennoch sollte von einem Streit abgesehen werden, da die Frauen sehr klug und intelligent sind und damit fast jeden Streit f\u00fcr sich gewinnen. Die Denkweise ist clever und schnell, sodass andere hier kaum mithalten k\u00f6nnen.<\/p>\n<p>Nat\u00fcrlich enth\u00e4lt die Liste der Eigenschaften der Zwilling Frau nicht nur positive Charaktereigenschaften. Durch ihr quirliges und aktives Wesen neigt sie dazu, sich mit Entscheidungen schwer zu tun und eine Flatterhaftigkeit an den Tag zu legen. Das bedeutet, dass ihre Leidenschaft f\u00fcr einen Partner genauso schnell vergehen kann, wie sie gekommen ist \u2013 besonders dann, wenn an irgendeiner Ecke bereits etwas neues und aufregendes lockt. Best\u00e4ndigkeit und Ausdauer sind keine typischen Eigenschaften einer Zwilling Frau.<\/p>\n<h2>So liebt die Zwilling Frau<\/h2>\n<p>Die Liebe ist f\u00fcr die Frauen des Sternzeichen Zwillings kein ernstes Thema. Sie verlieben sich oft in dem Bruchteil einer Sekunde. Es f\u00e4llt ihr allerdings schwer, lange bei nur einem Partner zu bleiben. Das bedeutet allerdings nicht, dass die Zwilling Frau, die ihre Freiheit sehr sch\u00e4tzt, nicht dazu in der Lage ist, auch eine gl\u00fcckliche und langfristige Beziehung zu f\u00fchren. Daf\u00fcr muss sie allerdings einen Partner finden, der mindestens genauso viel Leidenschaft in sich tr\u00e4gt, wie sie selbst. Dar\u00fcber hinaus muss auch das geistige Niveau der beiden Partner unbedingt zusammen passen. Wenn dies der Fall ist, kann die Zwilling Frau wirklich eine absolute Traumpartnerin sein und ihrem Partner viel Spa\u00df und Liebe schenken.<\/p>\n<h2>Welche anderen Zeichen passen zu Frauen des Sternzeichen Zwilling?<\/h2>\n<p>Auf einer Wellenl\u00e4nge ist die Zwilling Frau in jedem Fall mit dem <a href=\"https:\/\/www.elflirt.de\/magazin\/wassermann-mann-erobern\/\">Wassermann<\/a>. Diese beiden k\u00f6nnen ohne Probleme zusammen die Welt erobern. Kluge Waagen bereichern das Leben der Zwilling Frauen ebenfalls sehr. Denn diese sind ihr intellektuell ebenb\u00fcrtig. Auch auf einer sexuellen Ebene harmonieren diese beiden sehr gut miteinander.<\/p>\n<p>Stets in Atem halten auch die <a href=\"https:\/\/www.elflirt.de\/magazin\/widder-mann-erobern\/\">Widder<\/a> die Zwilling Damen. Hier besteht eine sehr gro\u00dfe Anziehungskraft zwischen den beiden. Allerdings gibt es das Problem, dass der Widder sehr rechthaberisch ist, damit kommt der Zwilling nicht allzu gut klar \u2013 schlie\u00dflich hat die Zwilling Frau immer recht!<\/p>\n<h2>Das Herz der Zwillingsgeborenen erobern \u2013 So geht es<\/h2>\n<p>Frauen im Sternbild Zwilling lieben das <a href=\"https:\/\/www.elflirt.de\/magazin\/flirten\/\">Flirten<\/a>. Wenn ein attraktiver potentieller Partner auftaucht, der sowohl ihren Intellekt anspricht als auch charmant ist, dann kann sie sich sehr schnell verlieben. Allerdings kann die schnell entfachte Zuneigung sich auch schnell wieder in Luft aufl\u00f6sen. Bei Laune gehalten werden k\u00f6nnen die Zwilling Frauen nur, wenn kein langweiliger Alltag oder Routine entsteht. Ein guter Tipp ist es also, sie stets neu zu \u00fcberraschen. Au\u00dferdem sollte sich der potentielle Partner nicht gehen lassen \u2013 sowohl geistig, als auch k\u00f6rperlich. Er sollte immer bestrebt sein, sich selbst weiterzuentwickeln und bei allen wichtigen Themen auf dem neuesten Stand sein.<\/p>\n<p>Die Zwilling Frau erhebt keinen Anspruch darauf, dass die Liebe f\u00fcr die Ewigkeit halten muss. Das passt besonders gut zu Menschen, die auch kein Beziehungstyp sind und enge, langfristige Bindungen eher ausschlie\u00dfen. Der pers\u00f6nliche Freiraum sollte einer Zwillingsfrau niemals genommen werden, ansonsten werden in der Partnerschaft sehr schnell Probleme auftauchen. Vielleicht l\u00e4sst sich dies auf eine gewisse Oberfl\u00e4chlichkeit zur\u00fcckf\u00fchren, allerdings kommt mit dieser Frau mit Sicherheit nicht so schnell Langweile auf. Ein Fehler w\u00e4re es, die Frau zu schnell mit gro\u00dfen Gef\u00fchlsbekundungen zu \u00fcberh\u00e4ufen oder die eigenen Hobbys stark f\u00fcr sie einzuschr\u00e4nken. Ein redegewandter und interessanter Mann kann dennoch definitiv das Herz der Zwillingsfrauen erobern.<\/p>\n","protected":false},"excerpt":{"rendered":"<p>Frauen, die im Sternbild der Zwilling geboren sind, verk\u00f6rpern die energiegeladenen Luftzeichen, wie kaum ein anderes Zeichen. Zwilling-Frauen sind freundlich,<\/p>\n","protected":false},"author":3,"featured_media":909,"parent":0,"menu_order":0,"comment_status":"closed","ping_status":"closed","template":"","meta":{"footnotes":""},"class_list":["post-908","page","type-page","status-publish","has-post-thumbnail","hentry","comments-off"],"aioseo_notices":[],"_links":{"self":[{"href":"https:\/\/www.elflirt.de\/magazin\/wp-json\/wp\/v2\/pages\/908","targetHints":{"allow":["GET"]}}],"collection":[{"href":"https:\/\/www.elflirt.de\/magazin\/wp-json\/wp\/v2\/pages"}],"about":[{"href":"https:\/\/www.elflirt.de\/magazin\/wp-json\/wp\/v2\/types\/page"}],"author":[{"embeddable":true,"href":"https:\/\/www.elflirt.de\/magazin\/wp-json\/wp\/v2\/users\/3"}],"replies":[{"embeddable":true,"href":"https:\/\/www.elflirt.de\/magazin\/wp-json\/wp\/v2\/comments?post=908"}],"version-history":[{"count":1,"href":"https:\/\/www.elflirt.de\/magazin\/wp-json\/wp\/v2\/pages\/908\/revisions"}],"predecessor-version":[{"id":910,"href":"https:\/\/www.elflirt.de\/magazin\/wp-json\/wp\/v2\/pages\/908\/revisions\/910"}],"wp:featuredmedia":[{"embeddable":true,"href":"https:\/\/www.elflirt.de\/magazin\/wp-json\/wp\/v2\/media\/909"}],"wp:attachment":[{"href":"https:\/\/www.elflirt.de\/magazin\/wp-json\/wp\/v2\/media?parent=908"}],"curies":[{"name":"wp","href":"https:\/\/api.w.org\/{rel}","templated":true}]}}