{"id":911,"date":"2022-02-11T13:53:37","date_gmt":"2022-02-11T12:53:37","guid":{"rendered":"https:\/\/www.elflirt.de\/magazin\/?page_id=911"},"modified":"2022-02-11T14:27:59","modified_gmt":"2022-02-11T13:27:59","slug":"fische-mann-erobern","status":"publish","type":"page","link":"https:\/\/www.elflirt.de\/magazin\/fische-mann-erobern\/","title":{"rendered":"Fische Mann erobern &#8211; So stellen sie es an"},"content":{"rendered":"<h2>Allgemeines zum Sternzeichen Fische und wie sie erobert werden k\u00f6nnen<\/h2>\n<p>In dem heutigen Text geht es darum, wie Sie einen Fische-Mann erobern k\u00f6nnen. Bevor Sie einen Fische-Mann daten m\u00f6chten, sollten Sie sich ausf\u00fchrlich mit dem Sternzeichen Fische und den Charakter befassen. Fische-M\u00e4nner sind <a href=\"https:\/\/www.elflirt.de\/magazin\/schuechterne-frauen-und-maenner\/\">sch\u00fcchtern<\/a>, ruhig und etwas vertr\u00e4umt. Es ist nicht verwunderlich, dass Sie ihn anziehend finden, da Fische-M\u00e4ner h\u00e4ufig geheimnisvoll und leicht zerstreut wirken, wodurch sie anziehend f\u00fcr das weibliche Geschlecht sind. Ein weiterer Faktor, warum Sie einen Fische-Mann daten sollten, ist seine gutm\u00fctige Art. Er ist ein &#8220;Ja-Sager&#8220; und kann nur sehr schwer nein sagen, wenn seine Familie, Freunde oder seine Freundin etwas von ihm m\u00f6chten.<\/p>\n<h2>So erobern Sie einen Fische-Mann<\/h2>\n<p>Nutzen Sie seinen gutm\u00fctigen Charakter, um einen ersten Kontakt herzustellen. Fragen Sie ihn einfach, ob er Ihnen eine schwere Tasche tragen k\u00f6nnte oder bitten Sie ihn allgemein um Rat, wenn Sie eine bestimmte Frage haben. Laden Sie ihn danach einfach auf einen Kaffee oder Tee ein. Es ist sehr wahrscheinlich, dass er diese Einladung nicht ablehnen wird, auch wenn es am Anfang vielleicht noch aus H\u00f6flichkeit ist.<\/p>\n<p>Jetzt m\u00fcssen Sie den Fische-Mann auf seine Art und Weise beeindrucken, indem Sie das Thema auf Fantasie oder <a href=\"https:\/\/www.elflirt.de\/lexikon\/romantische-ideen.php\">Romantik<\/a> bringen. Tauschen Sie sich \u00fcber Tr\u00e4ume aus, oder ob er sich etwas Spezielles w\u00fcnscht. Jetzt wird der Fische-Mann es definitiv nicht mehr bereuen, mit Ihnen einen Kaffee zu trinken. \u00dcberzeugen Sie ihn endg\u00fcltig mit einem zweiten &#8220;Date&#8220; mit Essen in einem nostalgischen oder authentischen Restaurant oder mit einem einfachem Dinner bei Kerzenschein.<\/p>\n<p>Fische-M\u00e4nner sind von Natur aus sehr sch\u00fcchtern. Selbst wenn er sich zu Ihnen hingezogen f\u00fchlt, wird er nur in seltenen F\u00e4llen den ersten Schritt machen. Er m\u00f6chte die sch\u00f6ne Stimmung und die Situation nicht durch forsches Agieren zerst\u00f6ren. Also k\u00f6nnen Sie die Initiative ergreifen, wenn der richtige Augenblick kommt. Wenn die Stimmung ihren romantischen H\u00f6hepunkt erreicht hat, scheuen Sie sich nicht ihn zu k\u00fcssen. K\u00fcssen Sie ihn sanft und z\u00e4rtlich und er wird Ihren Kuss erwidern. F\u00fcr den Fische-Mann ist das der perfekte Moment, da ihm vieles abgenommen wird. Er kann gar nicht anders, als sich in Sie zu verlieben.<\/p>\n<h2>Worauf sollten Sie beim Date achten?<\/h2>\n<h3>Styling<\/h3>\n<p>Haben Sie ihn beim Kaffee trinken von sich \u00fcberzeugt, steht dem ersten richtigen Date nichts mehr im Weg. Putzen Sie sich f\u00fcr das erste Date richtig heraus. Ein Fische-Mann wird Sie so m\u00f6gen, wie Sie sind. Doch investieren Sie Zeit in das Styling und das Outfit und zeigen Sie ihm ruhig, was Sie zu bieten haben. Au\u00dferdem werden Sie sich in einem sch\u00f6nen Abendkleid, oder einer schicken Abendbekleidung noch wohler und selbstsicherer f\u00fchlen. Dieses Selbstbewusstsein sp\u00fcrt auch der Fische-Mann, der noch mehr interessiert sein wird.<\/p>\n<p>Achten Sie beim Make-Up darauf, dass Sie nicht zu viel auftragen. Sie d\u00fcrfen gerne sexy aussehen, nur nicht zu k\u00fcnstlich. Nehmen Sie vor allem nat\u00fcrliche Hautt\u00f6ne, um Ihre Augen noch mehr zu pr\u00e4sentieren. Wichtig ist aber, dass es immer noch nat\u00fcrlich aussieht. Bei den Lippen sollten Sie sich f\u00fcr einen sch\u00f6nen warmen roten Lippenstift entscheiden, mit dem Sie noch verf\u00fchrerischer wirken.<\/p>\n<p>Bei der Kleidung k\u00f6nnen Sie einfach schicke Sachen anziehen, in denen Sie sich wohl f\u00fchlen. Achten Sie aber darauf, dass es nicht zu freiz\u00fcgig ist.<\/p>\n<h3>Wo sollten Sie sich verabreden?<\/h3>\n<p>Wie bereits erw\u00e4hnt m\u00f6gen Fische-M\u00e4nner authentische und nostalgische Umgebungen. Sie k\u00f6nnen sich in einem Restaurant treffen, in dem es relativ ruhig ist und viel Wert auf das Interior gelegt wird. Fische-M\u00e4nner lieben au\u00dferdem die Natur und vor allem das Wasser. Ein Pick-Nick im Freien mit einem Spaziergang am Wasser (Meer oder Fluss) wird der Fische-Mann auch m\u00f6gen. Oder verbinden Sie eine Reservierung in einem sch\u00f6nen Restaurant mit einem Spaziergang am Wasser.<\/p>\n<p>Das Restaurant muss nicht teuer sein. Versuchen Sie auf keinen Fall, einen Fische-Mann mit materiellen Sachen zu beeindrucken. Fische-M\u00e4nner legen beim Date viel Wert darauf, Sie kennen zu lernen, nicht wie gro\u00df Ihr Haus oder wie hoch Ihr monatliches Einkommen ist.<\/p>\n<h3>Gespr\u00e4chsthemen<\/h3>\n<p>Sie haben sich verabredet, er hat Sie wom\u00f6glich abgeholt und jetzt sitzen sie beide im Restaurant ihrer Wahl. Doch \u00fcber welche Themen k\u00f6nnen Sie sich nun unterhalten?<\/p>\n<p>Fische-M\u00e4nner sind sehr emotional und spirituell veranlagt. Au\u00dferdem prahlen sie nicht gerne und sind sehr bescheiden. Bitten Sie ihn einfach, von sich zu erz\u00e4hlen. Hierbei ist wichtig, dass Sie ihm aufmerksam zuh\u00f6ren und quasi an seinen Lippen kleben. Gehen Sie zwischendurch auf die Themen ein, um Ihr Interesse zu zeigen. Er wird sich sehr dar\u00fcber freuen und noch mehr von sich Preis geben.<\/p>\n<p>Jetzt sind Sie an der Reihe. Seien Sie kreativ und erz\u00e4hlen Sie von sich selbst. Heben Sie hierbei besondere F\u00e4higkeiten, die Ihre Kreativit\u00e4t zum Vorschein bringen, hervor. Mit Empathie und Mitgef\u00fchl f\u00fcr ehrenamtliche T\u00e4tigkeiten k\u00f6nnen Sie weiterhin bei ihm punkten. Ein Fische-Mann ist ein Familienmensch, der immer f\u00fcr Familie und Freunde da ist. Ihn wird Ihre f\u00fcrsorgliche Art beeindrucken.<\/p>\n<p>Machen Sie nach dem Essen noch einen sch\u00f6nen Spaziergang und unterhalten sich weiter, um noch mehr voneinander zu erfahren. Wenn sich die Gelegenheit ergibt, k\u00f6nnen Sie ihn am Ende des Dates auch k\u00fcssen.<\/p>\n<p>Jetzt steht einer Beziehung nichts mehr im Wege.<\/p>\n","protected":false},"excerpt":{"rendered":"<p>Allgemeines zum Sternzeichen Fische und wie sie erobert werden k\u00f6nnen In dem heutigen Text geht es darum, wie Sie einen<\/p>\n","protected":false},"author":3,"featured_media":912,"parent":0,"menu_order":0,"comment_status":"closed","ping_status":"closed","template":"","meta":{"footnotes":""},"class_list":["post-911","page","type-page","status-publish","has-post-thumbnail","hentry","comments-off"],"aioseo_notices":[],"_links":{"self":[{"href":"https:\/\/www.elflirt.de\/magazin\/wp-json\/wp\/v2\/pages\/911","targetHints":{"allow":["GET"]}}],"collection":[{"href":"https:\/\/www.elflirt.de\/magazin\/wp-json\/wp\/v2\/pages"}],"about":[{"href":"https:\/\/www.elflirt.de\/magazin\/wp-json\/wp\/v2\/types\/page"}],"author":[{"embeddable":true,"href":"https:\/\/www.elflirt.de\/magazin\/wp-json\/wp\/v2\/users\/3"}],"replies":[{"embeddable":true,"href":"https:\/\/www.elflirt.de\/magazin\/wp-json\/wp\/v2\/comments?post=911"}],"version-history":[{"count":1,"href":"https:\/\/www.elflirt.de\/magazin\/wp-json\/wp\/v2\/pages\/911\/revisions"}],"predecessor-version":[{"id":913,"href":"https:\/\/www.elflirt.de\/magazin\/wp-json\/wp\/v2\/pages\/911\/revisions\/913"}],"wp:featuredmedia":[{"embeddable":true,"href":"https:\/\/www.elflirt.de\/magazin\/wp-json\/wp\/v2\/media\/912"}],"wp:attachment":[{"href":"https:\/\/www.elflirt.de\/magazin\/wp-json\/wp\/v2\/media?parent=911"}],"curies":[{"name":"wp","href":"https:\/\/api.w.org\/{rel}","templated":true}]}}